{"id":5140,"date":"2023-04-24T08:36:45","date_gmt":"2023-04-24T08:36:45","guid":{"rendered":"https:\/\/leny.april8.org\/?page_id=5140"},"modified":"2025-10-07T08:50:41","modified_gmt":"2025-10-07T08:50:41","slug":"unsere-geschichte","status":"publish","type":"page","link":"http:\/\/leny.eu\/de\/unsere-geschichte\/","title":{"rendered":"Unsere Geschichte"},"content":{"rendered":"\n<p>Es begann irgendwo in Gorenjska, als Mojca und Matja\u017e f\u00fcr ihre Kinder Hosen n\u00e4hten. Und noch eine. Ganz viele davon. Es war 1987, als das erste Paar Leny-Hosen das Licht der Welt erblickte und zu einem Must-have der Zeit wurde. In mehr als 35 Jahren haben sie turbulente soziale und wirtschaftliche Zeiten erlebt. Und \u00fcberlebten.<\/p>\n\n\n\n<h3 class=\"wp-block-heading\">2022.<\/h3>\n\n\n\n<p>Eine neue \u00c4ra, neue Werte und ein neuer Eigent\u00fcmer. Uro\u0161 ist einer derjenigen, die an slowenische Tradition, Wissen und Erfolgsgeschichten glauben. Er versteht eine Welt, die sich um Nachhaltigkeit dreht, also erweckt er unzerst\u00f6rbare Leny-Hosen zum Leben. F\u00fcr sie w\u00e4hlt er nur Materialien h\u00f6chster Qualit\u00e4t von europ\u00e4ischen Lieferanten aus, vom Stoff \u00fcber Rei\u00dfverschl\u00fcsse bis hin zum Faden. Sie werden von einer Schneidermeisterin hergestellt, die die Fertigkeiten des Schneidens und N\u00e4hens beherrscht und ihr Wissen weitergibt. Leny Hosen sind seit jeher ein Synonym f\u00fcr Qualit\u00e4t und Vielseitigkeit, wie neue, moderne Modelle belegen, die zu jeder Gelegenheit getragen werden k\u00f6nnen \u2013 im B\u00fcro oder auf dem Spielplatz.<\/p>\n\n\n\n<h3 class=\"wp-block-heading\">Hosen f\u00fcr alle Gelegenheiten<\/h3>\n\n\n\n<p>Das Tempo des Lebens gebietet, dass wir jeden Tag mehrere Aktivit\u00e4ten und Meetings durchf\u00fchren, sowohl gesch\u00e4ftlich als auch privat. Das bedeutet, dass das Sortiment unserer Kleidung st\u00e4ndig zwischen angebracht und bequem variiert. Aber wenn wir multifunktional sind, warum sollte unsere Kleidung dann nicht multifunktional sein? Stellen Sie sich zum Beispiel einen Architekten in Sakko und Leny-Hose bei einem Gesch\u00e4ftstreffen mit einem Kunden vor. Angebracht. Aber kann derselbe Architekt in zwei Stunden in seiner Leny-Hose eine Leiter auf einer Baustelle erklimmen? Kein Problem.<\/p>\n\n\n\n<h3 class=\"wp-block-heading\">Eine Win-Win-Kombination aus hochwertigen Materialien und Handwerkskunst<\/h3>\n\n\n\n<p>\u00dcberkonsum und das Prinzip von mehr f\u00fcr weniger sind seit langem auf dem Vormarsch. Die Leute kauften lieber billigere Produkte, weil sie sich mehr Kleidungsst\u00fccke leisten konnten. Das Problem entstand, als sie begannen, sich im Schrank anzusammeln, als die Hose nach dem ersten Waschen zu knittern begann oder wenn Hautausschl\u00e4ge auf der Haut auftraten, die auf minderwertige Materialien und den Einsatz von Chemikalien zur\u00fcckzuf\u00fchren waren.<\/p>\n\n\n\n<h3 class=\"wp-block-heading\">Klassischer Schnitt f\u00fcr nicht-klassische K\u00f6rpertypen<\/h3>\n\n\n\n<p>Inklusion ist heutzutage ein beliebtes Konzept und bezieht sich darauf, diejenigen zu unterst\u00fctzen, die unabh\u00e4ngig von Rasse, Alter oder Kleidergr\u00f6\u00dfe unterschiedlich sind. Leny ist ihr immer gefolgt. Leny diskriminiert nicht und gibt jedem die M\u00f6glichkeit, unsere Hose zu tragen. So sind Damenhosen bis Gr\u00f6\u00dfe 62 und Herrenhosen bis 70 erh\u00e4ltlich. Leny-Fans sind auch von der Tatsache beeindruckt, dass unsere N\u00e4herin beim Kauf in einem Laden die Hose k\u00fcrzt und an Ihren K\u00f6rpertyp anpasst.<\/p>\n\n\n\n<h3 class=\"wp-block-heading\">Interessante Fakten \u00fcber Leny Hosen:<\/h3>\n\n\n\n<ul class=\"wp-block-list\">\n<li>Leny-Hosen sind vollst\u00e4ndig in der EU, geschneidert und gen\u00e4ht.<\/li>\n\n\n\n<li>Lenys Geschichte begann mit (damals) innovativen Jeans mit elastischer Taille f\u00fcr Kinder.<\/li>\n\n\n\n<li>Leny-Hosen werden gewaschen, bevor sie in die Regale gelangen, damit sie nicht schrumpfen und keine Flecken auf der Haut hinterlassen.<\/li>\n<\/ul>\n","protected":false},"excerpt":{"rendered":"<p>Es begann irgendwo in Gorenjska, als Mojca und Matja\u017e f\u00fcr ihre Kinder Hosen n\u00e4hten. Und noch eine. Ganz viele davon. Es war 1987, als das erste Paar Leny-Hosen das Licht der Welt erblickte und zu einem Must-have der Zeit wurde. In mehr als 35 Jahren haben sie turbulente soziale und wirtschaftliche Zeiten erlebt. Und \u00fcberlebten.&hellip;<\/p>\n","protected":false},"author":4,"featured_media":0,"parent":0,"menu_order":0,"comment_status":"closed","ping_status":"closed","template":"","meta":{"footnotes":""},"class_list":["post-5140","page","type-page","status-publish","hentry"],"jetpack_sharing_enabled":true,"_links":{"self":[{"href":"http:\/\/leny.eu\/de\/wp-json\/wp\/v2\/pages\/5140","targetHints":{"allow":["GET"]}}],"collection":[{"href":"http:\/\/leny.eu\/de\/wp-json\/wp\/v2\/pages"}],"about":[{"href":"http:\/\/leny.eu\/de\/wp-json\/wp\/v2\/types\/page"}],"author":[{"embeddable":true,"href":"http:\/\/leny.eu\/de\/wp-json\/wp\/v2\/users\/4"}],"replies":[{"embeddable":true,"href":"http:\/\/leny.eu\/de\/wp-json\/wp\/v2\/comments?post=5140"}],"version-history":[{"count":2,"href":"http:\/\/leny.eu\/de\/wp-json\/wp\/v2\/pages\/5140\/revisions"}],"predecessor-version":[{"id":14317,"href":"http:\/\/leny.eu\/de\/wp-json\/wp\/v2\/pages\/5140\/revisions\/14317"}],"wp:attachment":[{"href":"http:\/\/leny.eu\/de\/wp-json\/wp\/v2\/media?parent=5140"}],"curies":[{"name":"wp","href":"https:\/\/api.w.org\/{rel}","templated":true}]}}