{"id":6304,"date":"2023-05-09T12:41:51","date_gmt":"2023-05-09T12:41:51","guid":{"rendered":"https:\/\/leny.april8.org\/?page_id=6304"},"modified":"2023-05-09T13:27:54","modified_gmt":"2023-05-09T13:27:54","slug":"100-tage-volle-garantie","status":"publish","type":"page","link":"http:\/\/leny.eu\/de\/100-tage-volle-garantie\/","title":{"rendered":"100 Tage volle Garantie"},"content":{"rendered":"\n<p>Ist Ihnen ein Knopf heruntergefallen, ein Rei\u00dfverschluss gerissen, eine Naht geplatzt? Innerhalb von 100 Tagen ab Kaufdatum beheben, ersetzen oder reparieren wir m\u00f6gliche M\u00e4ngel, damit Ihre Hose wie neu ist. Die Garantie unterliegt der Wartung, wie auf dem Etikett in der Hose angegeben. Wenn die Wartungsanweisungen nicht befolgt werden, erlischt die Garantie. Die Garantie gilt auch nicht bei Sch\u00e4den durch k\u00f6rperliche Gewalt, gerissenem Rei\u00dfverschluss, gerissenem Material\u2026 Die Garantie gilt unter den Bedingungen des normalen, regelm\u00e4\u00dfigen Gebrauchs.<\/p>\n\n\n\n<p>Der K\u00e4ufer veranlasst selbst die Lieferung der Hose, f\u00fcr die er die Garantie beansprucht, mit einer Erkl\u00e4rung des Schadens oder Warum fordert er die Garantie an die PE-Adresse: LENY, Jezerska c. 121, 4000 Kranj, Slowenien.<\/p>\n\n\n\n<p>Weil wir an die Qualit\u00e4t unserer Produkte glauben, bieten wir Ihnen eine Zufriedenheitsgarantie!<\/p>\n","protected":false},"excerpt":{"rendered":"<p>Ist Ihnen ein Knopf heruntergefallen, ein Rei\u00dfverschluss gerissen, eine Naht geplatzt? Innerhalb von 100 Tagen ab Kaufdatum beheben, ersetzen oder reparieren wir m\u00f6gliche M\u00e4ngel, damit Ihre Hose wie neu ist. Die Garantie unterliegt der Wartung, wie auf dem Etikett in der Hose angegeben. Wenn die Wartungsanweisungen nicht befolgt werden, erlischt die Garantie. Die Garantie gilt&hellip;<\/p>\n","protected":false},"author":4,"featured_media":0,"parent":0,"menu_order":0,"comment_status":"closed","ping_status":"closed","template":"","meta":{"footnotes":""},"class_list":["post-6304","page","type-page","status-publish","hentry"],"jetpack_sharing_enabled":true,"_links":{"self":[{"href":"http:\/\/leny.eu\/de\/wp-json\/wp\/v2\/pages\/6304","targetHints":{"allow":["GET"]}}],"collection":[{"href":"http:\/\/leny.eu\/de\/wp-json\/wp\/v2\/pages"}],"about":[{"href":"http:\/\/leny.eu\/de\/wp-json\/wp\/v2\/types\/page"}],"author":[{"embeddable":true,"href":"http:\/\/leny.eu\/de\/wp-json\/wp\/v2\/users\/4"}],"replies":[{"embeddable":true,"href":"http:\/\/leny.eu\/de\/wp-json\/wp\/v2\/comments?post=6304"}],"version-history":[{"count":1,"href":"http:\/\/leny.eu\/de\/wp-json\/wp\/v2\/pages\/6304\/revisions"}],"predecessor-version":[{"id":6305,"href":"http:\/\/leny.eu\/de\/wp-json\/wp\/v2\/pages\/6304\/revisions\/6305"}],"wp:attachment":[{"href":"http:\/\/leny.eu\/de\/wp-json\/wp\/v2\/media?parent=6304"}],"curies":[{"name":"wp","href":"https:\/\/api.w.org\/{rel}","templated":true}]}}