{"id":6311,"date":"2020-03-06T15:33:44","date_gmt":"2020-03-06T15:33:44","guid":{"rendered":"https:\/\/leny.april8.org\/?page_id=6311"},"modified":"2025-02-20T09:57:11","modified_gmt":"2025-02-20T09:57:11","slug":"kontaktieren-sie-uns","status":"publish","type":"page","link":"http:\/\/leny.eu\/de\/kontaktieren-sie-uns\/","title":{"rendered":"Kontaktieren Sie uns"},"content":{"rendered":"\n<p>Leny an neuem Standort &#8211;<a href=\"http:\/\/leny.eu\/de\/kontaktieren-sie-uns\/\"> Zoisova 1 <\/a>in Kranj.<\/p>\n\n\n\n<p>Besuchen Sie uns in unserem Industriegesch\u00e4ft:<\/p>\n\n\n\n<p>Montag von 9.00 bis 15.00 Uhr,<br>Dienstag von 9.00 bis 18.00 Uhr,<br>Mittwoch von 9.00 bis 15.00 Uhr,<br>Donnerstag von 9.00 bis 18.00 Uhr,<br>Freitag von 9.00 bis 13.00 Uhr,<br>Samstag von 9.00 bis 12.00 Uhr.<\/p>\n\n\n\n<p>Wenn Sie Fragen zu unseren Produkten, Eink\u00e4ufen, Lieferungen oder anderen Angelegenheiten haben, k\u00f6nnen Sie uns \u00fcber unser Telefon: <a href=\"tel:+38645955200\">+386 4 59 55 200<\/a> oder per E-Mail: <a href=\"mailto:info@leny.eu\" target=\"_blank\" rel=\"noreferrer noopener\">info@leny.eu<\/a> kontaktieren. Unser Team wird gerne alle Ihre Fragen beantworten und Ihnen bei eventuellen Problemen behilflich sein.<\/p>\n\n\n\n<p>Vielen Dank f\u00fcr Ihr Vertrauen in Leny und wir freuen uns auf Ihre Nachricht.<\/p>\n\n\n\n\n<div class=\"wpcf7 no-js\" id=\"wpcf7-f6331-o1\" lang=\"de-DE\" dir=\"ltr\" data-wpcf7-id=\"6331\">\n<div class=\"screen-reader-response\"><p role=\"status\" aria-live=\"polite\" aria-atomic=\"true\"><\/p> <ul><\/ul><\/div>\n<form action=\"\/de\/wp-json\/wp\/v2\/pages\/6311#wpcf7-f6331-o1\" method=\"post\" class=\"wpcf7-form init\" aria-label=\"Kontaktformular\" novalidate=\"novalidate\" data-status=\"init\">\n<fieldset class=\"hidden-fields-container\"><input type=\"hidden\" name=\"_wpcf7\" value=\"6331\" \/><input type=\"hidden\" name=\"_wpcf7_version\" value=\"6.1.5\" \/><input type=\"hidden\" name=\"_wpcf7_locale\" value=\"de_DE\" \/><input type=\"hidden\" name=\"_wpcf7_unit_tag\" value=\"wpcf7-f6331-o1\" \/><input type=\"hidden\" name=\"_wpcf7_container_post\" value=\"0\" \/><input type=\"hidden\" name=\"_wpcf7_posted_data_hash\" value=\"\" \/>\n<\/fieldset>\n<p><label> Ihr Name<br \/>\n<span class=\"wpcf7-form-control-wrap\" data-name=\"your-name\"><input size=\"40\" maxlength=\"400\" class=\"wpcf7-form-control wpcf7-text wpcf7-validates-as-required\" autocomplete=\"name\" aria-required=\"true\" aria-invalid=\"false\" value=\"\" type=\"text\" name=\"your-name\" \/><\/span> <\/label>\n<\/p>\n<p><label> Ihre E-Mail<br \/>\n<span class=\"wpcf7-form-control-wrap\" data-name=\"your-email\"><input size=\"40\" maxlength=\"400\" class=\"wpcf7-form-control wpcf7-email wpcf7-validates-as-required wpcf7-text wpcf7-validates-as-email\" autocomplete=\"email\" aria-required=\"true\" aria-invalid=\"false\" value=\"\" type=\"email\" name=\"your-email\" \/><\/span> <\/label>\n<\/p>\n<p><label> Betreff<br \/>\n<span class=\"wpcf7-form-control-wrap\" data-name=\"your-subject\"><input size=\"40\" maxlength=\"400\" class=\"wpcf7-form-control wpcf7-text wpcf7-validates-as-required\" aria-required=\"true\" aria-invalid=\"false\" value=\"\" type=\"text\" name=\"your-subject\" \/><\/span> <\/label>\n<\/p>\n<p><label> Ihre Nachricht (optional)<br \/>\n<span class=\"wpcf7-form-control-wrap\" data-name=\"your-message\"><textarea cols=\"40\" rows=\"10\" maxlength=\"2000\" class=\"wpcf7-form-control wpcf7-textarea\" aria-invalid=\"false\" name=\"your-message\"><\/textarea><\/span> <\/label>\n<\/p>\n<p><input class=\"wpcf7-form-control wpcf7-submit has-spinner\" type=\"submit\" value=\"Senden\" \/>\n<\/p><div class=\"wpcf7-response-output\" aria-hidden=\"true\"><\/div>\n<\/form>\n<\/div>\n\n","protected":false},"excerpt":{"rendered":"<p>Leny an neuem Standort &#8211; Zoisova 1 in Kranj. Besuchen Sie uns in unserem Industriegesch\u00e4ft: Montag von 9.00 bis 15.00 Uhr,Dienstag von 9.00 bis 18.00 Uhr,Mittwoch von 9.00 bis 15.00 Uhr,Donnerstag von 9.00 bis 18.00 Uhr,Freitag von 9.00 bis 13.00 Uhr,Samstag von 9.00 bis 12.00 Uhr. Wenn Sie Fragen zu unseren Produkten, Eink\u00e4ufen, Lieferungen oder&hellip;<\/p>\n","protected":false},"author":4,"featured_media":0,"parent":0,"menu_order":0,"comment_status":"closed","ping_status":"closed","template":"","meta":{"footnotes":""},"class_list":["post-6311","page","type-page","status-publish","hentry"],"jetpack_sharing_enabled":true,"_links":{"self":[{"href":"http:\/\/leny.eu\/de\/wp-json\/wp\/v2\/pages\/6311","targetHints":{"allow":["GET"]}}],"collection":[{"href":"http:\/\/leny.eu\/de\/wp-json\/wp\/v2\/pages"}],"about":[{"href":"http:\/\/leny.eu\/de\/wp-json\/wp\/v2\/types\/page"}],"author":[{"embeddable":true,"href":"http:\/\/leny.eu\/de\/wp-json\/wp\/v2\/users\/4"}],"replies":[{"embeddable":true,"href":"http:\/\/leny.eu\/de\/wp-json\/wp\/v2\/comments?post=6311"}],"version-history":[{"count":6,"href":"http:\/\/leny.eu\/de\/wp-json\/wp\/v2\/pages\/6311\/revisions"}],"predecessor-version":[{"id":13453,"href":"http:\/\/leny.eu\/de\/wp-json\/wp\/v2\/pages\/6311\/revisions\/13453"}],"wp:attachment":[{"href":"http:\/\/leny.eu\/de\/wp-json\/wp\/v2\/media?parent=6311"}],"curies":[{"name":"wp","href":"https:\/\/api.w.org\/{rel}","templated":true}]}}