{"id":13819,"date":"2025-03-20T09:23:07","date_gmt":"2025-03-20T09:23:07","guid":{"rendered":"https:\/\/www.leny.eu\/?post_type=product&#038;p=13819"},"modified":"2025-11-10T09:43:16","modified_gmt":"2025-11-10T09:43:16","slug":"leny-moski-pulover","status":"publish","type":"product","link":"http:\/\/leny.eu\/de\/produkt\/leny-moski-pulover\/","title":{"rendered":"Leny mo\u0161ki pulover"},"content":{"rendered":"<p><strong>Tip postave:<\/strong> vse<\/p>\n<p><strong>Lastnosti: <\/strong><\/p>\n<ul>\n<li>Klasi\u010den kroj, raven<\/li>\n<li>Me\u0161anica volne in akrila zagotavlja mehkobo in zra\u010dnost<\/li>\n<li>okrogel ovratnik<\/li>\n<li>mo\u010dnej\u0161i patent na rokavih, spodaj in ovratniku<\/li>\n<\/ul>\n<p><strong>Material &amp; nega:<\/strong><\/p>\n<ul>\n<li>Sestava: volna 50 % in akril 50 %<\/li>\n<li>Pranje na 30 <sup>o<\/sup>C (navodila za nego so v\u0161ita na etiketi hla\u010d)<\/li>\n<\/ul>\n<p><strong>Dimenzije:\u00a0<\/strong><\/p>\n<p>Klasi\u010dne velikosti (S do XXXL). Tisti ki imate raje bolj \u0161irok pulover predlagamo eno ve\u010djo velikost.<\/p>\n","protected":false},"excerpt":{"rendered":"<p data-start=\"0\" data-end=\"242\">Model puloverja <strong data-start=\"16\" data-end=\"32\">Leny Classic<\/strong> je popolna izbira za mo\u0161ke, ki cenijo <strong data-start=\"71\" data-end=\"112\">brez\u010dasno eleganco in vrhunsko udobje<\/strong>. Raven kroj s patenti na ovratniku, rokavih in spodnjem robu zagotavlja <strong data-start=\"185\" data-end=\"207\">odli\u010dno prileganje<\/strong> in ohranja obliko skozi ves dan.<\/p>\n<p data-start=\"244\" data-end=\"551\">Pulover je <strong data-start=\"255\" data-end=\"270\">vsestranski<\/strong> \u2013 primeren tako za poslovne prilo\u017enosti kot za prosti \u010das, od <strong data-start=\"333\" data-end=\"412\">spro\u0161\u010denih sprehodov do \u0161portnih aktivnosti, kot so pohodni\u0161tvo in smu\u010danje<\/strong>. Zahvaljujo\u010d <strong data-start=\"426\" data-end=\"474\">kakovostni kombinaciji prave volne in akrila<\/strong> je izjemno <strong data-start=\"486\" data-end=\"512\">mehak, zra\u010den in topel<\/strong>, hkrati pa enostaven za vzdr\u017eevanje.<\/p>\n<p data-start=\"553\" data-end=\"688\">Ne glede na prilo\u017enost vam bo <strong data-start=\"583\" data-end=\"599\">Leny Classic<\/strong> nudil popolno ravnovesje med stilom in funkcionalnostjo \u2013 izberite kakovost, ki traja!<\/p>\n<p data-start=\"553\" data-end=\"688\"><strong>AKCIJSKA CENA 38,80\u20ac<\/strong> velja do 30.5.2025 oz. do odprodaje zalog. Akcijska cena se obra\u010duna v ko\u0161arici<\/p>\n","protected":false},"featured_media":13825,"comment_status":"open","ping_status":"closed","template":"","meta":[],"product_brand":[],"product_cat":[96],"product_tag":[],"class_list":{"0":"post-13819","1":"product","2":"type-product","3":"status-publish","4":"has-post-thumbnail","6":"product_cat-moski-modeli","8":"first","9":"instock","10":"taxable","11":"shipping-taxable","12":"purchasable","13":"product-type-variable"},"jetpack_sharing_enabled":true,"_links":{"self":[{"href":"http:\/\/leny.eu\/de\/wp-json\/wp\/v2\/product\/13819","targetHints":{"allow":["GET"]}}],"collection":[{"href":"http:\/\/leny.eu\/de\/wp-json\/wp\/v2\/product"}],"about":[{"href":"http:\/\/leny.eu\/de\/wp-json\/wp\/v2\/types\/product"}],"replies":[{"embeddable":true,"href":"http:\/\/leny.eu\/de\/wp-json\/wp\/v2\/comments?post=13819"}],"wp:featuredmedia":[{"embeddable":true,"href":"http:\/\/leny.eu\/de\/wp-json\/wp\/v2\/media\/13825"}],"wp:attachment":[{"href":"http:\/\/leny.eu\/de\/wp-json\/wp\/v2\/media?parent=13819"}],"wp:term":[{"taxonomy":"product_brand","embeddable":true,"href":"http:\/\/leny.eu\/de\/wp-json\/wp\/v2\/product_brand?post=13819"},{"taxonomy":"product_cat","embeddable":true,"href":"http:\/\/leny.eu\/de\/wp-json\/wp\/v2\/product_cat?post=13819"},{"taxonomy":"product_tag","embeddable":true,"href":"http:\/\/leny.eu\/de\/wp-json\/wp\/v2\/product_tag?post=13819"}],"curies":[{"name":"wp","href":"https:\/\/api.w.org\/{rel}","templated":true}]}}