{"id":3908,"date":"2023-04-06T08:56:22","date_gmt":"2023-04-06T08:56:22","guid":{"rendered":"https:\/\/leny.april8.org\/product\/mfp-riga\/"},"modified":"2025-01-23T09:32:10","modified_gmt":"2025-01-23T09:32:10","slug":"mfp-riga-ger","status":"publish","type":"product","link":"http:\/\/leny.eu\/de\/produkt\/mfp-riga-ger\/","title":{"rendered":"MFP RIGA"},"content":{"rendered":"<p><strong>K\u00f6rpertyp:<\/strong> Alle, auch festere<\/p>\n<p><strong>Merkmale: <\/strong><\/p>\n<ul>\n<li>Bi-elastisches, leichtes und weiches Material<\/li>\n<li>Dehnbare erh\u00f6hte Taille<\/li>\n<li>Gerade<\/li>\n<li>Elastische Taille<\/li>\n<li>4 Taschen<\/li>\n<li>Aluminiumnieten<\/li>\n<\/ul>\n<p><strong>Material &amp; Pflege:<\/strong><\/p>\n<ul>\n<li>90% PA, 10% Lycra\u00ae &#8211; hochwertiges Material, hergestellt in der EU<\/li>\n<li>Bei 30 <sup>\u00b0<\/sup>C waschen (Pflegehinweise sind auf das Hosenetikett gen\u00e4ht)<\/li>\n<li>Wir empfehlen nicht mit Weichsp\u00fcler zu waschen, da dies die funktionellen Eigenschaften des Materials zerst\u00f6ren kann<\/li>\n<\/ul>\n<p>&nbsp;<\/p>\n<p><strong>Abmessungen:  <\/strong><\/p>\n<p>Die Standardma\u00dfe der Leny-Hosen k\u00f6nnen Sie der unten stehenden Tabelle entnehmen. Um die ideale Hose zu kaufen, empfehlen wir Ihnen, die Ma\u00dfe Ihrer Lieblingshose zu messen und Ihre Ma\u00dfe in der Tabelle zu finden. So k\u00f6nnen Sie sicher sein, den perfekten Lenyski f\u00fcr Sie zu kaufen!<\/p>\n<blockquote class=\"wp-embedded-content\" data-secret=\"U8Vfop0q5M\"><p><a href=\"https:\/\/www.leny.eu\/de\/individuelle-hosenlaenge\/\">Hla\u010de po meri<\/a><\/p><\/blockquote>\n<p><iframe loading=\"lazy\" class=\"wp-embedded-content\" sandbox=\"allow-scripts\" security=\"restricted\" style=\"position: absolute; visibility: hidden;\" title=\"&#8222;Hla\u010de po meri&#8220; &#8212; Leny\" src=\"https:\/\/www.leny.eu\/de\/individuelle-hosenlaenge\/embed\/#?secret=tWeWUl4OwZ#?secret=U8Vfop0q5M\" data-secret=\"U8Vfop0q5M\" width=\"600\" height=\"338\" frameborder=\"0\" marginwidth=\"0\" marginheight=\"0\" scrolling=\"no\"><\/iframe><\/p>\n","protected":false},"excerpt":{"rendered":"<div class=\"woocommerce-product-details__short-description\">\n<p>Die <strong>Multifunktionshose<\/strong> bietet die perfekte Kombination aus Komfort, Stil und Funktionalit\u00e4t. Der klassische Schnitt (mit allen Vorteilen des Modells <strong>Riga<\/strong>) aus erstklassigem, zertifiziertem Material, das auch f\u00fcr Wanderhosen verwendet wird, sorgt f\u00fcr Vielseitigkeit und Haltbarkeit. Das Material ist in alle Richtungen elastisch, knittert nicht und ist mit einem speziellen Schutz zur Wasserabweisung ausgestattet. Der doppellagige Stoff sorgt den ganzen Tag \u00fcber f\u00fcr optimale Atmungsaktivit\u00e4t und Komfort. Diese Hose ist ideal f\u00fcr eine Vielzahl von Anl\u00e4ssen, von der Arbeit im B\u00fcro und im Au\u00dfendienst bis hin zu besonderen Veranstaltungen und entspannten Spazierg\u00e4ngen. Sie sind die perfekte Wahl f\u00fcr Ausfl\u00fcge und Reisen, bei denen Sie Komfort und Zweckm\u00e4\u00dfigkeit ohne Kompromisse ben\u00f6tigen. Alle Leny Multifunktionshosen haben unges\u00e4umte Beine. W\u00e4hlen Sie also die Option zum K\u00fcrzen der Hose und geben Sie die L\u00e4nge Ihrer Hose an. Auf diese Weise werden wir Ihre Hose s\u00e4umen und sie wird genau die L\u00e4nge haben, die Ihnen am besten passt. Hilfe finden Sie in der Anleitung, wie Sie die L\u00e4nge Ihrer ma\u00dfgeschneiderten Hose messen k\u00f6nnen.   <\/p>\n<\/div>\n<p>&nbsp;<\/p>\n","protected":false},"featured_media":8113,"comment_status":"open","ping_status":"closed","template":"","meta":[],"product_brand":[],"product_cat":[237],"product_tag":[],"class_list":{"0":"post-3908","1":"product","2":"type-product","3":"status-publish","4":"has-post-thumbnail","6":"product_cat-multifunktionshose","8":"first","9":"instock","10":"shipping-taxable","11":"purchasable","12":"product-type-variable","13":"has-default-attributes"},"jetpack_sharing_enabled":true,"_links":{"self":[{"href":"http:\/\/leny.eu\/de\/wp-json\/wp\/v2\/product\/3908","targetHints":{"allow":["GET"]}}],"collection":[{"href":"http:\/\/leny.eu\/de\/wp-json\/wp\/v2\/product"}],"about":[{"href":"http:\/\/leny.eu\/de\/wp-json\/wp\/v2\/types\/product"}],"replies":[{"embeddable":true,"href":"http:\/\/leny.eu\/de\/wp-json\/wp\/v2\/comments?post=3908"}],"wp:featuredmedia":[{"embeddable":true,"href":"http:\/\/leny.eu\/de\/wp-json\/wp\/v2\/media\/8113"}],"wp:attachment":[{"href":"http:\/\/leny.eu\/de\/wp-json\/wp\/v2\/media?parent=3908"}],"wp:term":[{"taxonomy":"product_brand","embeddable":true,"href":"http:\/\/leny.eu\/de\/wp-json\/wp\/v2\/product_brand?post=3908"},{"taxonomy":"product_cat","embeddable":true,"href":"http:\/\/leny.eu\/de\/wp-json\/wp\/v2\/product_cat?post=3908"},{"taxonomy":"product_tag","embeddable":true,"href":"http:\/\/leny.eu\/de\/wp-json\/wp\/v2\/product_tag?post=3908"}],"curies":[{"name":"wp","href":"https:\/\/api.w.org\/{rel}","templated":true}]}}