{"id":3965,"date":"2023-04-06T08:53:34","date_gmt":"2023-04-06T08:53:34","guid":{"rendered":"https:\/\/leny.april8.org\/product\/mfp-jure\/"},"modified":"2023-11-03T16:01:40","modified_gmt":"2023-11-03T16:01:40","slug":"mfp-jure-ger","status":"publish","type":"product","link":"http:\/\/leny.eu\/de\/produkt\/mfp-jure-ger\/","title":{"rendered":"MFP JURE"},"content":{"rendered":"<p><strong>K\u00f6rpertyp<\/strong>: alle<\/p>\n<p><strong>Merkmale: <\/strong><\/p>\n<ul>\n<li>Bi-elastisches, leichtes und weiches Material<\/li>\n<li>Ein klassischer Schnitt mit erh\u00f6hter Taille sorgt daf\u00fcr, dass Ihre Hose auch bei Bewegung an ihrem Platz bleibt<\/li>\n<li>Gerade Hosenbeine, breiter in den Oberschenkeln<\/li>\n<\/ul>\n<p><strong>Weitere Details: <\/strong><\/p>\n<ul>\n<li>5 Taschen<\/li>\n<li>Aluminiumnieten<\/li>\n<li>YKK- \/ GG-Rei\u00dfverschluss<\/li>\n<\/ul>\n<p><strong>Pflege: <\/strong><\/p>\n<ul>\n<li>Bei 30 <sup>\u00b0<\/sup>C waschen (Pflegehinweise sind auf das Hosenetikett gen\u00e4ht)<\/li>\n<li>Wir empfehlen nicht mit Weichsp\u00fcler zu waschen, da dies die funktionellen Eigenschaften des Materials zerst\u00f6ren kann<\/li>\n<\/ul>\n<p>&nbsp;<\/p>\n<p><strong>Hosenl\u00e4nge: <\/strong><\/p>\n<p>Die Standardabmessungen der Leny-Hosen finden Sie in der Tabelle. Um das perfekte Hosenpaar zu kaufen, empfehlen wir, die Abmessungen Ihrer Lieblingshosen zu messen und Ihre Ma\u00dfe in der Tabelle zu finden. Auf diese Weise werden Sie sicherlich die perfekten Leny-Hosen f\u00fcr sich selbst kaufen!<\/p>\n<p><a href=\"http:\/\/leny.eu\/de\/individuelle-hosenlaenge\/\">https:\/\/www.leny.eu\/de\/individuelle-hosenlaenge\/<\/a><\/p>\n<p>&nbsp;<\/p>\n","protected":false},"excerpt":{"rendered":"<p>Ich bin die multifunktionale Hose &#8222;Jure&#8220;, das meistverkaufte Model f\u00fcr M\u00e4nner, aus Wanderhosenmaterial! Sie k\u00f6nnen mit mir nicht nur ins B\u00fcro, auf die Baustelle oder zum Abendessen ins Restaurant gehen, Sie k\u00f6nnen mich sogar zum Laufen oder Golfen mitnehmen. Das sind die Vorteile des Materials! Ich versichere Ihnen, ich bin un\u00fcbertroffen bequem. Ich schlage vor, Sie nehmen mich zum Test mit auf eine Reise.<\/p>\n<p>Alle Leny Multifunktionshosen haben unges\u00e4umte Beinabschl\u00fcsse. Bitte w\u00e4hlen Sie daher die Option, die Hosen zu k\u00fcrzen, und geben Sie die L\u00e4nge Ihrer Beinabschl\u00fcsse ein. So werden wir die Hosen f\u00fcr Sie s\u00e4umen. Zur Unterst\u00fctzung beachten Sie bitte die Anweisungen zum Messen der gew\u00fcnschten L\u00e4nge der Beinabschl\u00fcsse.<\/p>\n","protected":false},"featured_media":8253,"comment_status":"open","ping_status":"closed","template":"","meta":[],"product_brand":[],"product_cat":[237],"product_tag":[],"class_list":{"0":"post-3965","1":"product","2":"type-product","3":"status-publish","4":"has-post-thumbnail","6":"product_cat-multifunktionshose","8":"first","9":"instock","10":"taxable","11":"shipping-taxable","12":"purchasable","13":"product-type-variable","14":"has-default-attributes"},"jetpack_sharing_enabled":true,"_links":{"self":[{"href":"http:\/\/leny.eu\/de\/wp-json\/wp\/v2\/product\/3965","targetHints":{"allow":["GET"]}}],"collection":[{"href":"http:\/\/leny.eu\/de\/wp-json\/wp\/v2\/product"}],"about":[{"href":"http:\/\/leny.eu\/de\/wp-json\/wp\/v2\/types\/product"}],"replies":[{"embeddable":true,"href":"http:\/\/leny.eu\/de\/wp-json\/wp\/v2\/comments?post=3965"}],"wp:featuredmedia":[{"embeddable":true,"href":"http:\/\/leny.eu\/de\/wp-json\/wp\/v2\/media\/8253"}],"wp:attachment":[{"href":"http:\/\/leny.eu\/de\/wp-json\/wp\/v2\/media?parent=3965"}],"wp:term":[{"taxonomy":"product_brand","embeddable":true,"href":"http:\/\/leny.eu\/de\/wp-json\/wp\/v2\/product_brand?post=3965"},{"taxonomy":"product_cat","embeddable":true,"href":"http:\/\/leny.eu\/de\/wp-json\/wp\/v2\/product_cat?post=3965"},{"taxonomy":"product_tag","embeddable":true,"href":"http:\/\/leny.eu\/de\/wp-json\/wp\/v2\/product_tag?post=3965"}],"curies":[{"name":"wp","href":"https:\/\/api.w.org\/{rel}","templated":true}]}}