{"id":3984,"date":"2023-04-06T08:51:05","date_gmt":"2023-04-06T08:51:05","guid":{"rendered":"https:\/\/leny.april8.org\/product\/damen-wanderhose\/"},"modified":"2023-05-31T13:45:02","modified_gmt":"2023-05-31T13:45:02","slug":"damen-wanderhose-ohne-reisverschluss-lm300w","status":"publish","type":"product","link":"http:\/\/leny.eu\/de\/produkt\/damen-wanderhose-ohne-reisverschluss-lm300w\/","title":{"rendered":"DAMEN-WANDERHOSE OHNE REISSVERSCHLUSS LM300W"},"content":{"rendered":"<p><strong>K\u00f6rpertyp:<\/strong> alle<\/p>\n<p><strong>Merkmale:<\/strong><\/p>\n<ul>\n<li>Bi-elastisches, leichtes und weiches Material<\/li>\n<li>Funktionsschnitt mit mittelhoher Taille<\/li>\n<li>Die Hosenbeine liegen eng am Knie an und flie\u00dfen gut unterhalb des Knies<\/li>\n<\/ul>\n<p><strong>Weitere Details:<\/strong><\/p>\n<ul>\n<li>Elastische Taille, ohne Knopf und Rei\u00dfverschluss<\/li>\n<li>Zwei verdeckte Rei\u00dfverschlusstaschen in trendigen Farben<\/li>\n<li>Reflektierendes Material auf Vorder- und R\u00fcckseite<\/li>\n<li>Mehrere Farbkombinationen<\/li>\n<\/ul>\n<p><strong>Pflege: <\/strong><\/p>\n<ul>\n<li>Bei 30 <sup>\u00b0<\/sup>C waschen (Pflegehinweise sind auf das Hosenetikett gen\u00e4ht)<\/li>\n<li>Wir empfehlen nicht mit Weichsp\u00fcler zu waschen, da dies die funktionellen Eigenschaften des Materials zerst\u00f6ren kann<\/li>\n<\/ul>\n<p>&nbsp;<\/p>\n","protected":false},"excerpt":{"rendered":"<p>Rei\u00dfverschlussfreie Hosen, die selbst anspruchsvollste Wanderer beeindrucken, verbinden den Komfort von Leggings mit der Strapazierf\u00e4higkeit von Wanderhosen. Sie eignen sich f\u00fcr intensive k\u00f6rperliche Aktivit\u00e4ten wie Wandern und Laufen sowie f\u00fcr die t\u00e4glichen sportlichen Aktivit\u00e4ten mit leichterem Radfahren oder Gehen. Aufgrund der hervorragenden Materialeigenschaften k\u00f6nnen Sie sie zu jeder Jahreszeit tragen.<\/p>\n<p>Alle Leny-Wanderhosen haben unges\u00e4umte Beinabschl\u00fcsse. Bitte w\u00e4hlen Sie daher die Option, die Hosen zu k\u00fcrzen, und geben Sie die L\u00e4nge Ihrer Beinabschl\u00fcsse ein. So werden wir die Hosen f\u00fcr Sie s\u00e4umen. Zur Unterst\u00fctzung beachten Sie bitte die Anweisungen zum Messen der gew\u00fcnschten L\u00e4nge der Beinabschl\u00fcsse.<\/p>\n","protected":false},"featured_media":6706,"comment_status":"open","ping_status":"closed","template":"","meta":[],"product_brand":[],"product_cat":[251],"product_tag":[],"class_list":{"0":"post-3984","1":"product","2":"type-product","3":"status-publish","4":"has-post-thumbnail","6":"product_cat-wanderhosen","8":"first","9":"instock","10":"shipping-taxable","11":"purchasable","12":"product-type-variable"},"jetpack_sharing_enabled":true,"_links":{"self":[{"href":"http:\/\/leny.eu\/de\/wp-json\/wp\/v2\/product\/3984","targetHints":{"allow":["GET"]}}],"collection":[{"href":"http:\/\/leny.eu\/de\/wp-json\/wp\/v2\/product"}],"about":[{"href":"http:\/\/leny.eu\/de\/wp-json\/wp\/v2\/types\/product"}],"replies":[{"embeddable":true,"href":"http:\/\/leny.eu\/de\/wp-json\/wp\/v2\/comments?post=3984"}],"wp:featuredmedia":[{"embeddable":true,"href":"http:\/\/leny.eu\/de\/wp-json\/wp\/v2\/media\/6706"}],"wp:attachment":[{"href":"http:\/\/leny.eu\/de\/wp-json\/wp\/v2\/media?parent=3984"}],"wp:term":[{"taxonomy":"product_brand","embeddable":true,"href":"http:\/\/leny.eu\/de\/wp-json\/wp\/v2\/product_brand?post=3984"},{"taxonomy":"product_cat","embeddable":true,"href":"http:\/\/leny.eu\/de\/wp-json\/wp\/v2\/product_cat?post=3984"},{"taxonomy":"product_tag","embeddable":true,"href":"http:\/\/leny.eu\/de\/wp-json\/wp\/v2\/product_tag?post=3984"}],"curies":[{"name":"wp","href":"https:\/\/api.w.org\/{rel}","templated":true}]}}