{"id":4034,"date":"2023-04-06T08:47:26","date_gmt":"2023-04-06T08:47:26","guid":{"rendered":"https:\/\/leny.april8.org\/product\/herren-wanderhosen\/"},"modified":"2023-05-31T13:39:27","modified_gmt":"2023-05-31T13:39:27","slug":"herrenn-bergsteigerhoselm-lm310m","status":"publish","type":"product","link":"http:\/\/leny.eu\/de\/produkt\/herrenn-bergsteigerhoselm-lm310m\/","title":{"rendered":"HERREN BERGSTEIGERHOSE LM310M"},"content":{"rendered":"<p><strong>K\u00f6rpertyp:<\/strong> alle<\/p>\n<p><strong>Merkmale:<\/strong><\/p>\n<ul>\n<li>Bi-elastisches, leichtes und weiches Material<\/li>\n<li>Funktionsschnitt mit mittelhoher Taille<\/li>\n<li>Straffere, gut flie\u00dfende Hosenbeine<\/li>\n<\/ul>\n<p><strong>Weitere Details:<\/strong><\/p>\n<ul>\n<li>Starker Rei\u00dfverschluss und Knopf<\/li>\n<li>Schr\u00e4ge Rei\u00dfverschlusstasche vorne<\/li>\n<li>Rei\u00dfverschlusstasche hinten<\/li>\n<li>Elastischer Taillenbund<\/li>\n<li>Breite G\u00fcrtelschlaufen (<em>Hoops<\/em>)<\/li>\n<li>Reflektierendes Material auf Vorder- und R\u00fcckseite<\/li>\n<li>Verst\u00e4rkte Knie, Ges\u00e4\u00df und unterer Innenteil (<em>Kevlar<\/em>)*<\/li>\n<\/ul>\n<p>*Zus\u00e4tzliche Verst\u00e4rkung f\u00fcr mehr Haltbarkeit auch bei gr\u00f6\u00dferen Wanderschuhen.<\/p>\n<p><strong>Pflege: <\/strong><\/p>\n<ul>\n<li>Bei 30 <sup>\u00b0<\/sup>C waschen (Pflegehinweise sind auf das Hosenetikett gen\u00e4ht)<\/li>\n<li>Wir empfehlen nicht mit Weichsp\u00fcler zu waschen, da dies die funktionellen Eigenschaften des Materials zerst\u00f6ren kann<\/li>\n<\/ul>\n<p>&nbsp;<\/p>\n","protected":false},"excerpt":{"rendered":"<p>Das wasserdichte, atmungsaktive Material und die zus\u00e4tzliche Verst\u00e4rkung am Ges\u00e4\u00df, an den Knien und an der unteren Innenseite der Hose halten auch den gr\u00f6\u00dften Herausforderungen beim Klettern stand. Auch bei jedem Wetter erwartet Sie unverwechselbarer Komfort.<\/p>\n<p>Alle Leny-Wanderhosen haben unges\u00e4umte Beinabschl\u00fcsse. Bitte w\u00e4hlen Sie daher die Option, die Hosen zu k\u00fcrzen, und geben Sie die L\u00e4nge Ihrer Beinabschl\u00fcsse ein. So werden wir die Hosen f\u00fcr Sie s\u00e4umen. Zur Unterst\u00fctzung beachten Sie bitte die Anweisungen zum Messen der gew\u00fcnschten L\u00e4nge der Beinabschl\u00fcsse.<\/p>\n","protected":false},"featured_media":13836,"comment_status":"open","ping_status":"closed","template":"","meta":[],"product_brand":[],"product_cat":[251],"product_tag":[],"class_list":{"0":"post-4034","1":"product","2":"type-product","3":"status-publish","4":"has-post-thumbnail","6":"product_cat-wanderhosen","8":"first","9":"instock","10":"shipping-taxable","11":"purchasable","12":"product-type-variable"},"jetpack_sharing_enabled":true,"_links":{"self":[{"href":"http:\/\/leny.eu\/de\/wp-json\/wp\/v2\/product\/4034","targetHints":{"allow":["GET"]}}],"collection":[{"href":"http:\/\/leny.eu\/de\/wp-json\/wp\/v2\/product"}],"about":[{"href":"http:\/\/leny.eu\/de\/wp-json\/wp\/v2\/types\/product"}],"replies":[{"embeddable":true,"href":"http:\/\/leny.eu\/de\/wp-json\/wp\/v2\/comments?post=4034"}],"wp:featuredmedia":[{"embeddable":true,"href":"http:\/\/leny.eu\/de\/wp-json\/wp\/v2\/media\/13836"}],"wp:attachment":[{"href":"http:\/\/leny.eu\/de\/wp-json\/wp\/v2\/media?parent=4034"}],"wp:term":[{"taxonomy":"product_brand","embeddable":true,"href":"http:\/\/leny.eu\/de\/wp-json\/wp\/v2\/product_brand?post=4034"},{"taxonomy":"product_cat","embeddable":true,"href":"http:\/\/leny.eu\/de\/wp-json\/wp\/v2\/product_cat?post=4034"},{"taxonomy":"product_tag","embeddable":true,"href":"http:\/\/leny.eu\/de\/wp-json\/wp\/v2\/product_tag?post=4034"}],"curies":[{"name":"wp","href":"https:\/\/api.w.org\/{rel}","templated":true}]}}