{"id":4104,"date":"2023-04-06T08:36:27","date_gmt":"2023-04-06T08:36:27","guid":{"rendered":"https:\/\/leny.april8.org\/product\/riga-samt\/"},"modified":"2023-11-03T15:56:09","modified_gmt":"2023-11-03T15:56:09","slug":"riga-samt","status":"publish","type":"product","link":"http:\/\/leny.eu\/de\/produkt\/riga-samt\/","title":{"rendered":"RIGA SAMT"},"content":{"rendered":"<p><strong>K\u00f6rpertyp:<\/strong> Alle, auch festere<\/p>\n<p><strong>Merkmale: <\/strong><\/p>\n<ul>\n<li>Weiche Stretch-Jeans, andere Materialien mit Elasthananteil<\/li>\n<li>Dehnbare erh\u00f6hte Taille<\/li>\n<li>Gerade, leicht gew\u00f6lbte Hosen<\/li>\n<li>Elastische Taille<\/li>\n<li>4 Taschen<\/li>\n<li>Aluminiumnieten<\/li>\n<li>YKK- oder GG-Rei\u00dfverschluss<\/li>\n<\/ul>\n<p><strong>Material und Pflege:<\/strong><\/p>\n<ul>\n<li>Zusammensetzung: Baumwolle 97 % und Elasthan 3 %<\/li>\n<li>Bei 30 <sup>\u00b0C<\/sup> waschen (Pflegehinweise sind auf das Hosenetikett gen\u00e4ht)<\/li>\n<\/ul>\n<p>&nbsp;<\/p>\n<p><strong>Hosenl\u00e4nge: <\/strong><\/p>\n<p>Die Standardabmessungen der Leny-Hosen finden Sie in der Tabelle. Um das perfekte Hosenpaar zu kaufen, empfehlen wir, die Abmessungen Ihrer Lieblingshosen zu messen und Ihre Ma\u00dfe in der Tabelle zu finden. Auf diese Weise werden Sie sicherlich die perfekten Leny-Hosen f\u00fcr sich selbst kaufen!<\/p>\n<p><a href=\"http:\/\/leny.eu\/de\/individuelle-hosenlaenge\/\">https:\/\/www.leny.eu\/de\/individuelle-hosenlaenge\/<\/a><\/p>\n","protected":false},"excerpt":{"rendered":"<p>Mein Name ist Riga und ich biete un\u00fcbertroffenen Komfort. Mit mir ist freie Bewegung m\u00f6glich, auch wenn wir den ganzen Arbeitstag im Sitzen verbringen! Ich habe eine elastische Taille, die der \u00fcberwiegenden Mehrheit passt. Der R\u00fccken ist leicht erh\u00f6ht und die Hosenbeine sind gerade, klassisch. Ich bin auf alles vorbereitet. Wohin solls gehen?<\/p>\n","protected":false},"featured_media":1990,"comment_status":"open","ping_status":"closed","template":"","meta":[],"product_brand":[],"product_cat":[270],"product_tag":[],"class_list":{"0":"post-4104","1":"product","2":"type-product","3":"status-publish","4":"has-post-thumbnail","6":"product_cat-damenhosen","8":"first","9":"outofstock","10":"shipping-taxable","11":"purchasable","12":"product-type-variable"},"jetpack_sharing_enabled":true,"_links":{"self":[{"href":"http:\/\/leny.eu\/de\/wp-json\/wp\/v2\/product\/4104","targetHints":{"allow":["GET"]}}],"collection":[{"href":"http:\/\/leny.eu\/de\/wp-json\/wp\/v2\/product"}],"about":[{"href":"http:\/\/leny.eu\/de\/wp-json\/wp\/v2\/types\/product"}],"replies":[{"embeddable":true,"href":"http:\/\/leny.eu\/de\/wp-json\/wp\/v2\/comments?post=4104"}],"wp:featuredmedia":[{"embeddable":true,"href":"http:\/\/leny.eu\/de\/wp-json\/wp\/v2\/media\/1990"}],"wp:attachment":[{"href":"http:\/\/leny.eu\/de\/wp-json\/wp\/v2\/media?parent=4104"}],"wp:term":[{"taxonomy":"product_brand","embeddable":true,"href":"http:\/\/leny.eu\/de\/wp-json\/wp\/v2\/product_brand?post=4104"},{"taxonomy":"product_cat","embeddable":true,"href":"http:\/\/leny.eu\/de\/wp-json\/wp\/v2\/product_cat?post=4104"},{"taxonomy":"product_tag","embeddable":true,"href":"http:\/\/leny.eu\/de\/wp-json\/wp\/v2\/product_tag?post=4104"}],"curies":[{"name":"wp","href":"https:\/\/api.w.org\/{rel}","templated":true}]}}