{"id":4130,"date":"2023-03-23T12:26:06","date_gmt":"2023-03-23T12:26:06","guid":{"rendered":"https:\/\/leny.april8.org\/product\/riga\/"},"modified":"2025-01-23T09:34:20","modified_gmt":"2025-01-23T09:34:20","slug":"riga-ger","status":"publish","type":"product","link":"http:\/\/leny.eu\/de\/produkt\/riga-ger\/","title":{"rendered":"RIGA"},"content":{"rendered":"<p><strong>K\u00f6rpertyp:<\/strong> Alle, auch festere<\/p>\n<p><strong>Merkmale: <\/strong><\/p>\n<ul>\n<li>Weiche Stretch-Jeans, andere Materialien mit Elasthananteil<\/li>\n<li>Dehnbare erh\u00f6hte Taille<\/li>\n<li>Gerade<\/li>\n<li>Elastische Taille<\/li>\n<li>4 Taschen<\/li>\n<li>Aluminiumnieten<\/li>\n<li>YKK-Rei\u00dfverschluss<\/li>\n<\/ul>\n<p><strong>Material und Pflege:<\/strong><\/p>\n<ul>\n<li>Zusammensetzung: Baumwolle 98 % und Elastan 2 % (die Zusammensetzung kann variieren, bitte entnehmen Sie die genaue Zusammensetzung dem Etikett der Hose)<\/li>\n<li>Bei 30 <sup>\u00b0C<\/sup> waschen (Pflegehinweise sind auf das Hosenetikett gen\u00e4ht)<\/li>\n<\/ul>\n<p>&nbsp;<\/p>\n<p><strong>Abmessungen:  <\/strong><\/p>\n<p>Die Standardma\u00dfe der Leny-Hosen k\u00f6nnen Sie der unten stehenden Tabelle entnehmen. Um die ideale Hose zu kaufen, empfehlen wir Ihnen, die Ma\u00dfe Ihrer Lieblingshose zu messen und Ihre Ma\u00dfe in der Tabelle zu finden. So k\u00f6nnen Sie sicher sein, den perfekten Lenyski f\u00fcr Sie zu kaufen!<\/p>\n<p>&nbsp;<\/p>\n<blockquote class=\"wp-embedded-content\" data-secret=\"XPTBrgDSC7\"><p><a href=\"http:\/\/www.leny.eu\/de\/individuelle-hosenlaenge\/\">Individuelle Hosenl\u00e4nge<\/a><\/p><\/blockquote>\n<p><iframe loading=\"lazy\" class=\"wp-embedded-content\" sandbox=\"allow-scripts\" security=\"restricted\" style=\"position: absolute; visibility: hidden;\" title=\"&#8222;Individuelle Hosenl\u00e4nge&#8220; &#8212; Leny\" src=\"http:\/\/www.leny.eu\/de\/individuelle-hosenlaenge\/embed\/#?secret=zj8ojyBiuk#?secret=XPTBrgDSC7\" data-secret=\"XPTBrgDSC7\" width=\"600\" height=\"338\" frameborder=\"0\" marginwidth=\"0\" marginheight=\"0\" scrolling=\"no\"><\/iframe><\/p>\n","protected":false},"excerpt":{"rendered":"<p><strong>Das Modell Riga <\/strong>ist ein \u00e4u\u00dferst bequemes und vielseitiges Kleidungsst\u00fcck. Mit einem hohen Bund und einem eingen\u00e4hten Gummizug in der Taille sorgt es den ganzen Tag \u00fcber f\u00fcr einen perfekten Sitz und Komfort. Der G\u00fcrtel ist so konzipiert, dass Sie einen zus\u00e4tzlichen G\u00fcrtel Ihrer Wahl tragen k\u00f6nnen. Die geraden Beine verleihen dieser Hose einen Hauch von Eleganz und machen sie ideal f\u00fcr eine Vielzahl von Anl\u00e4ssen &#8211; von der Arbeit \u00fcber l\u00e4ssige Spazierg\u00e4nge bis hin zum Abh\u00e4ngen mit Freunden.<\/p>\n<p>Dieses Modell ist sehr beliebt und unverzichtbar in jedem Kleiderschrank.<\/p>\n<p>Im Shop finden Sie eine gr\u00f6\u00dfere Auswahl an Materialien und Farben als die auf dieser Seite gezeigten.<\/p>\n<p>&nbsp;<\/p>\n","protected":false},"featured_media":14662,"comment_status":"open","ping_status":"closed","template":"","meta":[],"product_brand":[],"product_cat":[270],"product_tag":[],"class_list":{"0":"post-4130","1":"product","2":"type-product","3":"status-publish","4":"has-post-thumbnail","6":"product_cat-damenhosen","8":"first","9":"instock","10":"taxable","11":"shipping-taxable","12":"purchasable","13":"product-type-variable"},"jetpack_sharing_enabled":true,"_links":{"self":[{"href":"http:\/\/leny.eu\/de\/wp-json\/wp\/v2\/product\/4130","targetHints":{"allow":["GET"]}}],"collection":[{"href":"http:\/\/leny.eu\/de\/wp-json\/wp\/v2\/product"}],"about":[{"href":"http:\/\/leny.eu\/de\/wp-json\/wp\/v2\/types\/product"}],"replies":[{"embeddable":true,"href":"http:\/\/leny.eu\/de\/wp-json\/wp\/v2\/comments?post=4130"}],"wp:featuredmedia":[{"embeddable":true,"href":"http:\/\/leny.eu\/de\/wp-json\/wp\/v2\/media\/14662"}],"wp:attachment":[{"href":"http:\/\/leny.eu\/de\/wp-json\/wp\/v2\/media?parent=4130"}],"wp:term":[{"taxonomy":"product_brand","embeddable":true,"href":"http:\/\/leny.eu\/de\/wp-json\/wp\/v2\/product_brand?post=4130"},{"taxonomy":"product_cat","embeddable":true,"href":"http:\/\/leny.eu\/de\/wp-json\/wp\/v2\/product_cat?post=4130"},{"taxonomy":"product_tag","embeddable":true,"href":"http:\/\/leny.eu\/de\/wp-json\/wp\/v2\/product_tag?post=4130"}],"curies":[{"name":"wp","href":"https:\/\/api.w.org\/{rel}","templated":true}]}}