{"id":4298,"date":"2023-03-23T12:24:38","date_gmt":"2023-03-23T12:24:38","guid":{"rendered":"https:\/\/leny.april8.org\/product\/moskva\/"},"modified":"2023-11-03T16:29:48","modified_gmt":"2023-11-03T16:29:48","slug":"moskva-ger","status":"publish","type":"product","link":"http:\/\/leny.eu\/de\/produkt\/moskva-ger\/","title":{"rendered":"MOSKVA"},"content":{"rendered":"<p><strong>K\u00f6rpertyp:<\/strong> Alle, und diejenigen mit d\u00fcnneren Beinen<\/p>\n<p><strong>Merkmale:<\/strong><\/p>\n<ul>\n<li>Weiche Stretch-Jeans, in verschiedenen Farben erh\u00e4ltlich<\/li>\n<li>Mittlere Taille<\/li>\n<li>Verengte Hosenbeine<\/li>\n<li>5 Taschen<\/li>\n<li>Aluminiumnieten<\/li>\n<li>YKK- oder GG-Rei\u00dfverschluss<\/li>\n<\/ul>\n<p><strong>Material und Pflege:<\/strong><\/p>\n<ul>\n<li>Zusammensetzung: Baumwolle 97 % und Elasthan 3 % (die Stoffzusammensetzung kann variieren, die genaue Zusammensetzung finden Sie auf dem Hosenetikett)<\/li>\n<li>Bei 30 <sup>\u00b0C<\/sup> waschen (Pflegehinweise sind auf das Hosenetikett gen\u00e4ht)<\/li>\n<\/ul>\n<p>&nbsp;<\/p>\n<p><strong>Hosenl\u00e4nge: <\/strong><\/p>\n<p>Die Standardabmessungen der Leny-Hosen finden Sie in der Tabelle. Um das perfekte Hosenpaar zu kaufen, empfehlen wir, die Abmessungen Ihrer Lieblingshosen zu messen und Ihre Ma\u00dfe in der Tabelle zu finden. Auf diese Weise werden Sie sicherlich die perfekten Leny-Hosen f\u00fcr sich selbst kaufen!<\/p>\n<p><a href=\"http:\/\/leny.eu\/de\/individuelle-hosenlaenge\/\">https:\/\/www.leny.eu\/de\/individuelle-hosenlaenge\/<\/a><\/p>\n","protected":false},"excerpt":{"rendered":"<p>Ich bin Moskva, ein moderner Klassiker. W\u00e4hlen Sie mich, wenn Sie auf die Klassiker schw\u00f6ren und gleichzeitig trendy sein wollen. Die mittelhohe Taille, auf der R\u00fcckseite erh\u00f6ht, erm\u00f6glicht alle Arten von Bewegung, ohne Angst, zu viel zu enth\u00fcllen. Verengte, aber nicht zu schmale Hosenbeine schmiegen sich auch an d\u00fcnnere Beine perfekt an.<\/p>\n","protected":false},"featured_media":8123,"comment_status":"open","ping_status":"closed","template":"","meta":[],"product_brand":[],"product_cat":[270],"product_tag":[],"class_list":{"0":"post-4298","1":"product","2":"type-product","3":"status-publish","4":"has-post-thumbnail","6":"product_cat-damenhosen","8":"first","9":"instock","10":"shipping-taxable","11":"purchasable","12":"product-type-variable","13":"has-default-attributes"},"jetpack_sharing_enabled":true,"_links":{"self":[{"href":"http:\/\/leny.eu\/de\/wp-json\/wp\/v2\/product\/4298","targetHints":{"allow":["GET"]}}],"collection":[{"href":"http:\/\/leny.eu\/de\/wp-json\/wp\/v2\/product"}],"about":[{"href":"http:\/\/leny.eu\/de\/wp-json\/wp\/v2\/types\/product"}],"replies":[{"embeddable":true,"href":"http:\/\/leny.eu\/de\/wp-json\/wp\/v2\/comments?post=4298"}],"wp:featuredmedia":[{"embeddable":true,"href":"http:\/\/leny.eu\/de\/wp-json\/wp\/v2\/media\/8123"}],"wp:attachment":[{"href":"http:\/\/leny.eu\/de\/wp-json\/wp\/v2\/media?parent=4298"}],"wp:term":[{"taxonomy":"product_brand","embeddable":true,"href":"http:\/\/leny.eu\/de\/wp-json\/wp\/v2\/product_brand?post=4298"},{"taxonomy":"product_cat","embeddable":true,"href":"http:\/\/leny.eu\/de\/wp-json\/wp\/v2\/product_cat?post=4298"},{"taxonomy":"product_tag","embeddable":true,"href":"http:\/\/leny.eu\/de\/wp-json\/wp\/v2\/product_tag?post=4298"}],"curies":[{"name":"wp","href":"https:\/\/api.w.org\/{rel}","templated":true}]}}