{"id":5095,"date":"2023-03-23T12:05:22","date_gmt":"2023-03-23T12:05:22","guid":{"rendered":"https:\/\/leny.april8.org\/product\/nikolas\/"},"modified":"2023-11-03T15:26:56","modified_gmt":"2023-11-03T15:26:56","slug":"nikolas-ger","status":"publish","type":"product","link":"http:\/\/leny.eu\/de\/produkt\/nikolas-ger\/","title":{"rendered":"Nikolas"},"content":{"rendered":"<p><strong>K\u00f6rpertyp:<\/strong> Alle, auch gr\u00f6\u00dfere<\/p>\n<p><strong>Merkmale: <\/strong><\/p>\n<ul>\n<li>Weiche Stretch-Jeans, andere Materialien mit Elasthananteil<\/li>\n<li>Hose mit einem modernen Schnitt von schmaleren Hosenbeinen und klassischer Taillenh\u00f6he<\/li>\n<li>Hosenbeine schmaler an den Oberschenkeln passen gut zu d\u00fcnneren und l\u00e4ngeren K\u00f6rpertypen<\/li>\n<\/ul>\n<p><strong>Weitere Details: <\/strong><\/p>\n<ul>\n<li>5 Taschen<\/li>\n<li>Aluminiumnieten<\/li>\n<li>YKK- \/ GG-Rei\u00dfverschluss<\/li>\n<\/ul>\n<p><strong>Material und Pflege: <\/strong><\/p>\n<ul>\n<li>Zusammensetzung: Baumwolle 97 % und Elasthan 3 % (die Stoffzusammensetzung kann variieren, die genaue Zusammensetzung finden Sie auf dem Hosenetikett)<\/li>\n<li>Bei 30 <sup>\u00b0C<\/sup> waschen (Pflegehinweise sind auf das Hosenetikett gen\u00e4ht)<\/li>\n<\/ul>\n<p>&nbsp;<\/p>\n<p><strong>Hosenl\u00e4nge: <\/strong><\/p>\n<p>Die Standardabmessungen der Leny-Hosen finden Sie in der Tabelle. Um das perfekte Hosenpaar zu kaufen, empfehlen wir, die Abmessungen Ihrer Lieblingshosen zu messen und Ihre Ma\u00dfe in der Tabelle zu finden. Auf diese Weise werden Sie sicherlich die perfekten Leny-Hosen f\u00fcr sich selbst kaufen!<\/p>\n<p><a href=\"http:\/\/leny.eu\/de\/individuelle-hosenlaenge\/\">https:\/\/www.leny.eu\/de\/individuelle-hosenlaenge\/<\/a><\/p>\n","protected":false},"excerpt":{"rendered":"<p>Ich bin Nikolas, ein klassisch moderner Typ, den Sie auf ein Meeting oder eine Party mitnehmen k\u00f6nnen. Sie werden nie \u00c4rger mit mir haben. W\u00e4hlen Sie mich, wenn Sie engere (aber nicht zu enge!) Hosenbeine mit einer normalen hohen Taille m\u00f6chten.<\/p>\n","protected":false},"featured_media":7630,"comment_status":"open","ping_status":"closed","template":"","meta":[],"product_brand":[],"product_cat":[195],"product_tag":[],"class_list":{"0":"post-5095","1":"product","2":"type-product","3":"status-publish","4":"has-post-thumbnail","6":"product_cat-herrenhosen","8":"first","9":"instock","10":"taxable","11":"shipping-taxable","12":"purchasable","13":"product-type-variable"},"jetpack_sharing_enabled":true,"_links":{"self":[{"href":"http:\/\/leny.eu\/de\/wp-json\/wp\/v2\/product\/5095","targetHints":{"allow":["GET"]}}],"collection":[{"href":"http:\/\/leny.eu\/de\/wp-json\/wp\/v2\/product"}],"about":[{"href":"http:\/\/leny.eu\/de\/wp-json\/wp\/v2\/types\/product"}],"replies":[{"embeddable":true,"href":"http:\/\/leny.eu\/de\/wp-json\/wp\/v2\/comments?post=5095"}],"wp:featuredmedia":[{"embeddable":true,"href":"http:\/\/leny.eu\/de\/wp-json\/wp\/v2\/media\/7630"}],"wp:attachment":[{"href":"http:\/\/leny.eu\/de\/wp-json\/wp\/v2\/media?parent=5095"}],"wp:term":[{"taxonomy":"product_brand","embeddable":true,"href":"http:\/\/leny.eu\/de\/wp-json\/wp\/v2\/product_brand?post=5095"},{"taxonomy":"product_cat","embeddable":true,"href":"http:\/\/leny.eu\/de\/wp-json\/wp\/v2\/product_cat?post=5095"},{"taxonomy":"product_tag","embeddable":true,"href":"http:\/\/leny.eu\/de\/wp-json\/wp\/v2\/product_tag?post=5095"}],"curies":[{"name":"wp","href":"https:\/\/api.w.org\/{rel}","templated":true}]}}