{"id":8645,"date":"2023-09-23T04:51:12","date_gmt":"2023-09-23T04:51:12","guid":{"rendered":"https:\/\/www.leny.eu\/?post_type=product&#038;p=8645"},"modified":"2025-11-21T09:49:20","modified_gmt":"2025-11-21T09:49:20","slug":"usnjen-pas","status":"publish","type":"product","link":"http:\/\/leny.eu\/de\/produkt\/usnjen-pas\/","title":{"rendered":"Usnjen pas"},"content":{"rendered":"<p><strong>Lastnosti:<\/strong><\/p>\n<ul>\n<li>vrhunski usnjen pas, izdelan v Sloveniji<\/li>\n<li>dol\u017eina do 150cm<\/li>\n<li>enostaven za kraj\u0161anje<\/li>\n<\/ul>\n<p><strong>Material &amp; nega:<\/strong><\/p>\n<ul>\n<li>Sestava: 100% usnje, zanka kovinska<\/li>\n<li>Po potrebi obrisati z vla\u017eno krpo in mazati z izdelki za nego usnja<\/li>\n<\/ul>\n","protected":false},"excerpt":{"rendered":"<p>Lastnosti: vrhunski usnjen pas, izdelan v Sloveniji dol\u017eina do 150cm enostaven za kraj\u0161anje Material &amp; nega: Sestava: 100% usnje, zanka kovinska Po potrebi obrisati z vla\u017eno krpo in mazati z izdelki za nego usnja<\/p>\n","protected":false},"featured_media":8653,"comment_status":"open","ping_status":"closed","template":"","meta":[],"product_brand":[],"product_cat":[326],"product_tag":[],"class_list":{"0":"post-8645","1":"product","2":"type-product","3":"status-publish","4":"has-post-thumbnail","6":"product_cat-dodatki","8":"first","9":"instock","10":"taxable","11":"shipping-taxable","12":"purchasable","13":"product-type-variable"},"jetpack_sharing_enabled":true,"_links":{"self":[{"href":"http:\/\/leny.eu\/de\/wp-json\/wp\/v2\/product\/8645","targetHints":{"allow":["GET"]}}],"collection":[{"href":"http:\/\/leny.eu\/de\/wp-json\/wp\/v2\/product"}],"about":[{"href":"http:\/\/leny.eu\/de\/wp-json\/wp\/v2\/types\/product"}],"replies":[{"embeddable":true,"href":"http:\/\/leny.eu\/de\/wp-json\/wp\/v2\/comments?post=8645"}],"wp:featuredmedia":[{"embeddable":true,"href":"http:\/\/leny.eu\/de\/wp-json\/wp\/v2\/media\/8653"}],"wp:attachment":[{"href":"http:\/\/leny.eu\/de\/wp-json\/wp\/v2\/media?parent=8645"}],"wp:term":[{"taxonomy":"product_brand","embeddable":true,"href":"http:\/\/leny.eu\/de\/wp-json\/wp\/v2\/product_brand?post=8645"},{"taxonomy":"product_cat","embeddable":true,"href":"http:\/\/leny.eu\/de\/wp-json\/wp\/v2\/product_cat?post=8645"},{"taxonomy":"product_tag","embeddable":true,"href":"http:\/\/leny.eu\/de\/wp-json\/wp\/v2\/product_tag?post=8645"}],"curies":[{"name":"wp","href":"https:\/\/api.w.org\/{rel}","templated":true}]}}