{"id":8795,"date":"2023-09-22T18:52:05","date_gmt":"2023-09-22T18:52:05","guid":{"rendered":"https:\/\/www.leny.eu\/product\/jure-premium\/"},"modified":"2024-09-04T07:13:57","modified_gmt":"2024-09-04T07:13:57","slug":"jure-premium","status":"publish","type":"product","link":"http:\/\/leny.eu\/de\/produkt\/jure-premium\/","title":{"rendered":"Jure Premium"},"content":{"rendered":"<p><strong>K\u00f6rpertyp:<\/strong> alle <strong>Merkmale:<\/strong><\/p>\n<ul>\n<li>Italienischer Premium-Denim von Candiani, leicht dehnbar f\u00fcr maximalen Komfort<\/li>\n<li>Ein klassischer Schnitt mit erh\u00f6hter Taille sorgt daf\u00fcr, dass Ihre Hose auch bei Bewegung an ihrem Platz bleibt<\/li>\n<li>Gerade Hosenbeine, breiter in den Oberschenkeln<\/li>\n<\/ul>\n<p><strong>Weitere Details:<\/strong><\/p>\n<ul>\n<li>5 Taschen<\/li>\n<li>Aluminiumnieten<\/li>\n<li>YKK<\/li>\n<\/ul>\n<p><strong>Material und Pflege:<\/strong><\/p>\n<ul>\n<li>Zusammensetzung: 98% Baumwolle und 2% Elastan, Candiani Denim &#8211; hergestellt in der EU<\/li>\n<li>Bei 30 \u00b0C waschen (Pflegehinweise sind auf das Hosenetikett gen\u00e4ht)<\/li>\n<li>Die tats\u00e4chliche Farbe des Produkts kann geringf\u00fcgig von der Produktabbildung abweichen.<\/li>\n<\/ul>\n<p><strong>Ma\u00dfe: <\/strong> die Standardma\u00dfe der Leny Hosen finden Sie in der Tabelle. Um die ideale Hose zu kaufen, empfehlen wir Ihnen, die Ma\u00dfe Ihrer Lieblingshose zu messen und Ihre Ma\u00dfe in der Tabelle zu finden. So k\u00f6nnen Sie sicher sein, den perfekten Lenyski f\u00fcr Sie zu kaufen!  &nbsp; <\/p>\n<blockquote class=\"wp-embedded-content\" data-secret=\"ssvCdKnxhM\"><p><a href=\"https:\/\/www.leny.eu\/de\/individuelle-hosenlaenge\/\">Hla\u010de po meri<\/a><\/p><\/blockquote>\n<p><iframe loading=\"lazy\" class=\"wp-embedded-content\" sandbox=\"allow-scripts\" security=\"restricted\" style=\"position: absolute; clip: rect(1px, 1px, 1px, 1px);\" title=\"&#8222;Hla\u010de po meri&#8220; &#8212; Leny\" src=\"https:\/\/www.leny.eu\/de\/individuelle-hosenlaenge\/embed\/#?secret=Dniv0MpxOJ#?secret=ssvCdKnxhM\" data-secret=\"ssvCdKnxhM\" width=\"600\" height=\"338\" frameborder=\"0\" marginwidth=\"0\" marginheight=\"0\" scrolling=\"no\"><\/iframe><\/p>\n","protected":false},"excerpt":{"rendered":"<p>Jure, das meistverkaufte Hosenmodell von Leny, ist jetzt auch in Premium-Denim erh\u00e4ltlich.<br \/>\nWenn Sie auf der Suche nach einem zeitlosen Klassiker in modernem Gewand sind, ist diese Hose die richtige Wahl f\u00fcr Sie.<br \/>\nDer h\u00f6here Bund, der hinten hochgezogen ist, sorgt daf\u00fcr, dass die Hose an Ort und Stelle bleibt, auch wenn Sie sie einklappen.<br \/>\nDas Geheimnis des Erfolgs liegt in den raffinierten Details und dem hochwertigen Material, das Ihnen den ganzen Tag \u00fcber Komfort und Eleganz bietet.<br \/>\nW\u00e4hlen Sie Jure premium und erleben Sie die Mischung aus Tradition und Moderne in einem Kleidungsst\u00fcck.      &nbsp;  CODE: PREMIUM &#8211; Sonderpreis 90,85\u20ac (inkl. MwSt.)<\/p>\n","protected":false},"featured_media":8595,"comment_status":"open","ping_status":"closed","template":"","meta":[],"product_brand":[],"product_cat":[332],"product_tag":[],"class_list":{"0":"post-8795","1":"product","2":"type-product","3":"status-publish","4":"has-post-thumbnail","6":"product_cat-leny-premium-de","8":"first","9":"instock","10":"taxable","11":"shipping-taxable","12":"purchasable","13":"product-type-variable"},"jetpack_sharing_enabled":true,"_links":{"self":[{"href":"http:\/\/leny.eu\/de\/wp-json\/wp\/v2\/product\/8795","targetHints":{"allow":["GET"]}}],"collection":[{"href":"http:\/\/leny.eu\/de\/wp-json\/wp\/v2\/product"}],"about":[{"href":"http:\/\/leny.eu\/de\/wp-json\/wp\/v2\/types\/product"}],"replies":[{"embeddable":true,"href":"http:\/\/leny.eu\/de\/wp-json\/wp\/v2\/comments?post=8795"}],"wp:featuredmedia":[{"embeddable":true,"href":"http:\/\/leny.eu\/de\/wp-json\/wp\/v2\/media\/8595"}],"wp:attachment":[{"href":"http:\/\/leny.eu\/de\/wp-json\/wp\/v2\/media?parent=8795"}],"wp:term":[{"taxonomy":"product_brand","embeddable":true,"href":"http:\/\/leny.eu\/de\/wp-json\/wp\/v2\/product_brand?post=8795"},{"taxonomy":"product_cat","embeddable":true,"href":"http:\/\/leny.eu\/de\/wp-json\/wp\/v2\/product_cat?post=8795"},{"taxonomy":"product_tag","embeddable":true,"href":"http:\/\/leny.eu\/de\/wp-json\/wp\/v2\/product_tag?post=8795"}],"curies":[{"name":"wp","href":"https:\/\/api.w.org\/{rel}","templated":true}]}}