{"id":14814,"date":"2025-12-04T15:06:39","date_gmt":"2025-12-04T15:06:39","guid":{"rendered":"https:\/\/www.leny.eu\/?post_type=product&#038;p=14814"},"modified":"2025-12-05T18:46:10","modified_gmt":"2025-12-05T18:46:10","slug":"kapa-leny","status":"publish","type":"product","link":"http:\/\/leny.eu\/en\/product\/kapa-leny\/","title":{"rendered":"Kapa Leny"},"content":{"rendered":"<div id=\"tab-description\" class=\"woocommerce-Tabs-panel woocommerce-Tabs-panel--description panel entry-content wc-tab\" role=\"tabpanel\" aria-labelledby=\"tab-title-description\">\n<p><strong>Lastnosti:<\/strong><\/p>\n<ul>\n<li>topla kapa z dodatnim trakom v notranjosti<\/li>\n<li>narejena iz volne in akrila<\/li>\n<li>udobna in prijetna<\/li>\n<\/ul>\n<p><strong>Material &amp; nega:<\/strong><\/p>\n<ul>\n<li>Sestava: 50% volna in 50%akril<\/li>\n<li>Pranje na 30 <sup>o<\/sup>C (navodila za nego so v\u0161ita na etiketi)<\/li>\n<\/ul>\n<\/div>\n","protected":false},"excerpt":{"rendered":"<p data-start=\"73\" data-end=\"285\">Preprosta, vedno uporabna in ustvarjena za vsak trenutek mraza.<br data-start=\"152\" data-end=\"155\" \/>Ne glede na to, ali ste na sprehodu, v mestu, na smu\u010danju ali vas preprosto zebe v u\u0161esa \u2013 kapa poskrbi, da ostanete udobno topli.<\/p>\n<p data-start=\"287\" data-end=\"447\">Izdelana je iz volne in akrila, kar zagotavlja prijetno toploto in vzdr\u017eljivost. V notranjosti je dodan mehak trak \u010dez u\u0161esa, ki nudi dodatno za\u0161\u010dito in udobje.<\/p>\n<p data-start=\"449\" data-end=\"586\">Na voljo v <strong data-start=\"460\" data-end=\"481\">\u0161tirih velikostih<\/strong>, da se popolnoma prilega vsaki glavi.<br data-start=\"519\" data-end=\"522\" \/>Nevtralna <strong data-start=\"532\" data-end=\"546\">\u010drna barva<\/strong> se ujema z vsemi stili in prilo\u017enostmi.<\/p>\n<p data-start=\"588\" data-end=\"673\" data-is-last-node=\"\" data-is-only-node=\"\">Kapa, ki jo z veseljem nosite vsak dan. Subtilna, funkcionalna in vedno prava izbira.<\/p>\n<p data-start=\"588\" data-end=\"673\" data-is-last-node=\"\" data-is-only-node=\"\">PRIPORO\u010cILO: Vzamite raje eno velikost ve\u010djo kapo. Velikost S je primerna za otroke okoli 12-15 let. V ve\u010dini je za mo\u0161ke najbolj primerna velikost XL, za \u017eenske pa L (razen \u010de imate bujne lase).<\/p>\n<p>&nbsp;<\/p>\n","protected":false},"featured_media":14819,"comment_status":"open","ping_status":"closed","template":"","meta":[],"product_brand":[],"product_cat":[326],"product_tag":[],"class_list":{"0":"post-14814","1":"product","2":"type-product","3":"status-publish","4":"has-post-thumbnail","6":"product_cat-dodatki","8":"first","9":"instock","10":"taxable","11":"shipping-taxable","12":"purchasable","13":"product-type-variable"},"jetpack_sharing_enabled":true,"_links":{"self":[{"href":"http:\/\/leny.eu\/en\/wp-json\/wp\/v2\/product\/14814","targetHints":{"allow":["GET"]}}],"collection":[{"href":"http:\/\/leny.eu\/en\/wp-json\/wp\/v2\/product"}],"about":[{"href":"http:\/\/leny.eu\/en\/wp-json\/wp\/v2\/types\/product"}],"replies":[{"embeddable":true,"href":"http:\/\/leny.eu\/en\/wp-json\/wp\/v2\/comments?post=14814"}],"wp:featuredmedia":[{"embeddable":true,"href":"http:\/\/leny.eu\/en\/wp-json\/wp\/v2\/media\/14819"}],"wp:attachment":[{"href":"http:\/\/leny.eu\/en\/wp-json\/wp\/v2\/media?parent=14814"}],"wp:term":[{"taxonomy":"product_brand","embeddable":true,"href":"http:\/\/leny.eu\/en\/wp-json\/wp\/v2\/product_brand?post=14814"},{"taxonomy":"product_cat","embeddable":true,"href":"http:\/\/leny.eu\/en\/wp-json\/wp\/v2\/product_cat?post=14814"},{"taxonomy":"product_tag","embeddable":true,"href":"http:\/\/leny.eu\/en\/wp-json\/wp\/v2\/product_tag?post=14814"}],"curies":[{"name":"wp","href":"https:\/\/api.w.org\/{rel}","templated":true}]}}