{"id":5155,"date":"2023-04-24T08:36:45","date_gmt":"2023-04-24T08:36:45","guid":{"rendered":"https:\/\/leny.april8.org\/?page_id=5155"},"modified":"2023-04-25T14:04:41","modified_gmt":"2023-04-25T14:04:41","slug":"nasa-prica","status":"publish","type":"page","link":"http:\/\/leny.eu\/hr\/nasa-prica\/","title":{"rendered":"Na\u0161a pri\u010da"},"content":{"rendered":"\n<p>Po\u010dela je negdje u Gorenjskoj, kad su Mojca i Matja\u017e \u0161ivali hla\u010de za svoju djecu. I jo\u0161 jedne. I mnogo njih. Bilo je to 1987. kada je prvi par Leny hla\u010da ugledao svjetlo dana i postao must-have tog doba. U vi\u0161e od 35 godina do\u017eivjele su burna dru\u0161tvena i gospodarska razdoblja. I pre\u017eivjele.<\/p>\n\n\n\n<h3 class=\"wp-block-heading\">2022.<\/h3>\n\n\n\n<p>Novo doba, nove vrijednosti i novi vlasnik. Uro\u0161 je jedan od onih koji vjeruje u slovensku tradiciju, znanje i uspje\u0161ne pri\u010de. On razumije svijet koji se vrti oko odr\u017eivosti, pa o\u017eivljava neuni\u0161tive hla\u010de Leny. Za njih bira samo najkvalitetnije materijale europskih dobavlja\u010da, od tkanine do patentnih zatvara\u010da i konca. Izra\u0111uje ih izvorna majstorica koja vlada vje\u0161tinama krojenja i \u0161ivanja te svoje znanje prenosi dalje. Hla\u010de Leny oduvijek su bile sinonim za kvalitetu i svestranost, \u0161to potvr\u0111uju i novi, moderni modeli koji se mogu nositi u svim prilikama \u2013 u uredu ili na igrali\u0161tu.<\/p>\n\n\n\n<h3 class=\"wp-block-heading\">Hla\u010de za sve prilike<\/h3>\n\n\n\n<p>Tempo \u017eivota nala\u017ee da svaki dan obavljamo nekoliko aktivnosti i sastanaka, poslovnih i privatnih. To zna\u010di da raspon na\u0161e odje\u0107e cijelo vrijeme varira izme\u0111u prikladne i udobne. No, ako smo ve\u0107 multifunkcionalni, za\u0161to takva ne bi bila i na\u0161a odje\u0107a? Na primjer, zamislite arhitekta u sakou i hla\u010dama na poslovnom sastanku s klijentom. Primjereno. Ali, mo\u017ee li se taj isti arhitekt popeti uz ljestve na gradili\u0161tu za dva sata u svojim Leny hla\u010dama? Bez problema.<\/p>\n\n\n\n<h3 class=\"wp-block-heading\">Dobitna kombinacija vrhunskih materijala i na\u010dina izrade<\/h3>\n\n\n\n<p>Prekomjerna potro\u0161nja i na\u010delo vi\u0161e za manje u porastu su ve\u0107 du\u017ee vrijeme. Ljudi su radije kupovali jeftinije proizvode jer su si mogli priu\u0161titi vi\u0161e komada odje\u0107e. Problem je nastao kada su se oni po\u010deli nakupljati u ormaru, kada su se hla\u010de po\u010dele gu\u017evati nakon prvog pranja ili kada su se po\u010deli pojavljivati osipi na ko\u017ei, zbog nekvalitetnih materijala i kori\u0161tenja kemikalija.<\/p>\n\n\n\n<h3 class=\"wp-block-heading\">Klasi\u010dan kroj za neklasi\u010dne tipove gra\u0111e<\/h3>\n\n\n\n<p>Inkluzivnost je popularan koncept ovih dana, a odnosi se na potporu onima koji su druga\u010diji, bez obzira na rasu, dob ili veli\u010dinu odje\u0107e. Leny ga je oduvijek slijedio. Ne diskriminira i svima daje priliku da nose Leny hla\u010de. Tako su \u017eenske hla\u010de dostupne do veli\u010dine 62, a mu\u0161ke do 70. Leny sljedbenike tako\u0111er impresionira i \u010dinjenica da prilikom kupnje u fizi\u010dkoj trgovini na\u0161a kroja\u010dica skrati i prilagodi hla\u010de Va\u0161oj gra\u0111i tijela.<\/p>\n\n\n\n<h3 class=\"wp-block-heading\">Zanimljivosti o Leny hla\u010dama:<\/h3>\n\n\n\n<ul class=\"wp-block-list\">\n<li>Leny hla\u010de su u potpunosti krojene i \u0161ivane u Sloveniji, EU.<\/li>\n\n\n\n<li>Leny pri\u010da zapo\u010dela je s (u to vrijeme inovativnim) trapericama s elasti\u010dnim pojasom za djecu.<\/li>\n\n\n\n<li>Leny hla\u010de se peru prije nego do\u0111u na police trgovina pa se ne skupljaju i ne ostavljaju mrlje na ko\u017ei.<\/li>\n<\/ul>\n","protected":false},"excerpt":{"rendered":"<p>Po\u010dela je negdje u Gorenjskoj, kad su Mojca i Matja\u017e \u0161ivali hla\u010de za svoju djecu. I jo\u0161 jedne. I mnogo njih. Bilo je to 1987. kada je prvi par Leny hla\u010da ugledao svjetlo dana i postao must-have tog doba. U vi\u0161e od 35 godina do\u017eivjele su burna dru\u0161tvena i gospodarska razdoblja. I pre\u017eivjele. 2022. Novo&hellip;<\/p>\n","protected":false},"author":4,"featured_media":0,"parent":0,"menu_order":0,"comment_status":"closed","ping_status":"closed","template":"","meta":{"footnotes":""},"class_list":["post-5155","page","type-page","status-publish","hentry"],"jetpack_sharing_enabled":true,"_links":{"self":[{"href":"http:\/\/leny.eu\/hr\/wp-json\/wp\/v2\/pages\/5155","targetHints":{"allow":["GET"]}}],"collection":[{"href":"http:\/\/leny.eu\/hr\/wp-json\/wp\/v2\/pages"}],"about":[{"href":"http:\/\/leny.eu\/hr\/wp-json\/wp\/v2\/types\/page"}],"author":[{"embeddable":true,"href":"http:\/\/leny.eu\/hr\/wp-json\/wp\/v2\/users\/4"}],"replies":[{"embeddable":true,"href":"http:\/\/leny.eu\/hr\/wp-json\/wp\/v2\/comments?post=5155"}],"version-history":[{"count":1,"href":"http:\/\/leny.eu\/hr\/wp-json\/wp\/v2\/pages\/5155\/revisions"}],"predecessor-version":[{"id":5156,"href":"http:\/\/leny.eu\/hr\/wp-json\/wp\/v2\/pages\/5155\/revisions\/5156"}],"wp:attachment":[{"href":"http:\/\/leny.eu\/hr\/wp-json\/wp\/v2\/media?parent=5155"}],"curies":[{"name":"wp","href":"https:\/\/api.w.org\/{rel}","templated":true}]}}