{"id":5166,"date":"2023-04-11T09:55:34","date_gmt":"2023-04-11T09:55:34","guid":{"rendered":"https:\/\/leny.april8.org\/?page_id=5166"},"modified":"2023-11-03T14:59:49","modified_gmt":"2023-11-03T14:59:49","slug":"prilagodena-duljina-hlaca","status":"publish","type":"page","link":"http:\/\/leny.eu\/hr\/prilagodena-duljina-hlaca\/","title":{"rendered":"Prilago\u0111ena duljina hla\u010da"},"content":{"rendered":"\n<p>Uvijek smo se dr\u017eali pravila da hla\u010de ne mo\u017eemo produ\u017eiti, ali ih uvijek mo\u017eemo skratiti. Zato izra\u0111ujemo hla\u010de koje imaju produ\u017eene nogavice te ih tako\u0111er skra\u0107ujemo na odgovaraju\u0107u du\u017einu.<\/p>\n\n\n\n<p>Kod kupnje u trgovini, skra\u0107ivanje mo\u017eemo dogovoriti na licu mjesta, mo\u017eete ih donijeti kasnije ili poslati natrag da se skrate. Prilikom internetske kupnje u odgovaraju\u0107e polje unesite duljinu hla\u010da i dodajte proizvod u ko\u0161aricu.<\/p>\n\n\n\n<p>Kako pravilno izmjeriti duljinu hla\u010da?<\/p>\n\n\n\n<p>Odgovaraju\u0107a duljina je bo\u010dni razmak izme\u0111u vrha struka i kraja nogavice. Tako \u0107ete znati da je duljina primjerena.<br><\/p>\n\n\n\n<figure class=\"wp-block-image size-full is-resized\"><img loading=\"lazy\" decoding=\"async\" width=\"121\" height=\"281\" src=\"https:\/\/www.leny.eu\/wp-content\/uploads\/2023\/04\/leny-krajsanje-navodila.png\" alt=\"\" class=\"wp-image-1244\" style=\"aspect-ratio:0.4306049822064057;width:140px;height:auto\"\/><\/figure>\n\n\n\n<p><\/p>\n\n\n\n<div class=\"wp-block-jetpack-slideshow aligncenter\" data-effect=\"slide\"><div class=\"wp-block-jetpack-slideshow_container swiper-container\"><ul class=\"wp-block-jetpack-slideshow_swiper-wrapper swiper-wrapper\"><li class=\"wp-block-jetpack-slideshow_slide swiper-slide\"><figure><img loading=\"lazy\" decoding=\"async\" width=\"1920\" height=\"1080\" alt=\"\" class=\"wp-block-jetpack-slideshow_image wp-image-9015\" data-id=\"9015\" src=\"https:\/\/www.leny.eu\/wp-content\/uploads\/2023\/11\/Muskarci-1.png\" srcset=\"http:\/\/leny.eu\/wp-content\/uploads\/2023\/11\/Muskarci-1.png 1920w, http:\/\/leny.eu\/wp-content\/uploads\/2023\/11\/Muskarci-1-740x416.png 740w, http:\/\/leny.eu\/wp-content\/uploads\/2023\/11\/Muskarci-1-1200x675.png 1200w, http:\/\/leny.eu\/wp-content\/uploads\/2023\/11\/Muskarci-1-300x169.png 300w, http:\/\/leny.eu\/wp-content\/uploads\/2023\/11\/Muskarci-1-1024x576.png 1024w, http:\/\/leny.eu\/wp-content\/uploads\/2023\/11\/Muskarci-1-768x432.png 768w, http:\/\/leny.eu\/wp-content\/uploads\/2023\/11\/Muskarci-1-1536x864.png 1536w, http:\/\/leny.eu\/wp-content\/uploads\/2023\/11\/Muskarci-1-20x10.png 20w\" sizes=\"(max-width: 1920px) 100vw, 1920px\" \/><\/figure><\/li><li class=\"wp-block-jetpack-slideshow_slide swiper-slide\"><figure><img loading=\"lazy\" decoding=\"async\" width=\"1920\" height=\"1080\" alt=\"\" class=\"wp-block-jetpack-slideshow_image wp-image-8998\" data-id=\"8998\" src=\"https:\/\/www.leny.eu\/wp-content\/uploads\/2023\/11\/Zene-Riga.png\" srcset=\"http:\/\/leny.eu\/wp-content\/uploads\/2023\/11\/Zene-Riga.png 1920w, http:\/\/leny.eu\/wp-content\/uploads\/2023\/11\/Zene-Riga-740x416.png 740w, http:\/\/leny.eu\/wp-content\/uploads\/2023\/11\/Zene-Riga-1200x675.png 1200w, http:\/\/leny.eu\/wp-content\/uploads\/2023\/11\/Zene-Riga-300x169.png 300w, http:\/\/leny.eu\/wp-content\/uploads\/2023\/11\/Zene-Riga-1024x576.png 1024w, http:\/\/leny.eu\/wp-content\/uploads\/2023\/11\/Zene-Riga-768x432.png 768w, http:\/\/leny.eu\/wp-content\/uploads\/2023\/11\/Zene-Riga-1536x864.png 1536w, http:\/\/leny.eu\/wp-content\/uploads\/2023\/11\/Zene-Riga-20x10.png 20w\" sizes=\"(max-width: 1920px) 100vw, 1920px\" \/><\/figure><\/li><li class=\"wp-block-jetpack-slideshow_slide swiper-slide\"><figure><img loading=\"lazy\" decoding=\"async\" width=\"1920\" height=\"794\" alt=\"\" class=\"wp-block-jetpack-slideshow_image wp-image-9007\" data-id=\"9007\" src=\"https:\/\/www.leny.eu\/wp-content\/uploads\/2023\/11\/Zene-Moskva.png\" srcset=\"http:\/\/leny.eu\/wp-content\/uploads\/2023\/11\/Zene-Moskva.png 1920w, http:\/\/leny.eu\/wp-content\/uploads\/2023\/11\/Zene-Moskva-740x306.png 740w, http:\/\/leny.eu\/wp-content\/uploads\/2023\/11\/Zene-Moskva-1200x496.png 1200w, http:\/\/leny.eu\/wp-content\/uploads\/2023\/11\/Zene-Moskva-300x124.png 300w, http:\/\/leny.eu\/wp-content\/uploads\/2023\/11\/Zene-Moskva-1024x423.png 1024w, http:\/\/leny.eu\/wp-content\/uploads\/2023\/11\/Zene-Moskva-768x318.png 768w, http:\/\/leny.eu\/wp-content\/uploads\/2023\/11\/Zene-Moskva-1536x635.png 1536w\" sizes=\"(max-width: 1920px) 100vw, 1920px\" \/><\/figure><\/li><li class=\"wp-block-jetpack-slideshow_slide swiper-slide\"><figure><img loading=\"lazy\" decoding=\"async\" width=\"1920\" height=\"566\" alt=\"\" class=\"wp-block-jetpack-slideshow_image wp-image-9011\" data-id=\"9011\" src=\"https:\/\/www.leny.eu\/wp-content\/uploads\/2023\/11\/Zene-Paris.png\" srcset=\"http:\/\/leny.eu\/wp-content\/uploads\/2023\/11\/Zene-Paris.png 1920w, http:\/\/leny.eu\/wp-content\/uploads\/2023\/11\/Zene-Paris-740x218.png 740w, http:\/\/leny.eu\/wp-content\/uploads\/2023\/11\/Zene-Paris-1200x354.png 1200w, http:\/\/leny.eu\/wp-content\/uploads\/2023\/11\/Zene-Paris-300x88.png 300w, http:\/\/leny.eu\/wp-content\/uploads\/2023\/11\/Zene-Paris-1024x302.png 1024w, http:\/\/leny.eu\/wp-content\/uploads\/2023\/11\/Zene-Paris-768x226.png 768w, http:\/\/leny.eu\/wp-content\/uploads\/2023\/11\/Zene-Paris-1536x453.png 1536w\" sizes=\"(max-width: 1920px) 100vw, 1920px\" \/><\/figure><\/li><\/ul><a class=\"wp-block-jetpack-slideshow_button-prev swiper-button-prev swiper-button-white\" role=\"button\"><\/a><a class=\"wp-block-jetpack-slideshow_button-next swiper-button-next swiper-button-white\" role=\"button\"><\/a><a aria-label=\"Pause Slideshow\" class=\"wp-block-jetpack-slideshow_button-pause\" role=\"button\"><\/a><div class=\"wp-block-jetpack-slideshow_pagination swiper-pagination swiper-pagination-white\"><\/div><\/div><\/div>\n","protected":false},"excerpt":{"rendered":"<p>Uvijek smo se dr\u017eali pravila da hla\u010de ne mo\u017eemo produ\u017eiti, ali ih uvijek mo\u017eemo skratiti. Zato izra\u0111ujemo hla\u010de koje imaju produ\u017eene nogavice te ih tako\u0111er skra\u0107ujemo na odgovaraju\u0107u du\u017einu. Kod kupnje u trgovini, skra\u0107ivanje mo\u017eemo dogovoriti na licu mjesta, mo\u017eete ih donijeti kasnije ili poslati natrag da se skrate. Prilikom internetske kupnje u odgovaraju\u0107e polje&hellip;<\/p>\n","protected":false},"author":4,"featured_media":0,"parent":0,"menu_order":0,"comment_status":"closed","ping_status":"closed","template":"","meta":{"footnotes":""},"class_list":["post-5166","page","type-page","status-publish","hentry"],"jetpack_sharing_enabled":true,"_links":{"self":[{"href":"http:\/\/leny.eu\/hr\/wp-json\/wp\/v2\/pages\/5166","targetHints":{"allow":["GET"]}}],"collection":[{"href":"http:\/\/leny.eu\/hr\/wp-json\/wp\/v2\/pages"}],"about":[{"href":"http:\/\/leny.eu\/hr\/wp-json\/wp\/v2\/types\/page"}],"author":[{"embeddable":true,"href":"http:\/\/leny.eu\/hr\/wp-json\/wp\/v2\/users\/4"}],"replies":[{"embeddable":true,"href":"http:\/\/leny.eu\/hr\/wp-json\/wp\/v2\/comments?post=5166"}],"version-history":[{"count":5,"href":"http:\/\/leny.eu\/hr\/wp-json\/wp\/v2\/pages\/5166\/revisions"}],"predecessor-version":[{"id":9021,"href":"http:\/\/leny.eu\/hr\/wp-json\/wp\/v2\/pages\/5166\/revisions\/9021"}],"wp:attachment":[{"href":"http:\/\/leny.eu\/hr\/wp-json\/wp\/v2\/media?parent=5166"}],"curies":[{"name":"wp","href":"https:\/\/api.w.org\/{rel}","templated":true}]}}