{"id":6301,"date":"2023-05-09T12:41:51","date_gmt":"2023-05-09T12:41:51","guid":{"rendered":"https:\/\/leny.april8.org\/?page_id=6301"},"modified":"2023-05-09T13:24:33","modified_gmt":"2023-05-09T13:24:33","slug":"100-dana-pune-garancije","status":"publish","type":"page","link":"http:\/\/leny.eu\/hr\/100-dana-pune-garancije\/","title":{"rendered":"100 dana pune garancije"},"content":{"rendered":"\n<p>Otpao vam je gumb, potrgao patentni zatvara\u010d, puknuo \u0161av? U roku od 100 dana od datuma kupnje mi \u0107emo popraviti, zamijeniti ili popraviti eventualne kvarove kako bi Va\u0161e hla\u010de bile kao nove. Jamstvo podlije\u017ee odr\u017eavanju kako je navedeno na etiketi u hla\u010dama. Ako se upute za odr\u017eavanje ne po\u0161tuju, jamstvo je ni\u0161tavno. Tako\u0111er, jamstvo ne vrijedi ako do\u0111e do o\u0161te\u0107enja uslijed fizi\u010dke sile, pokidanog patentnog zatvara\u010da, potrganog materijala\u2026 Jamstvo vrijedi uz uvjete normalne, redovite uporabe.<\/p>\n\n\n\n<p>Kupac sam dogovara dostavu hla\u010da za koje pola\u017ee jamstvo uz obrazlo\u017eenje o\u0161te\u0107enja odn. za\u0161to tra\u017ei garanciju na adresu JP: LENY, Jezerska c. 121, 4000 Kranj, Slovenija.<\/p>\n\n\n\n<p>Budu\u0107i da vjerujemo u kvalitetu na\u0161ih proizvoda, nudimo vam jamstvo zadovoljstva!<\/p>\n","protected":false},"excerpt":{"rendered":"<p>Otpao vam je gumb, potrgao patentni zatvara\u010d, puknuo \u0161av? U roku od 100 dana od datuma kupnje mi \u0107emo popraviti, zamijeniti ili popraviti eventualne kvarove kako bi Va\u0161e hla\u010de bile kao nove. Jamstvo podlije\u017ee odr\u017eavanju kako je navedeno na etiketi u hla\u010dama. Ako se upute za odr\u017eavanje ne po\u0161tuju, jamstvo je ni\u0161tavno. Tako\u0111er, jamstvo ne&hellip;<\/p>\n","protected":false},"author":4,"featured_media":0,"parent":0,"menu_order":0,"comment_status":"closed","ping_status":"closed","template":"","meta":{"footnotes":""},"class_list":["post-6301","page","type-page","status-publish","hentry"],"jetpack_sharing_enabled":true,"_links":{"self":[{"href":"http:\/\/leny.eu\/hr\/wp-json\/wp\/v2\/pages\/6301","targetHints":{"allow":["GET"]}}],"collection":[{"href":"http:\/\/leny.eu\/hr\/wp-json\/wp\/v2\/pages"}],"about":[{"href":"http:\/\/leny.eu\/hr\/wp-json\/wp\/v2\/types\/page"}],"author":[{"embeddable":true,"href":"http:\/\/leny.eu\/hr\/wp-json\/wp\/v2\/users\/4"}],"replies":[{"embeddable":true,"href":"http:\/\/leny.eu\/hr\/wp-json\/wp\/v2\/comments?post=6301"}],"version-history":[{"count":1,"href":"http:\/\/leny.eu\/hr\/wp-json\/wp\/v2\/pages\/6301\/revisions"}],"predecessor-version":[{"id":6302,"href":"http:\/\/leny.eu\/hr\/wp-json\/wp\/v2\/pages\/6301\/revisions\/6302"}],"wp:attachment":[{"href":"http:\/\/leny.eu\/hr\/wp-json\/wp\/v2\/media?parent=6301"}],"curies":[{"name":"wp","href":"https:\/\/api.w.org\/{rel}","templated":true}]}}