{"id":6575,"date":"2020-03-06T10:22:33","date_gmt":"2020-03-06T10:22:33","guid":{"rendered":"https:\/\/leny.april8.org\/?page_id=6575"},"modified":"2023-09-21T12:54:35","modified_gmt":"2023-09-21T12:54:35","slug":"blog","status":"publish","type":"page","link":"http:\/\/leny.eu\/hr\/blog\/","title":{"rendered":"Blog"},"content":{"rendered":"\n<p><strong>&#8220;Za\u0161to je kod svih modela navedena opcija skra\u0107ivanja hla\u010da?&#8221;<\/strong><\/p>\n\n\n\n<p>Prilikom odabira pravih hla\u010da \u010desto se susre\u0107emo s dilemom du\u017eine. U asortimanu imamo modele hla\u010da koji su ve\u0107 dizajnirani s duljim (produ\u017eenim) nogavicama, \u0161to je odli\u010dna vijest za one s du\u017eim nogama. No, postavlja se pitanje \u0161to u\u010diniti ako ste me\u0111u onima koji trebaju ne\u0161to kra\u0107e hla\u010de? Nema potrebe za brigom jer mi smo tu da vam osiguramo savr\u0161eno pristajanje. <\/p>\n\n\n\n<p>Hla\u010de mo\u017eemo besplatno skratiti na \u017eeljenu duljinu (ova opcija dostupna je uz svaku narud\u017ebu), \u0161to vam omogu\u0107uje da uvijek imate hla\u010de koje vam odgovaraju. No, postavlja se pitanje koja je to\u010dna duljina hla\u010da. Za normalne, planinarske i multifunkcionalne hla\u010de idealno je da nogavica straga dose\u017ee do poda. Naravno, duljina ovisi i o va\u0161im osobnim preferencijama i stilu. Predla\u017eemo da izmjerite hla\u010de koje vam najbolje stoje (upute su na na\u0161oj web stranici <a href=\"http:\/\/leny.eu\/hr\/prilagodena-duljina-hlaca\/\">https:\/\/www.leny.eu\/sl\/hlace-po-meri\/<\/a>) i javite duljinu. <\/p>\n\n\n\n<p>Poseban pristup imamo prema planinarskim i multifunkcionalnim hla\u010dama. Pripremamo ih neporubljene, \u0161to zna\u010di da se mogu podesiti na \u017eeljenu duljinu kako bi savr\u0161eno odgovarale va\u0161im potrebama. To zna\u010di da pri kupnji ovih hla\u010da morate navesti \u017eeljenu du\u017einu hla\u010da kako bi vam pristajale kao salivene. Ukoliko niste sigurni koju du\u017einu odabrati, uvijek nas mo\u017eete konzultirati. Na\u0161 tim dostupan je na broju telefona +386 4 59 55 200 ili putem e-maila info@leny.eu i rado \u0107e vas savjetovati oko odabira du\u017eine hla\u010da.<\/p>\n","protected":false},"excerpt":{"rendered":"<p>&#8220;Za\u0161to je kod svih modela navedena opcija skra\u0107ivanja hla\u010da?&#8221; Prilikom odabira pravih hla\u010da \u010desto se susre\u0107emo s dilemom du\u017eine. U asortimanu imamo modele hla\u010da koji su ve\u0107 dizajnirani s duljim (produ\u017eenim) nogavicama, \u0161to je odli\u010dna vijest za one s du\u017eim nogama. No, postavlja se pitanje \u0161to u\u010diniti ako ste me\u0111u onima koji trebaju ne\u0161to kra\u0107e&hellip;<\/p>\n","protected":false},"author":4,"featured_media":0,"parent":0,"menu_order":0,"comment_status":"closed","ping_status":"closed","template":"","meta":{"footnotes":""},"class_list":["post-6575","page","type-page","status-publish","hentry"],"jetpack_sharing_enabled":true,"_links":{"self":[{"href":"http:\/\/leny.eu\/hr\/wp-json\/wp\/v2\/pages\/6575","targetHints":{"allow":["GET"]}}],"collection":[{"href":"http:\/\/leny.eu\/hr\/wp-json\/wp\/v2\/pages"}],"about":[{"href":"http:\/\/leny.eu\/hr\/wp-json\/wp\/v2\/types\/page"}],"author":[{"embeddable":true,"href":"http:\/\/leny.eu\/hr\/wp-json\/wp\/v2\/users\/4"}],"replies":[{"embeddable":true,"href":"http:\/\/leny.eu\/hr\/wp-json\/wp\/v2\/comments?post=6575"}],"version-history":[{"count":4,"href":"http:\/\/leny.eu\/hr\/wp-json\/wp\/v2\/pages\/6575\/revisions"}],"predecessor-version":[{"id":8567,"href":"http:\/\/leny.eu\/hr\/wp-json\/wp\/v2\/pages\/6575\/revisions\/8567"}],"wp:attachment":[{"href":"http:\/\/leny.eu\/hr\/wp-json\/wp\/v2\/media?parent=6575"}],"curies":[{"name":"wp","href":"https:\/\/api.w.org\/{rel}","templated":true}]}}