{"id":6681,"date":"2023-05-31T07:31:11","date_gmt":"2023-05-31T07:31:11","guid":{"rendered":"https:\/\/www.leny.eu\/?page_id=6681"},"modified":"2023-05-31T07:40:48","modified_gmt":"2023-05-31T07:40:48","slug":"trgovina","status":"publish","type":"page","link":"http:\/\/leny.eu\/hr\/trgovina\/","title":{"rendered":"TRGOVINA"},"content":{"rendered":"\n<p>Leny na novoj lokaciji &#8211; <a href=\"https:\/\/goo.gl\/maps\/P3dCRjKf6T5Jo5Mc8\">Jezerska cesta 121<\/a> u Kranju.<\/p>\n\n\n\n<p>Posjetite nas u na\u0161oj industrijskoj trgovini:<\/p>\n\n\n\n<p>Ponedjeljak izme\u0111u 8:00 i 15:00 sati<br>Utorak izme\u0111u 8:00 i 18:00 sati<br>Srijeda izme\u0111u 8:00 i 15:00 sati<br>\u010cetvrtak izme\u0111u 8:00 i 18:00 sati<br>Petak izme\u0111u 8:00 i 13:00 sati<br>Subota izme\u0111u 9:00 i 12:00 sati<\/p>\n","protected":false},"excerpt":{"rendered":"<p>Leny na novoj lokaciji &#8211; Jezerska cesta 121 u Kranju. Posjetite nas u na\u0161oj industrijskoj trgovini: Ponedjeljak izme\u0111u 8:00 i 15:00 satiUtorak izme\u0111u 8:00 i 18:00 satiSrijeda izme\u0111u 8:00 i 15:00 sati\u010cetvrtak izme\u0111u 8:00 i 18:00 satiPetak izme\u0111u 8:00 i 13:00 satiSubota izme\u0111u 9:00 i 12:00 sati<\/p>\n","protected":false},"author":4,"featured_media":0,"parent":0,"menu_order":0,"comment_status":"closed","ping_status":"closed","template":"","meta":{"footnotes":""},"class_list":["post-6681","page","type-page","status-publish","hentry"],"jetpack_sharing_enabled":true,"_links":{"self":[{"href":"http:\/\/leny.eu\/hr\/wp-json\/wp\/v2\/pages\/6681","targetHints":{"allow":["GET"]}}],"collection":[{"href":"http:\/\/leny.eu\/hr\/wp-json\/wp\/v2\/pages"}],"about":[{"href":"http:\/\/leny.eu\/hr\/wp-json\/wp\/v2\/types\/page"}],"author":[{"embeddable":true,"href":"http:\/\/leny.eu\/hr\/wp-json\/wp\/v2\/users\/4"}],"replies":[{"embeddable":true,"href":"http:\/\/leny.eu\/hr\/wp-json\/wp\/v2\/comments?post=6681"}],"version-history":[{"count":1,"href":"http:\/\/leny.eu\/hr\/wp-json\/wp\/v2\/pages\/6681\/revisions"}],"predecessor-version":[{"id":6682,"href":"http:\/\/leny.eu\/hr\/wp-json\/wp\/v2\/pages\/6681\/revisions\/6682"}],"wp:attachment":[{"href":"http:\/\/leny.eu\/hr\/wp-json\/wp\/v2\/media?parent=6681"}],"curies":[{"name":"wp","href":"https:\/\/api.w.org\/{rel}","templated":true}]}}