{"id":12378,"date":"2024-08-12T09:49:42","date_gmt":"2024-08-12T09:49:42","guid":{"rendered":"https:\/\/www.leny.eu\/izdelek\/urbane-kratke-hlace\/"},"modified":"2024-08-12T09:49:42","modified_gmt":"2024-08-12T09:49:42","slug":"urbane-kratke-hlace","status":"publish","type":"product","link":"http:\/\/leny.eu\/hr\/proizvod\/urbane-kratke-hlace\/","title":{"rendered":"Urbane kratke hla\u010de"},"content":{"rendered":"<p><strong>Zna\u010dajke:<\/strong><\/p>\n<ul>\n<li>Udoban Urban model<\/li>\n<li>elasti\u010dni struk<\/li>\n<li>Mekani, elasti\u010dni materijal &#8211; Jersey<\/li>\n<li>U svijetloj boji<\/li>\n<\/ul>\n<p><strong>Ostali detalji:<\/strong><\/p>\n<ul>\n<li>Dva d\u017eepa sprijeda, dva straga<\/li>\n<li>Elasti\u010dna i traka u struku<\/li>\n<li>Navedeni patentni zatvara\u010d za moderan izgled<\/li>\n<\/ul>\n<p><strong>Materijal i njega:<\/strong><\/p>\n<ul>\n<li>  Sastav: 95% pamuk, 5% elastin<br \/>\n Perite na 30 oC (upute za odr\u017eavanje su na\u0161ivene na etiketi hla\u010da)<\/li>\n<\/ul>\n","protected":false},"excerpt":{"rendered":"<p>Otkrijte udobnost i stil uz na\u0161e Urbane kratke hla\u010de izra\u0111ene od vrhunskog materijala. Ove hla\u010de su savr\u0161en izbor za tople dane, jer su izra\u0111ene od tanke, mekane i elasti\u010dne tkanine koja savr\u0161eno pristaje va\u0161oj figuri. Zahvaljuju\u0107i izuzetnoj kvaliteti materijala, koji je proizveden u Sloveniji, u ovim hla\u010dama u\u017eivat \u0107ete u udobnosti i prozra\u010dnosti tijekom cijelog dana. Idealne su za opu\u0161tenu \u0161etnju gradom, sportske aktivnosti ili le\u017eerno poslijepodne. Odaberite kratke hla\u010de Urban za beskompromisnu udobnost i moderan izgled. <\/p>\n<p>&nbsp;<\/p>\n","protected":false},"featured_media":9747,"comment_status":"open","ping_status":"closed","template":"","meta":[],"product_brand":[],"product_cat":[196],"product_tag":[],"class_list":{"0":"post-12378","1":"product","2":"type-product","3":"status-publish","4":"has-post-thumbnail","6":"product_cat-muske-hlace","8":"first","9":"instock","10":"taxable","11":"shipping-taxable","12":"purchasable","13":"product-type-variable"},"jetpack_sharing_enabled":true,"_links":{"self":[{"href":"http:\/\/leny.eu\/hr\/wp-json\/wp\/v2\/product\/12378","targetHints":{"allow":["GET"]}}],"collection":[{"href":"http:\/\/leny.eu\/hr\/wp-json\/wp\/v2\/product"}],"about":[{"href":"http:\/\/leny.eu\/hr\/wp-json\/wp\/v2\/types\/product"}],"replies":[{"embeddable":true,"href":"http:\/\/leny.eu\/hr\/wp-json\/wp\/v2\/comments?post=12378"}],"wp:featuredmedia":[{"embeddable":true,"href":"http:\/\/leny.eu\/hr\/wp-json\/wp\/v2\/media\/9747"}],"wp:attachment":[{"href":"http:\/\/leny.eu\/hr\/wp-json\/wp\/v2\/media?parent=12378"}],"wp:term":[{"taxonomy":"product_brand","embeddable":true,"href":"http:\/\/leny.eu\/hr\/wp-json\/wp\/v2\/product_brand?post=12378"},{"taxonomy":"product_cat","embeddable":true,"href":"http:\/\/leny.eu\/hr\/wp-json\/wp\/v2\/product_cat?post=12378"},{"taxonomy":"product_tag","embeddable":true,"href":"http:\/\/leny.eu\/hr\/wp-json\/wp\/v2\/product_tag?post=12378"}],"curies":[{"name":"wp","href":"https:\/\/api.w.org\/{rel}","templated":true}]}}