{"id":12393,"date":"2023-11-09T17:59:48","date_gmt":"2023-11-09T17:59:48","guid":{"rendered":"https:\/\/www.leny.eu\/izdelek\/jure-premium-100-pamuk\/"},"modified":"2023-11-09T17:59:48","modified_gmt":"2023-11-09T17:59:48","slug":"jure-premium-100-pamuk","status":"publish","type":"product","link":"http:\/\/leny.eu\/hr\/proizvod\/jure-premium-100-pamuk\/","title":{"rendered":"Jure Premium 100% pamuk"},"content":{"rendered":"<p><strong>Tip gra\u0111e:<\/strong> svi<\/p>\n<p><strong>Zna\u010dajke:<\/strong><\/p>\n<ul>\n<li>Vrhunski talijanski traper Candiani, 100% pamuk<\/li>\n<li>Klasi\u010dan kroj s povi\u0161enim strukom osigurava da hla\u010de ostanu na mjestu i kada se kre\u0107ete<\/li>\n<li>Ravne nogavice, \u0161ire u bedrima<\/li>\n<\/ul>\n<p><strong>Ostali detalji:<\/strong><\/p>\n<ul>\n<li>5 d\u017eepova<\/li>\n<li>Aluminijske zakovice<\/li>\n<li>YKK<\/li>\n<\/ul>\n<p><strong>Materijal i njega:<\/strong><\/p>\n<ul>\n<li>Sastav: 100% pamuk, Candiani traper &#8211; proizvedeno u EU<\/li>\n<li>Pranje na 30 \u00b0C (upute za odr\u017eavanje su na\u0161ivene na etiketi hla\u010da)<\/li>\n<li>Stvarna boja proizvoda mo\u017ee se minimalno razlikovati od slike proizvoda.<\/li>\n<\/ul>\n<p><strong>Dimenzije:  <\/strong><\/p>\n<p>Standardne dimenzije Leny hla\u010da mo\u017eete vidjeti u tablici. Za kupnju idealnog para hla\u010da preporu\u010damo da izmjerite dimenzije svojih omiljenih hla\u010da i svoje mjere prona\u0111ete u tablici. Stoga \u0107ete sigurno kupiti savr\u0161ene lenyske za sebe!<\/p>\n<p>&nbsp;<\/p>\n<blockquote class=\"wp-embedded-content\" data-secret=\"Q71S5PJ8Wo\"><p><a href=\"https:\/\/www.leny.eu\/sl\/hlace-po-meri\/\">Hla\u010de po meri<\/a><\/p><\/blockquote>\n<p><iframe loading=\"lazy\" class=\"wp-embedded-content\" sandbox=\"allow-scripts\" security=\"restricted\" style=\"position: absolute; visibility: hidden;\" title=\"&#8220;Hla\u010de po meri&#8221; &#8212; Leny\" src=\"https:\/\/www.leny.eu\/sl\/hlace-po-meri\/embed\/#?secret=IHXAF07Di6#?secret=Q71S5PJ8Wo\" data-secret=\"Q71S5PJ8Wo\" width=\"600\" height=\"338\" frameborder=\"0\" marginwidth=\"0\" marginheight=\"0\" scrolling=\"no\"><\/iframe><\/p>\n<p>&nbsp;<\/p>\n","protected":false},"excerpt":{"rendered":"<p>Otkrijte najprodavaniji model hla\u010da Jure, u premium premium trapericama od 100% pamuka &#8211; potpuno bez elastina. Ako se kunete u bezvremensku klasiku, ali \u017eelite ne\u0161to moderno, ove su hla\u010de za vas.<\/p>\n<p>Dizajnirane su imaju\u0107i na umu va\u0161u udobnost: srednji uspon i povi\u0161eni struk straga osiguravaju da hla\u010de ostanu na mjestu \u010dak i kada se sagnete. Kombinacija elegancije i izdr\u017eljivosti koju nudi ovaj beskompromisni materijal savr\u0161ena je za one koji cijene kvalitetu i stil. Svaki detalj pa\u017eljivo je promi\u0161ljen kako biste se osje\u0107ali samouvjereno i moderno u ovim hla\u010dama.<\/p>\n<p>&nbsp;<\/p>\n<p>&nbsp;<\/p>\n","protected":false},"featured_media":9125,"comment_status":"open","ping_status":"closed","template":"","meta":[],"product_brand":[],"product_cat":[330],"product_tag":[],"class_list":{"0":"post-12393","1":"product","2":"type-product","3":"status-publish","4":"has-post-thumbnail","6":"product_cat-leny-premium-hr","8":"first","9":"instock","10":"taxable","11":"shipping-taxable","12":"purchasable","13":"product-type-variable"},"jetpack_sharing_enabled":true,"_links":{"self":[{"href":"http:\/\/leny.eu\/hr\/wp-json\/wp\/v2\/product\/12393","targetHints":{"allow":["GET"]}}],"collection":[{"href":"http:\/\/leny.eu\/hr\/wp-json\/wp\/v2\/product"}],"about":[{"href":"http:\/\/leny.eu\/hr\/wp-json\/wp\/v2\/types\/product"}],"replies":[{"embeddable":true,"href":"http:\/\/leny.eu\/hr\/wp-json\/wp\/v2\/comments?post=12393"}],"wp:featuredmedia":[{"embeddable":true,"href":"http:\/\/leny.eu\/hr\/wp-json\/wp\/v2\/media\/9125"}],"wp:attachment":[{"href":"http:\/\/leny.eu\/hr\/wp-json\/wp\/v2\/media?parent=12393"}],"wp:term":[{"taxonomy":"product_brand","embeddable":true,"href":"http:\/\/leny.eu\/hr\/wp-json\/wp\/v2\/product_brand?post=12393"},{"taxonomy":"product_cat","embeddable":true,"href":"http:\/\/leny.eu\/hr\/wp-json\/wp\/v2\/product_cat?post=12393"},{"taxonomy":"product_tag","embeddable":true,"href":"http:\/\/leny.eu\/hr\/wp-json\/wp\/v2\/product_tag?post=12393"}],"curies":[{"name":"wp","href":"https:\/\/api.w.org\/{rel}","templated":true}]}}