{"id":4009,"date":"2023-04-06T08:51:05","date_gmt":"2023-04-06T08:51:05","guid":{"rendered":"https:\/\/leny.april8.org\/product\/zenske-planinarske-hlace\/"},"modified":"2023-05-31T13:23:14","modified_gmt":"2023-05-31T13:23:14","slug":"zenske-planinarske-hlace-bez-zatvaraca-lm300w","status":"publish","type":"product","link":"http:\/\/leny.eu\/hr\/proizvod\/zenske-planinarske-hlace-bez-zatvaraca-lm300w\/","title":{"rendered":"\u017dENSKE PLANINARSKE HLA\u010cE BEZ ZATVARA\u010cA LM300W"},"content":{"rendered":"<p><strong>Tip gra\u0111e<\/strong>: svi<\/p>\n<p><strong>Zna\u010dajke:<\/strong><\/p>\n<ul>\n<li>Bi-elasti\u010dan, lagan i mekan materijal<\/li>\n<li>Tehni\u010dki kroj sa srednje visokim pojasom<\/li>\n<li>Nogavice su pripijene do koljena i padaju ispod koljena<\/li>\n<\/ul>\n<p><strong>Ostali detalji:<\/strong><\/p>\n<ul>\n<li>Elasti\u010dni struk, bez gumba i patenta<\/li>\n<li>Dva skrivena d\u017eepa s patentima u trendi bojama<\/li>\n<li>Materijal s odsjajem na prednjoj i stra\u017enjoj strani<\/li>\n<li>Vi\u0161e kombinacija boja<\/li>\n<\/ul>\n<p><strong>Njega: <\/strong><\/p>\n<ul>\n<li>Pranje na 30 <sup>\u00b0<\/sup>C (upute za odr\u017eavanje su na\u0161ivene na etiketi hla\u010da)<\/li>\n<li>Ne preporu\u010damo pranje s omek\u0161iva\u010dem jer mo\u017ee uni\u0161titi funkcionalna svojstva materijala<\/li>\n<\/ul>\n","protected":false},"excerpt":{"rendered":"<p>Hla\u010de bez patenta, koje impresioniraju i najzahtjevnije planinare, spajaju udobnost tajica s izdr\u017eljivo\u0161\u0107u hla\u010da za planinarenje. Prikladne su kako za intenzivne tjelesne aktivnosti poput planinarenja i tr\u010danja, tako i za svakodnevnu rekreaciju uz laganiju vo\u017enju biciklom ili \u0161etnju. Zbog izvrsnih svojstava materijala, mo\u017eete ih nositi u svim godi\u0161njim dobima.<\/p>\n<p>Sve Leny planinarske hla\u010de nemaju obra\u0111ene rubove nogavica, stoga odaberite opciju skra\u0107ivanja hla\u010da i unesite duljinu svojih nogavica. Na taj na\u010din \u0107emo vam tako\u0111er obraditi rubove hla\u010da. Za pomo\u0107, molimo pogledajte upute o tome kako izmjeriti duljinu nogavica prema svojim \u017eeljama.<\/p>\n","protected":false},"featured_media":6704,"comment_status":"open","ping_status":"closed","template":"","meta":[],"product_brand":[],"product_cat":[260],"product_tag":[],"class_list":{"0":"post-4009","1":"product","2":"type-product","3":"status-publish","4":"has-post-thumbnail","6":"product_cat-planinarske-hlace","8":"first","9":"instock","10":"shipping-taxable","11":"purchasable","12":"product-type-variable"},"jetpack_sharing_enabled":true,"_links":{"self":[{"href":"http:\/\/leny.eu\/hr\/wp-json\/wp\/v2\/product\/4009","targetHints":{"allow":["GET"]}}],"collection":[{"href":"http:\/\/leny.eu\/hr\/wp-json\/wp\/v2\/product"}],"about":[{"href":"http:\/\/leny.eu\/hr\/wp-json\/wp\/v2\/types\/product"}],"replies":[{"embeddable":true,"href":"http:\/\/leny.eu\/hr\/wp-json\/wp\/v2\/comments?post=4009"}],"wp:featuredmedia":[{"embeddable":true,"href":"http:\/\/leny.eu\/hr\/wp-json\/wp\/v2\/media\/6704"}],"wp:attachment":[{"href":"http:\/\/leny.eu\/hr\/wp-json\/wp\/v2\/media?parent=4009"}],"wp:term":[{"taxonomy":"product_brand","embeddable":true,"href":"http:\/\/leny.eu\/hr\/wp-json\/wp\/v2\/product_brand?post=4009"},{"taxonomy":"product_cat","embeddable":true,"href":"http:\/\/leny.eu\/hr\/wp-json\/wp\/v2\/product_cat?post=4009"},{"taxonomy":"product_tag","embeddable":true,"href":"http:\/\/leny.eu\/hr\/wp-json\/wp\/v2\/product_tag?post=4009"}],"curies":[{"name":"wp","href":"https:\/\/api.w.org\/{rel}","templated":true}]}}