{"id":4069,"date":"2023-04-06T08:47:26","date_gmt":"2023-04-06T08:47:26","guid":{"rendered":"https:\/\/leny.april8.org\/product\/muske-planinarske-hlace\/"},"modified":"2023-05-31T13:26:34","modified_gmt":"2023-05-31T13:26:34","slug":"muske-alpinisticke-hlace-lm310m","status":"publish","type":"product","link":"http:\/\/leny.eu\/hr\/proizvod\/muske-alpinisticke-hlace-lm310m\/","title":{"rendered":"MU\u0160KE ALPINISTI\u010cKE HLA\u010cE LM310M"},"content":{"rendered":"<p><strong>Tip gra\u0111e<\/strong>: svi<\/p>\n<p><strong>Zna\u010dajke:<\/strong><\/p>\n<ul>\n<li>Bi-elasti\u010dan, lagan i mekan materijal<\/li>\n<li>Tehni\u010dki kroj sa srednje visokim pojasom<\/li>\n<li>U\u017ee, padaju\u0107e nogavice<\/li>\n<\/ul>\n<p><strong>Ostali detalji:<\/strong><\/p>\n<ul>\n<li>Jaki patent i dugme<\/li>\n<li>Kosi prednji d\u017eep s patentom<\/li>\n<li>Stra\u017enji d\u017eep s patentom<\/li>\n<li>Elasti\u010dni pojas u struku<\/li>\n<li>\u0160iroke om\u010de za remen (<em>otvori<\/em>)<\/li>\n<li>Materijal s odsjajem na prednjoj i stra\u017enjoj strani<\/li>\n<li>Oja\u010dana koljena, stra\u017enjica i donji unutarnji dio (<em>kevlar<\/em>)*<\/li>\n<\/ul>\n<p>*Dodatno poja\u010danje za ve\u0107u izdr\u017eljivost \u010dak i pri kori\u0161tenju ve\u0107ih planinarskih \u010dizama.<\/p>\n<p><strong>Njega: <\/strong><\/p>\n<ul>\n<li>Pranje na 30 <sup>\u00b0<\/sup>C (upute za odr\u017eavanje su na\u0161ivene na etiketi hla\u010da)<\/li>\n<li>Ne preporu\u010damo pranje s omek\u0161iva\u010dem jer mo\u017ee uni\u0161titi funkcionalna svojstva materijala<\/li>\n<\/ul>\n<p>&nbsp;<\/p>\n","protected":false},"excerpt":{"rendered":"<p>Vodootporni, prozra\u010dni materijal i dodatno oja\u010danje na stra\u017enjici, koljenima i donjem unutarnjem dijelu hla\u010da, podnijet \u0107e i najve\u0107e alpinisti\u010dke izazove. Tako\u0111er mo\u017eete o\u010dekivati neizostavnu udobnost u svim vremenskim uvjetima.<\/p>\n<p>Sve Leny planinarske hla\u010de nemaju obra\u0111ene rubove nogavica, stoga odaberite opciju skra\u0107ivanja hla\u010da i unesite duljinu svojih nogavica. Na taj na\u010din \u0107emo vam tako\u0111er obraditi rubove hla\u010da. Za pomo\u0107, molimo pogledajte upute o tome kako izmjeriti duljinu nogavica prema svojim \u017eeljama.<\/p>\n","protected":false},"featured_media":13834,"comment_status":"open","ping_status":"closed","template":"","meta":[],"product_brand":[],"product_cat":[260],"product_tag":[],"class_list":{"0":"post-4069","1":"product","2":"type-product","3":"status-publish","4":"has-post-thumbnail","6":"product_cat-planinarske-hlace","8":"first","9":"instock","10":"shipping-taxable","11":"purchasable","12":"product-type-variable"},"jetpack_sharing_enabled":true,"_links":{"self":[{"href":"http:\/\/leny.eu\/hr\/wp-json\/wp\/v2\/product\/4069","targetHints":{"allow":["GET"]}}],"collection":[{"href":"http:\/\/leny.eu\/hr\/wp-json\/wp\/v2\/product"}],"about":[{"href":"http:\/\/leny.eu\/hr\/wp-json\/wp\/v2\/types\/product"}],"replies":[{"embeddable":true,"href":"http:\/\/leny.eu\/hr\/wp-json\/wp\/v2\/comments?post=4069"}],"wp:featuredmedia":[{"embeddable":true,"href":"http:\/\/leny.eu\/hr\/wp-json\/wp\/v2\/media\/13834"}],"wp:attachment":[{"href":"http:\/\/leny.eu\/hr\/wp-json\/wp\/v2\/media?parent=4069"}],"wp:term":[{"taxonomy":"product_brand","embeddable":true,"href":"http:\/\/leny.eu\/hr\/wp-json\/wp\/v2\/product_brand?post=4069"},{"taxonomy":"product_cat","embeddable":true,"href":"http:\/\/leny.eu\/hr\/wp-json\/wp\/v2\/product_cat?post=4069"},{"taxonomy":"product_tag","embeddable":true,"href":"http:\/\/leny.eu\/hr\/wp-json\/wp\/v2\/product_tag?post=4069"}],"curies":[{"name":"wp","href":"https:\/\/api.w.org\/{rel}","templated":true}]}}