{"id":4117,"date":"2023-04-06T08:36:27","date_gmt":"2023-04-06T08:36:27","guid":{"rendered":"https:\/\/leny.april8.org\/product\/riga-barsun\/"},"modified":"2024-11-03T06:24:25","modified_gmt":"2024-11-03T06:24:25","slug":"riga-barsun","status":"publish","type":"product","link":"http:\/\/leny.eu\/hr\/proizvod\/riga-barsun\/","title":{"rendered":"RIGA BAR\u0160UN"},"content":{"rendered":"<p><strong>Tip gra\u0111e:<\/strong> Svi, \u010dak i ja\u010de<\/p>\n<p><strong>Zna\u010dajke: <\/strong><\/p>\n<ul>\n<li>Meke rastezljive traperice, ostali materijali s elastinom<\/li>\n<li>Rastezljivi vi\u0161i struk<\/li>\n<li>Ravne, blago su\u017eene hla\u010de<\/li>\n<li>Elasti\u010dni struk<\/li>\n<li>4 d\u017eepa<\/li>\n<li>Aluminijske zakovice<\/li>\n<li>YKK ili GG zatvara\u010d<\/li>\n<\/ul>\n<p><strong>Materijal i njega:<\/strong><\/p>\n<ul>\n<li>Sastav: 97% pamuk i 3% elastin<\/li>\n<li>Pranje na 30 <sup>\u00b0<\/sup>C (upute za odr\u017eavanje su na\u0161ivene na etiketi hla\u010da)<\/li>\n<\/ul>\n<p>&nbsp;<\/p>\n<p><strong>Dimenzije: <\/strong><\/p>\n<p>Standardne dimenzije Leny hla\u010da mo\u017eete vidjeti u tablici. Za kupnju savr\u0161enog para hla\u010da preporu\u010dujemo da izmjerite dimenzije svojih omiljenih hla\u010da i prona\u0111ete svoje mjere u tablici. Na taj na\u010din \u0107ete sigurno kupiti savr\u0161ene Leny hla\u010de za sebe!<\/p>\n<blockquote class=\"wp-embedded-content\" data-secret=\"eYmvatC88t\"><p><a href=\"https:\/\/www.leny.eu\/hr\/prilagodena-duljina-hlaca\/\">Prilago\u0111ena duljina hla\u010da<\/a><\/p><\/blockquote>\n<p><iframe loading=\"lazy\" class=\"wp-embedded-content\" sandbox=\"allow-scripts\" security=\"restricted\" style=\"position: absolute; clip: rect(1px, 1px, 1px, 1px);\" title=\"&#8220;Prilago\u0111ena duljina hla\u010da&#8221; &#8212; Leny\" src=\"https:\/\/www.leny.eu\/hr\/prilagodena-duljina-hlaca\/embed\/#?secret=bJ962uGs9T#?secret=eYmvatC88t\" data-secret=\"eYmvatC88t\" width=\"600\" height=\"338\" frameborder=\"0\" marginwidth=\"0\" marginheight=\"0\" scrolling=\"no\"><\/iframe><\/p>\n","protected":false},"excerpt":{"rendered":"<p>Ja sam Riga i nudim udobnost bez premca. Kod mene je kretanje glatko, \u010dak i ako cijeli radni dan provedemo zajedno! Imam elasti\u010dan struk, \u0161to pristaje velikoj ve\u0107ini. Le\u0111a su umjereno podignuta, a nogavice ravne, klasi\u010dne. Pa, spremna sam na sve, gdje \u0107emo?<\/p>\n","protected":false},"featured_media":1988,"comment_status":"open","ping_status":"closed","template":"","meta":[],"product_brand":[],"product_cat":[272],"product_tag":[],"class_list":{"0":"post-4117","1":"product","2":"type-product","3":"status-publish","4":"has-post-thumbnail","6":"product_cat-zenske-hlace","8":"first","9":"outofstock","10":"shipping-taxable","11":"purchasable","12":"product-type-variable"},"jetpack_sharing_enabled":true,"_links":{"self":[{"href":"http:\/\/leny.eu\/hr\/wp-json\/wp\/v2\/product\/4117","targetHints":{"allow":["GET"]}}],"collection":[{"href":"http:\/\/leny.eu\/hr\/wp-json\/wp\/v2\/product"}],"about":[{"href":"http:\/\/leny.eu\/hr\/wp-json\/wp\/v2\/types\/product"}],"replies":[{"embeddable":true,"href":"http:\/\/leny.eu\/hr\/wp-json\/wp\/v2\/comments?post=4117"}],"wp:featuredmedia":[{"embeddable":true,"href":"http:\/\/leny.eu\/hr\/wp-json\/wp\/v2\/media\/1988"}],"wp:attachment":[{"href":"http:\/\/leny.eu\/hr\/wp-json\/wp\/v2\/media?parent=4117"}],"wp:term":[{"taxonomy":"product_brand","embeddable":true,"href":"http:\/\/leny.eu\/hr\/wp-json\/wp\/v2\/product_brand?post=4117"},{"taxonomy":"product_cat","embeddable":true,"href":"http:\/\/leny.eu\/hr\/wp-json\/wp\/v2\/product_cat?post=4117"},{"taxonomy":"product_tag","embeddable":true,"href":"http:\/\/leny.eu\/hr\/wp-json\/wp\/v2\/product_tag?post=4117"}],"curies":[{"name":"wp","href":"https:\/\/api.w.org\/{rel}","templated":true}]}}