{"id":4214,"date":"2023-03-23T12:26:06","date_gmt":"2023-03-23T12:26:06","guid":{"rendered":"https:\/\/leny.april8.org\/product\/riga\/"},"modified":"2025-01-23T09:33:40","modified_gmt":"2025-01-23T09:33:40","slug":"riga-cro","status":"publish","type":"product","link":"http:\/\/leny.eu\/hr\/proizvod\/riga-cro\/","title":{"rendered":"RIGA"},"content":{"rendered":"<p><strong>Tip gra\u0111e:<\/strong> Svi, \u010dak i ja\u010de<\/p>\n<p><strong>Zna\u010dajke: <\/strong><\/p>\n<ul>\n<li>Meke rastezljive traperice, ostali materijali s elastinom<\/li>\n<li>Rastezljivi vi\u0161i struk<\/li>\n<li>Ravne<\/li>\n<li>Elasti\u010dni struk<\/li>\n<li>4 d\u017eepa<\/li>\n<li>Aluminijske zakovice<\/li>\n<li>YKK zadrga<\/li>\n<\/ul>\n<p><strong>Materijal i njega:<\/strong><\/p>\n<ul>\n<li>Sestava: bomba\u017e 98 % in elastan 2 % (sestava tkanine lahko variira, to\u010dno sestavo najdete na v\u0161itku hla\u010d)<\/li>\n<li>Pranje na 30 <sup>\u00b0<\/sup>C (upute za odr\u017eavanje su na\u0161ivene na etiketi hla\u010da)<\/li>\n<\/ul>\n<p>&nbsp;<\/p>\n<p><strong>Dimenzije:  <\/strong><\/p>\n<p>Standardne dimenzije Leny hla\u010da mo\u017eete vidjeti u tablici. Za kupnju idealnog para hla\u010da preporu\u010damo da izmjerite dimenzije svojih omiljenih hla\u010da i svoje mjere prona\u0111ete u tablici. Stoga \u0107ete sigurno kupiti savr\u0161ene lenyske za sebe!<\/p>\n<p>&nbsp;<\/p>\n<blockquote class=\"wp-embedded-content\" data-secret=\"LTAtSSGt1o\"><p><a href=\"https:\/\/www.leny.eu\/hr\/prilagodena-duljina-hlaca\/\">Hla\u010de po meri<\/a><\/p><\/blockquote>\n<p><iframe loading=\"lazy\" class=\"wp-embedded-content\" sandbox=\"allow-scripts\" security=\"restricted\" style=\"position: absolute; visibility: hidden;\" title=\"&#8220;Hla\u010de po meri&#8221; &#8212; Leny\" src=\"https:\/\/www.leny.eu\/hr\/prilagodena-duljina-hlaca\/embed\/#?secret=IjIah4FNF1#?secret=LTAtSSGt1o\" data-secret=\"LTAtSSGt1o\" width=\"600\" height=\"338\" frameborder=\"0\" marginwidth=\"0\" marginheight=\"0\" scrolling=\"no\"><\/iframe><\/p>\n","protected":false},"excerpt":{"rendered":"<p><strong>Model Riga<\/strong> iznimno je udoban i svestran odjevni komad. S visokim strukom i u\u0161ivenom gumicom u struku osigurava savr\u0161eno pristajanje i udobnost tijekom cijelog dana. Pojas je dizajniran tako da vam omogu\u0107uje no\u0161enje dodatnog pojasa po va\u0161em izboru. Ravne hla\u010de daju da\u0161ak elegancije, \u0161to ove hla\u010de \u010dini idealnim za razne prilike &#8211; od posla, opu\u0161tene \u0161etnje do dru\u017eenja s prijateljima.<\/p>\n<p>Ovaj model je vrlo popularan i neizostavan u svakom ormaru.<\/p>\n<p>Trgovina nudi ve\u0107i izbor materijala i boja nego \u0161to je prikazano na ovoj stranici.<\/p>\n<p>&nbsp;<\/p>\n","protected":false},"featured_media":14660,"comment_status":"open","ping_status":"closed","template":"","meta":[],"product_brand":[],"product_cat":[272],"product_tag":[],"class_list":{"0":"post-4214","1":"product","2":"type-product","3":"status-publish","4":"has-post-thumbnail","6":"product_cat-zenske-hlace","8":"first","9":"instock","10":"taxable","11":"shipping-taxable","12":"purchasable","13":"product-type-variable"},"jetpack_sharing_enabled":true,"_links":{"self":[{"href":"http:\/\/leny.eu\/hr\/wp-json\/wp\/v2\/product\/4214","targetHints":{"allow":["GET"]}}],"collection":[{"href":"http:\/\/leny.eu\/hr\/wp-json\/wp\/v2\/product"}],"about":[{"href":"http:\/\/leny.eu\/hr\/wp-json\/wp\/v2\/types\/product"}],"replies":[{"embeddable":true,"href":"http:\/\/leny.eu\/hr\/wp-json\/wp\/v2\/comments?post=4214"}],"wp:featuredmedia":[{"embeddable":true,"href":"http:\/\/leny.eu\/hr\/wp-json\/wp\/v2\/media\/14660"}],"wp:attachment":[{"href":"http:\/\/leny.eu\/hr\/wp-json\/wp\/v2\/media?parent=4214"}],"wp:term":[{"taxonomy":"product_brand","embeddable":true,"href":"http:\/\/leny.eu\/hr\/wp-json\/wp\/v2\/product_brand?post=4214"},{"taxonomy":"product_cat","embeddable":true,"href":"http:\/\/leny.eu\/hr\/wp-json\/wp\/v2\/product_cat?post=4214"},{"taxonomy":"product_tag","embeddable":true,"href":"http:\/\/leny.eu\/hr\/wp-json\/wp\/v2\/product_tag?post=4214"}],"curies":[{"name":"wp","href":"https:\/\/api.w.org\/{rel}","templated":true}]}}