{"id":4335,"date":"2023-03-23T12:24:38","date_gmt":"2023-03-23T12:24:38","guid":{"rendered":"https:\/\/leny.april8.org\/product\/moskva\/"},"modified":"2024-10-14T09:52:23","modified_gmt":"2024-10-14T09:52:23","slug":"moskva-ger","status":"publish","type":"product","link":"http:\/\/leny.eu\/hr\/proizvod\/moskva-ger\/","title":{"rendered":"MOSKVA"},"content":{"rendered":"<p><strong>Tip gra\u0111e:<\/strong> Svi, i oni s tanjim nogama<\/p>\n<p><strong>Zna\u010dajke:<\/strong><\/p>\n<ul>\n<li>Meke rastezljive traperice, dostupne u nekoliko nijansi<\/li>\n<li>Srednje visoki struk<\/li>\n<li>Su\u017eene nogavice<\/li>\n<li>5 d\u017eepova<\/li>\n<li>Aluminijske zakovice<\/li>\n<li>YKK ili GG zatvara\u010d<\/li>\n<\/ul>\n<p><strong>Materijal i njega:<\/strong><\/p>\n<ul>\n<li>Sastav: pamuk 97% i elastin 3% (sastav tkanine mo\u017ee varirati, to\u010dan sastav mo\u017eete prona\u0107i na etiketi hla\u010da)<\/li>\n<li>Pranje na 30 <sup>\u00b0<\/sup>C (upute za odr\u017eavanje su na\u0161ivene na etiketi hla\u010da)<\/li>\n<\/ul>\n<p>&nbsp;<\/p>\n<p><strong>Dimenzije: <\/strong><\/p>\n<p>Standardne dimenzije Leny hla\u010da mo\u017eete vidjeti u tablici. Za kupnju savr\u0161enog para hla\u010da preporu\u010dujemo da izmjerite dimenzije svojih omiljenih hla\u010da i prona\u0111ete svoje mjere u tablici. Na taj na\u010din \u0107ete sigurno kupiti savr\u0161ene Leny hla\u010de za sebe!<\/p>\n<blockquote class=\"wp-embedded-content\" data-secret=\"H5M3MgLuYN\"><p><a href=\"https:\/\/www.leny.eu\/hr\/prilagodena-duljina-hlaca\/\">Prilago\u0111ena duljina hla\u010da<\/a><\/p><\/blockquote>\n<p><iframe loading=\"lazy\" class=\"wp-embedded-content\" sandbox=\"allow-scripts\" security=\"restricted\" style=\"position: absolute; clip: rect(1px, 1px, 1px, 1px);\" title=\"&#8220;Prilago\u0111ena duljina hla\u010da&#8221; &#8212; Leny\" src=\"https:\/\/www.leny.eu\/hr\/prilagodena-duljina-hlaca\/embed\/#?secret=womz3iMCFL#?secret=H5M3MgLuYN\" data-secret=\"H5M3MgLuYN\" width=\"600\" height=\"338\" frameborder=\"0\" marginwidth=\"0\" marginheight=\"0\" scrolling=\"no\"><\/iframe><\/p>\n","protected":false},"excerpt":{"rendered":"<p>Ja sam Moskva, moderni klasik. Odaberite mene ako se zaklinjete u klasiku i \u017eelite biti u trendu u isto vrijeme. Srednje visoki struk, podignut na le\u0111ima, omogu\u0107uje sve vrste gibanja bez bojazni da \u0107ete otkriti previ\u0161e. Su\u017eene, ali ne uske nogavice savr\u0161eno pristaju \u010dak i tankim nogama.<\/p>\n","protected":false},"featured_media":8121,"comment_status":"open","ping_status":"closed","template":"","meta":[],"product_brand":[],"product_cat":[272],"product_tag":[],"class_list":{"0":"post-4335","1":"product","2":"type-product","3":"status-publish","4":"has-post-thumbnail","6":"product_cat-zenske-hlace","8":"first","9":"instock","10":"shipping-taxable","11":"purchasable","12":"product-type-variable","13":"has-default-attributes"},"jetpack_sharing_enabled":true,"_links":{"self":[{"href":"http:\/\/leny.eu\/hr\/wp-json\/wp\/v2\/product\/4335","targetHints":{"allow":["GET"]}}],"collection":[{"href":"http:\/\/leny.eu\/hr\/wp-json\/wp\/v2\/product"}],"about":[{"href":"http:\/\/leny.eu\/hr\/wp-json\/wp\/v2\/types\/product"}],"replies":[{"embeddable":true,"href":"http:\/\/leny.eu\/hr\/wp-json\/wp\/v2\/comments?post=4335"}],"wp:featuredmedia":[{"embeddable":true,"href":"http:\/\/leny.eu\/hr\/wp-json\/wp\/v2\/media\/8121"}],"wp:attachment":[{"href":"http:\/\/leny.eu\/hr\/wp-json\/wp\/v2\/media?parent=4335"}],"wp:term":[{"taxonomy":"product_brand","embeddable":true,"href":"http:\/\/leny.eu\/hr\/wp-json\/wp\/v2\/product_brand?post=4335"},{"taxonomy":"product_cat","embeddable":true,"href":"http:\/\/leny.eu\/hr\/wp-json\/wp\/v2\/product_cat?post=4335"},{"taxonomy":"product_tag","embeddable":true,"href":"http:\/\/leny.eu\/hr\/wp-json\/wp\/v2\/product_tag?post=4335"}],"curies":[{"name":"wp","href":"https:\/\/api.w.org\/{rel}","templated":true}]}}