{"id":4559,"date":"2023-03-23T12:12:59","date_gmt":"2023-03-23T12:12:59","guid":{"rendered":"https:\/\/leny.april8.org\/product\/frenk\/"},"modified":"2023-11-03T16:42:29","modified_gmt":"2023-11-03T16:42:29","slug":"frenk-cro","status":"publish","type":"product","link":"http:\/\/leny.eu\/hr\/proizvod\/frenk-cro\/","title":{"rendered":"FRENK"},"content":{"rendered":"<p><strong>Tip gra\u0111e:<\/strong> Svi, i oni s ja\u010dim nogama<\/p>\n<p><strong>Zna\u010dajke: <\/strong><\/p>\n<ul>\n<li>Mekani rastezljivi materijal, ostali materijali od 100% pamuka<\/li>\n<li>Vi\u0161i rastezljivi elasti\u010dni struk<\/li>\n<li>\u0160ire nogavice, ravne od koljena prema dolje<\/li>\n<li>6 d\u017eepova (prednji kosi, 2 bo\u010dna, 2 stra\u017enja)<\/li>\n<li>YKK ili GG patent<\/li>\n<\/ul>\n<p><strong>Materijal i njega: <\/strong><\/p>\n<ul>\n<li>Sastav: 97% pamuk i 3% elastin ili 100% pamuk (sastav tkanine mo\u017ee varirati, to\u010dan sastav mo\u017eete prona\u0107i na etiketi hla\u010da)<\/li>\n<li>Pranje na 30 <sup>\u00b0<\/sup>C (upute za odr\u017eavanje su na\u0161ivene na etiketi hla\u010da)<\/li>\n<\/ul>\n<p>&nbsp;<\/p>\n<p><strong>Dimenzije: <\/strong><\/p>\n<p>Standardne dimenzije Leny hla\u010da mo\u017eete vidjeti u tablici. Za kupnju savr\u0161enog para hla\u010da preporu\u010dujemo da izmjerite dimenzije svojih omiljenih hla\u010da i prona\u0111ete svoje mjere u tablici. Na taj na\u010din \u0107ete sigurno kupiti savr\u0161ene Leny hla\u010de za sebe!<\/p>\n<p><a href=\"http:\/\/leny.eu\/hr\/prilagodena-duljina-hlaca\/\">https:\/\/www.leny.eu\/hr\/prilagodena-duljina-hlaca\/<\/a><\/p>\n","protected":false},"excerpt":{"rendered":"<p>Ja sam Frenk, a neki ljudi me zovu i Frenk Cargo. Poznat sam po dodatnim d\u017eepovima na nogavicama. U njima se uvijek na\u0111e ne\u0161to zanimljivo &#8211; od bankovne kartice i telefona do odvija\u010da i grickalica. Odaberite mene ako \u017eelite udoban model sa \u0161irim nogavicama. Struk je straga podignut pa je spektar moje upotrebe vrlo raznolik. Odaberite mene ako Vam trebaju hla\u010de za radionicu ili izlet.<\/p>\n","protected":false},"featured_media":14604,"comment_status":"open","ping_status":"closed","template":"","meta":[],"product_brand":[],"product_cat":[196],"product_tag":[],"class_list":{"0":"post-4559","1":"product","2":"type-product","3":"status-publish","4":"has-post-thumbnail","6":"product_cat-muske-hlace","8":"first","9":"instock","10":"shipping-taxable","11":"purchasable","12":"product-type-variable","13":"has-default-attributes"},"jetpack_sharing_enabled":true,"_links":{"self":[{"href":"http:\/\/leny.eu\/hr\/wp-json\/wp\/v2\/product\/4559","targetHints":{"allow":["GET"]}}],"collection":[{"href":"http:\/\/leny.eu\/hr\/wp-json\/wp\/v2\/product"}],"about":[{"href":"http:\/\/leny.eu\/hr\/wp-json\/wp\/v2\/types\/product"}],"replies":[{"embeddable":true,"href":"http:\/\/leny.eu\/hr\/wp-json\/wp\/v2\/comments?post=4559"}],"wp:featuredmedia":[{"embeddable":true,"href":"http:\/\/leny.eu\/hr\/wp-json\/wp\/v2\/media\/14604"}],"wp:attachment":[{"href":"http:\/\/leny.eu\/hr\/wp-json\/wp\/v2\/media?parent=4559"}],"wp:term":[{"taxonomy":"product_brand","embeddable":true,"href":"http:\/\/leny.eu\/hr\/wp-json\/wp\/v2\/product_brand?post=4559"},{"taxonomy":"product_cat","embeddable":true,"href":"http:\/\/leny.eu\/hr\/wp-json\/wp\/v2\/product_cat?post=4559"},{"taxonomy":"product_tag","embeddable":true,"href":"http:\/\/leny.eu\/hr\/wp-json\/wp\/v2\/product_tag?post=4559"}],"curies":[{"name":"wp","href":"https:\/\/api.w.org\/{rel}","templated":true}]}}