{"id":4999,"date":"2023-03-23T12:05:22","date_gmt":"2023-03-23T12:05:22","guid":{"rendered":"https:\/\/leny.april8.org\/product\/nikolas\/"},"modified":"2023-11-03T15:28:41","modified_gmt":"2023-11-03T15:28:41","slug":"nikolas-cro","status":"publish","type":"product","link":"http:\/\/leny.eu\/hr\/proizvod\/nikolas-cro\/","title":{"rendered":"Nikolas"},"content":{"rendered":"<p><strong>Tip gra\u0111e:<\/strong> svi, i vi\u0161i<\/p>\n<p><strong>Zna\u010dajke: <\/strong><\/p>\n<ul>\n<li>Meke rastezljive traperice, ostali materijali s elastinom<\/li>\n<li>Hla\u010de modernog kroja u\u017eih nogavica i klasi\u010dne visine struka<\/li>\n<li>Nogavice su\u017eene na bedrima dobro pristaju i mr\u0161avijim i vi\u0161im tipovima gra\u0111e tijela<\/li>\n<\/ul>\n<p><strong>Ostali detalji: <\/strong><\/p>\n<ul>\n<li>5 d\u017eepova<\/li>\n<li>Aluminijske zakovice<\/li>\n<li>YKK \/ GG patent<\/li>\n<\/ul>\n<p><strong>Materijal i njega: <\/strong><\/p>\n<ul>\n<li>Sastav: pamuk 97% i elastin 3% (sastav tkanine mo\u017ee varirati, to\u010dan sastav mo\u017eete prona\u0107i na etiketi hla\u010da)<\/li>\n<li>Pranje na 30 <sup>\u00b0<\/sup>C (upute za odr\u017eavanje su na\u0161ivene na etiketi hla\u010da)<\/li>\n<\/ul>\n<p>&nbsp;<\/p>\n<p><strong>Dimenzije: <\/strong><\/p>\n<p>Standardne dimenzije Leny hla\u010da mo\u017eete vidjeti u tablici. Za kupnju savr\u0161enog para hla\u010da preporu\u010dujemo da izmjerite dimenzije svojih omiljenih hla\u010da i prona\u0111ete svoje mjere u tablici. Na taj na\u010din \u0107ete sigurno kupiti savr\u0161ene Leny hla\u010de za sebe!<\/p>\n<blockquote class=\"wp-embedded-content\" data-secret=\"Skd0JIt6pS\"><p><a href=\"https:\/\/www.leny.eu\/hr\/prilagodena-duljina-hlaca\/\">Prilago\u0111ena duljina hla\u010da<\/a><\/p><\/blockquote>\n<p><iframe loading=\"lazy\" class=\"wp-embedded-content\" sandbox=\"allow-scripts\" security=\"restricted\" style=\"position: absolute; clip: rect(1px, 1px, 1px, 1px);\" title=\"&#8220;Prilago\u0111ena duljina hla\u010da&#8221; &#8212; Leny\" src=\"https:\/\/www.leny.eu\/hr\/prilagodena-duljina-hlaca\/embed\/#?secret=QB7CtqH5YS#?secret=Skd0JIt6pS\" data-secret=\"Skd0JIt6pS\" width=\"600\" height=\"338\" frameborder=\"0\" marginwidth=\"0\" marginheight=\"0\" scrolling=\"no\"><\/iframe><\/p>\n","protected":false},"excerpt":{"rendered":"<p>Ja sam Nikolas, klasi\u010dno moderan tip kojeg mo\u017eete povesti sa sobom na sastanak ili zabavu. Sa mnom nikada ne\u0107ete biti u (stilskoj) neprilici. Odaberite mene ako volite u\u017ee (ali ne pretjerano uske!) nogavice s normalnim visokim strukom.<\/p>\n","protected":false},"featured_media":7628,"comment_status":"open","ping_status":"closed","template":"","meta":[],"product_brand":[],"product_cat":[196],"product_tag":[],"class_list":{"0":"post-4999","1":"product","2":"type-product","3":"status-publish","4":"has-post-thumbnail","6":"product_cat-muske-hlace","8":"first","9":"instock","10":"taxable","11":"shipping-taxable","12":"purchasable","13":"product-type-variable"},"jetpack_sharing_enabled":true,"_links":{"self":[{"href":"http:\/\/leny.eu\/hr\/wp-json\/wp\/v2\/product\/4999","targetHints":{"allow":["GET"]}}],"collection":[{"href":"http:\/\/leny.eu\/hr\/wp-json\/wp\/v2\/product"}],"about":[{"href":"http:\/\/leny.eu\/hr\/wp-json\/wp\/v2\/types\/product"}],"replies":[{"embeddable":true,"href":"http:\/\/leny.eu\/hr\/wp-json\/wp\/v2\/comments?post=4999"}],"wp:featuredmedia":[{"embeddable":true,"href":"http:\/\/leny.eu\/hr\/wp-json\/wp\/v2\/media\/7628"}],"wp:attachment":[{"href":"http:\/\/leny.eu\/hr\/wp-json\/wp\/v2\/media?parent=4999"}],"wp:term":[{"taxonomy":"product_brand","embeddable":true,"href":"http:\/\/leny.eu\/hr\/wp-json\/wp\/v2\/product_brand?post=4999"},{"taxonomy":"product_cat","embeddable":true,"href":"http:\/\/leny.eu\/hr\/wp-json\/wp\/v2\/product_cat?post=4999"},{"taxonomy":"product_tag","embeddable":true,"href":"http:\/\/leny.eu\/hr\/wp-json\/wp\/v2\/product_tag?post=4999"}],"curies":[{"name":"wp","href":"https:\/\/api.w.org\/{rel}","templated":true}]}}