{"id":5169,"date":"2023-04-26T13:48:58","date_gmt":"2023-04-26T13:48:58","guid":{"rendered":"https:\/\/leny.april8.org\/?post_type=product&#038;p=5169"},"modified":"2024-09-04T07:14:24","modified_gmt":"2024-09-04T07:14:24","slug":"suknja","status":"publish","type":"product","link":"http:\/\/leny.eu\/hr\/proizvod\/suknja\/","title":{"rendered":"SUKNJA"},"content":{"rendered":"<p><strong>Tip tijela:<\/strong> Sve <strong>osobine:<\/strong> <\/p>\n<ul>\n<li>Mekane raste\u017eljive traperice<\/li>\n<li>Od veli\u010dine 38 do 46, po \u017eelji mo\u017eemo i skratiti<\/li>\n<li>Mogu\u0107a izrada manje ili ve\u0107e veli\u010dine po narud\u017ebi<\/li>\n<li>Izuzetno udoban model<\/li>\n<\/ul>\n<p><strong>Ostali detalji:<\/strong><\/p>\n<ul>\n<li>Dva prednja d\u017eepa, dva stra\u017enja d\u017eepa<\/li>\n<li>YKK<\/li>\n<li>S prorezom straga<\/li>\n<\/ul>\n<p><strong>Materijal i njega:<\/strong><\/p>\n<ul>\n<li>  Sastav: 82% pamuk i 18% poliester 2% spandex &#8211; elastan (sastav tkanine mo\u017ee varirati, to\u010dan sastav mo\u017eete prona\u0107i na etiketi hla\u010da) Perite na 30 oC (upute za odr\u017eavanje su u\u0161ivene na etiketi hla\u010da)<\/li>\n<\/ul>\n<p>&nbsp;<\/p>\n","protected":false},"excerpt":{"rendered":"<p>Ja sam stru\u010dnjak za Leny proizvode. Izuzetno udobne, do koljena &#8211; du\u017eina se mo\u017ee pode\u0161avati po \u017eelji. Prednji i stra\u017enji d\u017eepovi, stra\u017enji prorez, patentni zatvara\u010d. Izuzetno mekane i elasti\u010dne slimmer traperice.  <\/p>\n","protected":false},"featured_media":9554,"comment_status":"open","ping_status":"closed","template":"","meta":[],"product_brand":[],"product_cat":[272],"product_tag":[],"class_list":{"0":"post-5169","1":"product","2":"type-product","3":"status-publish","4":"has-post-thumbnail","6":"product_cat-zenske-hlace","8":"first","9":"instock","10":"taxable","11":"shipping-taxable","12":"purchasable","13":"product-type-variable"},"jetpack_sharing_enabled":true,"_links":{"self":[{"href":"http:\/\/leny.eu\/hr\/wp-json\/wp\/v2\/product\/5169","targetHints":{"allow":["GET"]}}],"collection":[{"href":"http:\/\/leny.eu\/hr\/wp-json\/wp\/v2\/product"}],"about":[{"href":"http:\/\/leny.eu\/hr\/wp-json\/wp\/v2\/types\/product"}],"replies":[{"embeddable":true,"href":"http:\/\/leny.eu\/hr\/wp-json\/wp\/v2\/comments?post=5169"}],"wp:featuredmedia":[{"embeddable":true,"href":"http:\/\/leny.eu\/hr\/wp-json\/wp\/v2\/media\/9554"}],"wp:attachment":[{"href":"http:\/\/leny.eu\/hr\/wp-json\/wp\/v2\/media?parent=5169"}],"wp:term":[{"taxonomy":"product_brand","embeddable":true,"href":"http:\/\/leny.eu\/hr\/wp-json\/wp\/v2\/product_brand?post=5169"},{"taxonomy":"product_cat","embeddable":true,"href":"http:\/\/leny.eu\/hr\/wp-json\/wp\/v2\/product_cat?post=5169"},{"taxonomy":"product_tag","embeddable":true,"href":"http:\/\/leny.eu\/hr\/wp-json\/wp\/v2\/product_tag?post=5169"}],"curies":[{"name":"wp","href":"https:\/\/api.w.org\/{rel}","templated":true}]}}