{"id":6049,"date":"2023-05-04T09:25:40","date_gmt":"2023-05-04T09:25:40","guid":{"rendered":"https:\/\/leny.april8.org\/?post_type=product&#038;p=6049"},"modified":"2025-10-13T15:34:49","modified_gmt":"2025-10-13T15:34:49","slug":"muske-planinarske-hlace-lm200m","status":"publish","type":"product","link":"http:\/\/leny.eu\/hr\/proizvod\/muske-planinarske-hlace-lm200m\/","title":{"rendered":"MU\u0160KE PLANINARSKE HLA\u010cE LM200M"},"content":{"rendered":"<p><strong>Tip gra\u0111e<\/strong>: svi<\/p>\n<p><strong>Zna\u010dajke:<\/strong><\/p>\n<ul>\n<li>Bi-elasti\u010dan, lagan i mekan materijal<\/li>\n<li>Tehni\u010dki kroj sa srednje visokim pojasom<\/li>\n<li>U\u017ee, padaju\u0107e nogavice<\/li>\n<\/ul>\n<p><strong>Ostali detalji:<\/strong><\/p>\n<ul>\n<li>Jaki patent i dugme<\/li>\n<li>Kosi prednji d\u017eep s patentom<\/li>\n<li>Stra\u017enji d\u017eep s patentom<\/li>\n<li>Elasti\u010dni pojas u struku<\/li>\n<li>\u0160iroke om\u010de za remen (<em>otvori<\/em>)<\/li>\n<li>Materijal s odsjajem na prednjoj i stra\u017enjoj strani<\/li>\n<\/ul>\n<p><strong>Njega: <\/strong><\/p>\n<ul>\n<li>Pranje na 30 <sup>\u00b0<\/sup>C (upute za odr\u017eavanje su na\u0161ivene na etiketi hla\u010da)<\/li>\n<li>Ne preporu\u010damo pranje s omek\u0161iva\u010dem jer mo\u017ee uni\u0161titi funkcionalna svojstva materijala<\/li>\n<\/ul>\n","protected":false},"excerpt":{"rendered":"<p>Osnovna verzija hla\u010da prikladna je za \u0161irok raspon aktivnosti. U njima \u0107ete se osje\u0107ati odli\u010dno, kako tijekom umjerenih aktivnosti poput \u0161etnje i hodanja, tako i tijekom intenzivnijih sportova poput tr\u010danja i planinarenja.<\/p>\n<p>Sve Leny planinarske hla\u010de nemaju obra\u0111ene rubove nogavica, stoga odaberite opciju skra\u0107ivanja hla\u010da i unesite duljinu svojih nogavica. Na taj na\u010din \u0107emo vam tako\u0111er obraditi rubove hla\u010da. Za pomo\u0107, molimo pogledajte upute o tome kako izmjeriti duljinu nogavica prema svojim \u017eeljama.<\/p>\n","protected":false},"featured_media":13757,"comment_status":"open","ping_status":"closed","template":"","meta":[],"product_brand":[],"product_cat":[260],"product_tag":[],"class_list":{"0":"post-6049","1":"product","2":"type-product","3":"status-publish","4":"has-post-thumbnail","6":"product_cat-planinarske-hlace","8":"first","9":"instock","10":"shipping-taxable","11":"purchasable","12":"product-type-variable"},"jetpack_sharing_enabled":true,"_links":{"self":[{"href":"http:\/\/leny.eu\/hr\/wp-json\/wp\/v2\/product\/6049","targetHints":{"allow":["GET"]}}],"collection":[{"href":"http:\/\/leny.eu\/hr\/wp-json\/wp\/v2\/product"}],"about":[{"href":"http:\/\/leny.eu\/hr\/wp-json\/wp\/v2\/types\/product"}],"replies":[{"embeddable":true,"href":"http:\/\/leny.eu\/hr\/wp-json\/wp\/v2\/comments?post=6049"}],"wp:featuredmedia":[{"embeddable":true,"href":"http:\/\/leny.eu\/hr\/wp-json\/wp\/v2\/media\/13757"}],"wp:attachment":[{"href":"http:\/\/leny.eu\/hr\/wp-json\/wp\/v2\/media?parent=6049"}],"wp:term":[{"taxonomy":"product_brand","embeddable":true,"href":"http:\/\/leny.eu\/hr\/wp-json\/wp\/v2\/product_brand?post=6049"},{"taxonomy":"product_cat","embeddable":true,"href":"http:\/\/leny.eu\/hr\/wp-json\/wp\/v2\/product_cat?post=6049"},{"taxonomy":"product_tag","embeddable":true,"href":"http:\/\/leny.eu\/hr\/wp-json\/wp\/v2\/product_tag?post=6049"}],"curies":[{"name":"wp","href":"https:\/\/api.w.org\/{rel}","templated":true}]}}