{"id":7386,"date":"2023-07-10T14:18:36","date_gmt":"2023-07-10T14:18:36","guid":{"rendered":"https:\/\/www.leny.eu\/?post_type=product&#038;p=7386"},"modified":"2025-01-23T09:28:21","modified_gmt":"2025-01-23T09:28:21","slug":"jure-2","status":"publish","type":"product","link":"http:\/\/leny.eu\/hr\/proizvod\/jure-2\/","title":{"rendered":"JURE"},"content":{"rendered":"<p><strong>Tip gra\u0111e:<\/strong> svi<\/p>\n<p><strong>Zna\u010dajke:<\/strong><\/p>\n<ul>\n<li>Meke rastezljive traperice, ostali materijali s elastinom<\/li>\n<li>Klasi\u010dan kroj s povi\u0161enim strukom osigurava da hla\u010de ostanu na mjestu i kada se kre\u0107ete<\/li>\n<li>Ravne nogavice, \u0161ire u bedrima<\/li>\n<\/ul>\n<p><strong>Ostali detalji:<\/strong><\/p>\n<ul>\n<li>5 d\u017eepova<\/li>\n<li>Aluminijske zakovice<\/li>\n<li>YKK zadrga<\/li>\n<\/ul>\n<p><strong>Materijal i njega:<\/strong><\/p>\n<ul>\n<li>Sastav: 98% pamuk i 2% elastin (sastav tkanine mo\u017ee varirati, to\u010dan sastav mo\u017eete prona\u0107i na etiketi hla\u010da)<\/li>\n<li>Pranje na 30 \u00b0C (upute za odr\u017eavanje su na\u0161ivene na etiketi hla\u010da)<\/li>\n<li>Stvarna boja proizvoda mo\u017ee se minimalno razlikovati od slike proizvoda.<\/li>\n<\/ul>\n<p>&nbsp;<\/p>\n<p><strong>Dimenzije:  <\/strong><\/p>\n<p>Standardne dimenzije Leny hla\u010da mo\u017eete vidjeti u tablici. Za kupnju idealnog para hla\u010da preporu\u010damo da izmjerite dimenzije svojih omiljenih hla\u010da i svoje mjere prona\u0111ete u tablici. Stoga \u0107ete sigurno kupiti savr\u0161ene lenyske za sebe!<\/p>\n<blockquote class=\"wp-embedded-content\" data-secret=\"krsYRyuXaI\"><p><a href=\"https:\/\/www.leny.eu\/sl\/hlace-po-meri\/\">Hla\u010de po meri<\/a><\/p><\/blockquote>\n<p><iframe loading=\"lazy\" class=\"wp-embedded-content\" sandbox=\"allow-scripts\" security=\"restricted\" style=\"position: absolute; visibility: hidden;\" title=\"&#8220;Hla\u010de po meri&#8221; &#8212; Leny\" src=\"https:\/\/www.leny.eu\/sl\/hlace-po-meri\/embed\/#?secret=GEOPPecQm3#?secret=krsYRyuXaI\" data-secret=\"krsYRyuXaI\" width=\"600\" height=\"338\" frameborder=\"0\" marginwidth=\"0\" marginheight=\"0\" scrolling=\"no\"><\/iframe><\/p>\n<p>&nbsp;<\/p>\n","protected":false},"excerpt":{"rendered":"<p>Otkrijte najprodavaniji model <strong>hla\u010da Jure.<\/strong><\/p>\n<p>Ako se kunete u bezvremensku klasiku, ali \u017eelite ne\u0161to moderno, ove su hla\u010de za vas.<\/p>\n<p>Dizajnirane su imaju\u0107i na umu va\u0161u udobnost: srednji uspon i povi\u0161eni struk straga osiguravaju da hla\u010de ostanu na mjestu \u010dak i kada se sagnete. Ravne hla\u010de, za udobnost u hodu, vo\u017enji, za rad na terenu ili u uredu.<\/p>\n<p>Kombinacija elegancije i izdr\u017eljivosti koju nudi materijal savr\u0161ena je za one koji cijene kvalitetu i stil. Svaki detalj pa\u017eljivo je promi\u0161ljen kako biste se osje\u0107ali samouvjereno i moderno u ovim hla\u010dama.<\/p>\n<p>Trgovina nudi ve\u0107i izbor materijala i boja nego \u0161to je prikazano na ovoj stranici.<\/p>\n","protected":false},"featured_media":9052,"comment_status":"open","ping_status":"closed","template":"","meta":[],"product_brand":[],"product_cat":[196],"product_tag":[],"class_list":{"0":"post-7386","1":"product","2":"type-product","3":"status-publish","4":"has-post-thumbnail","6":"product_cat-muske-hlace","8":"first","9":"instock","10":"taxable","11":"shipping-taxable","12":"purchasable","13":"product-type-variable"},"jetpack_sharing_enabled":true,"_links":{"self":[{"href":"http:\/\/leny.eu\/hr\/wp-json\/wp\/v2\/product\/7386","targetHints":{"allow":["GET"]}}],"collection":[{"href":"http:\/\/leny.eu\/hr\/wp-json\/wp\/v2\/product"}],"about":[{"href":"http:\/\/leny.eu\/hr\/wp-json\/wp\/v2\/types\/product"}],"replies":[{"embeddable":true,"href":"http:\/\/leny.eu\/hr\/wp-json\/wp\/v2\/comments?post=7386"}],"wp:featuredmedia":[{"embeddable":true,"href":"http:\/\/leny.eu\/hr\/wp-json\/wp\/v2\/media\/9052"}],"wp:attachment":[{"href":"http:\/\/leny.eu\/hr\/wp-json\/wp\/v2\/media?parent=7386"}],"wp:term":[{"taxonomy":"product_brand","embeddable":true,"href":"http:\/\/leny.eu\/hr\/wp-json\/wp\/v2\/product_brand?post=7386"},{"taxonomy":"product_cat","embeddable":true,"href":"http:\/\/leny.eu\/hr\/wp-json\/wp\/v2\/product_cat?post=7386"},{"taxonomy":"product_tag","embeddable":true,"href":"http:\/\/leny.eu\/hr\/wp-json\/wp\/v2\/product_tag?post=7386"}],"curies":[{"name":"wp","href":"https:\/\/api.w.org\/{rel}","templated":true}]}}