{"id":8761,"date":"2023-09-22T18:52:05","date_gmt":"2023-09-22T18:52:05","guid":{"rendered":"https:\/\/www.leny.eu\/product\/jure-premium\/"},"modified":"2024-09-04T07:13:04","modified_gmt":"2024-09-04T07:13:04","slug":"jure-premium","status":"publish","type":"product","link":"http:\/\/leny.eu\/hr\/proizvod\/jure-premium\/","title":{"rendered":"Jure Premium"},"content":{"rendered":"<p><strong>Tip tijela:<\/strong> Sve <strong>osobine<\/strong><\/p>\n<ul>\n<li>Premium talijanski traper Candiani, blago elasti\u010dan za maksimalnu udobnost<\/li>\n<li>Klasi\u010dan kroj s povi\u0161enim strukom osigurava da hla\u010de ostanu na mjestu i kada se kre\u0107ete<\/li>\n<li>Ravne nogavice, \u0161ire u bedrima<\/li>\n<\/ul>\n<p><strong>Ostali detalji:<\/strong><\/p>\n<ul>\n<li>5 d\u017eepova<\/li>\n<li>Aluminijske zakovice<\/li>\n<li>YKK<\/li>\n<\/ul>\n<p><strong>Materijal i njega:<\/strong><\/p>\n<ul>\n<li>Sastav: 98% pamuk i 2% elastin, Candiani traper &#8211; proizvedeno u EU<\/li>\n<li>Pranje na 30 \u00b0C (upute za odr\u017eavanje su na\u0161ivene na etiketi hla\u010da)<\/li>\n<li>Stvarna boja proizvoda mo\u017ee se minimalno razlikovati od slike proizvoda.<\/li>\n<\/ul>\n<p><strong>Dimenzije:<\/strong> Standardne dimenzije Leny hla\u010da mo\u017eete vidjeti u tablici. Za kupnju idealnog para hla\u010da preporu\u010damo da izmjerite dimenzije svojih omiljenih hla\u010da i svoje mjere prona\u0111ete u tablici. Stoga \u0107ete sigurno kupiti savr\u0161ene lenyske za sebe!  &nbsp; <\/p>\n<blockquote class=\"wp-embedded-content\" data-secret=\"5q37HJ2uwB\"><p><a href=\"https:\/\/www.leny.eu\/hr\/prilagodena-duljina-hlaca\/\">Hla\u010de po meri<\/a><\/p><\/blockquote>\n<p><iframe loading=\"lazy\" class=\"wp-embedded-content\" sandbox=\"allow-scripts\" security=\"restricted\" style=\"position: absolute; clip: rect(1px, 1px, 1px, 1px);\" title=\"&#8220;Hla\u010de po meri&#8221; &#8212; Leny\" src=\"https:\/\/www.leny.eu\/hr\/prilagodena-duljina-hlaca\/embed\/#?secret=drVXE2TAkT#?secret=5q37HJ2uwB\" data-secret=\"5q37HJ2uwB\" width=\"600\" height=\"338\" frameborder=\"0\" marginwidth=\"0\" marginheight=\"0\" scrolling=\"no\"><\/iframe><\/p>\n","protected":false},"excerpt":{"rendered":"<p>Model Jure, najprodavaniji model Leny hla\u010da, od sada je dostupan i u premium trapericama. Kunete li se u vje\u010dne klasike u modernom ruhu, pravi su izbor za vas. Vi\u0161i pojas koji je podignut na le\u0111ima osigurava da hla\u010de ostanu na mjestu \u010dak i kada se sagnete. Tajna uspjeha le\u017ei u savr\u0161enim detaljima i vrhunskom materijalu koji vam nudi udobnost i eleganciju tijekom cijelog dana. Odaberite Jure premium i do\u017eivite spoj tradicije i modernog u jednom komadu odje\u0107e.      &nbsp;  KOD: PREMIUM &#8211; Posebna cijena 90,85 \u20ac (s PDV-om)<\/p>\n","protected":false},"featured_media":8593,"comment_status":"open","ping_status":"closed","template":"","meta":[],"product_brand":[],"product_cat":[330],"product_tag":[],"class_list":{"0":"post-8761","1":"product","2":"type-product","3":"status-publish","4":"has-post-thumbnail","6":"product_cat-leny-premium-hr","8":"first","9":"instock","10":"taxable","11":"shipping-taxable","12":"purchasable","13":"product-type-variable"},"jetpack_sharing_enabled":true,"_links":{"self":[{"href":"http:\/\/leny.eu\/hr\/wp-json\/wp\/v2\/product\/8761","targetHints":{"allow":["GET"]}}],"collection":[{"href":"http:\/\/leny.eu\/hr\/wp-json\/wp\/v2\/product"}],"about":[{"href":"http:\/\/leny.eu\/hr\/wp-json\/wp\/v2\/types\/product"}],"replies":[{"embeddable":true,"href":"http:\/\/leny.eu\/hr\/wp-json\/wp\/v2\/comments?post=8761"}],"wp:featuredmedia":[{"embeddable":true,"href":"http:\/\/leny.eu\/hr\/wp-json\/wp\/v2\/media\/8593"}],"wp:attachment":[{"href":"http:\/\/leny.eu\/hr\/wp-json\/wp\/v2\/media?parent=8761"}],"wp:term":[{"taxonomy":"product_brand","embeddable":true,"href":"http:\/\/leny.eu\/hr\/wp-json\/wp\/v2\/product_brand?post=8761"},{"taxonomy":"product_cat","embeddable":true,"href":"http:\/\/leny.eu\/hr\/wp-json\/wp\/v2\/product_cat?post=8761"},{"taxonomy":"product_tag","embeddable":true,"href":"http:\/\/leny.eu\/hr\/wp-json\/wp\/v2\/product_tag?post=8761"}],"curies":[{"name":"wp","href":"https:\/\/api.w.org\/{rel}","templated":true}]}}