{"id":8813,"date":"2023-09-22T18:35:48","date_gmt":"2023-09-22T18:35:48","guid":{"rendered":"https:\/\/www.leny.eu\/product\/riga-premium\/"},"modified":"2025-01-23T09:27:13","modified_gmt":"2025-01-23T09:27:13","slug":"riga-premium","status":"publish","type":"product","link":"http:\/\/leny.eu\/hr\/proizvod\/riga-premium\/","title":{"rendered":"Riga Premium"},"content":{"rendered":"<p><strong>Tip gra\u0111e:<\/strong> Svi, \u010dak i ja\u010de<\/p>\n<p><strong>Zna\u010dajke:<\/strong><\/p>\n<ul>\n<li>Candiani traper, materijal izuzetne kvalitete s malo elastina<\/li>\n<li>Rastezljivi vi\u0161i struk<\/li>\n<li>Ravne<\/li>\n<li>Elasti\u010dni struk<\/li>\n<li>4 d\u017eepa<\/li>\n<li>Aluminijske zakovice<\/li>\n<li>YKK zadrga<\/li>\n<\/ul>\n<p><strong>Materijal i njega:<\/strong><\/p>\n<ul>\n<li>Sastav: pamuk 98% i elastin 2% (Candiani denim &#8211; EU porijeklo)<\/li>\n<li>Pranje na 30 <sup>\u00b0<\/sup>C (upute za odr\u017eavanje su na\u0161ivene na etiketi hla\u010da)<\/li>\n<\/ul>\n<p>&nbsp;<\/p>\n<p><strong>Dimenzije:  <\/strong><\/p>\n<p>Standardne dimenzije Leny hla\u010da mo\u017eete vidjeti u tablici. Za kupnju idealnog para hla\u010da preporu\u010damo da izmjerite dimenzije svojih omiljenih hla\u010da i svoje mjere prona\u0111ete u tablici. Stoga \u0107ete sigurno kupiti savr\u0161ene lenyske za sebe!<\/p>\n<p><a href=\"http:\/\/leny.eu\/sl\/hlace-po-meri\/\">https:\/\/www.leny.eu\/sl\/hlace-po-meri\/<\/a><\/p>\n","protected":false},"excerpt":{"rendered":"<p><strong>Model Riga Premium<\/strong> iznimno je udoban i svestran komad odje\u0107e sada izra\u0111en od visokokvalitetnog Candiani trapera. S visokim strukom i u\u0161ivenom gumicom u struku osigurava savr\u0161eno pristajanje i udobnost tijekom cijelog dana. Pojas je dizajniran tako da vam omogu\u0107uje no\u0161enje dodatnog pojasa po va\u0161em izboru. Ravne hla\u010de daju da\u0161ak elegancije, \u0161to ove hla\u010de \u010dini idealnim za razne prilike &#8211; od posla, opu\u0161tene \u0161etnje do dru\u017eenja s prijateljima.<\/p>\n<p>Ovaj model je vrlo popularan i neizostavan u svakom ormaru.<\/p>\n<p>&nbsp;<\/p>\n<p>KOD: PREMIUM &#8211; Posebna cijena 90,85 \u20ac (s PDV-om)<\/p>\n","protected":false},"featured_media":8535,"comment_status":"open","ping_status":"closed","template":"","meta":[],"product_brand":[],"product_cat":[330],"product_tag":[],"class_list":{"0":"post-8813","1":"product","2":"type-product","3":"status-publish","4":"has-post-thumbnail","6":"product_cat-leny-premium-hr","8":"first","9":"instock","10":"taxable","11":"shipping-taxable","12":"purchasable","13":"product-type-variable"},"jetpack_sharing_enabled":true,"_links":{"self":[{"href":"http:\/\/leny.eu\/hr\/wp-json\/wp\/v2\/product\/8813","targetHints":{"allow":["GET"]}}],"collection":[{"href":"http:\/\/leny.eu\/hr\/wp-json\/wp\/v2\/product"}],"about":[{"href":"http:\/\/leny.eu\/hr\/wp-json\/wp\/v2\/types\/product"}],"replies":[{"embeddable":true,"href":"http:\/\/leny.eu\/hr\/wp-json\/wp\/v2\/comments?post=8813"}],"wp:featuredmedia":[{"embeddable":true,"href":"http:\/\/leny.eu\/hr\/wp-json\/wp\/v2\/media\/8535"}],"wp:attachment":[{"href":"http:\/\/leny.eu\/hr\/wp-json\/wp\/v2\/media?parent=8813"}],"wp:term":[{"taxonomy":"product_brand","embeddable":true,"href":"http:\/\/leny.eu\/hr\/wp-json\/wp\/v2\/product_brand?post=8813"},{"taxonomy":"product_cat","embeddable":true,"href":"http:\/\/leny.eu\/hr\/wp-json\/wp\/v2\/product_cat?post=8813"},{"taxonomy":"product_tag","embeddable":true,"href":"http:\/\/leny.eu\/hr\/wp-json\/wp\/v2\/product_tag?post=8813"}],"curies":[{"name":"wp","href":"https:\/\/api.w.org\/{rel}","templated":true}]}}