{"id":1181,"date":"2023-04-07T21:30:11","date_gmt":"2023-04-07T21:30:11","guid":{"rendered":"https:\/\/leny.april8.org\/?page_id=1181"},"modified":"2023-04-13T08:49:48","modified_gmt":"2023-04-13T08:49:48","slug":"vzdrzevanje-in-nega","status":"publish","type":"page","link":"http:\/\/leny.eu\/sl\/vzdrzevanje-in-nega\/","title":{"rendered":"Vzdr\u017eevanje in nega"},"content":{"rendered":"\n<p>Vsi izdelki so opremljeni z navodili za vzdr\u017eevanje in nego, ki so v\u0161ita na etiketi hla\u010d na notranji strani pasu. Vsi izdelki imajo navodila prilo\u017eena tudi na obe\u0161anki. Ker so izdelki narejeni iz razli\u010dnih materialov se vzdr\u017eevanje in nega lahko razlikuje, zato vsakega vzdr\u017eujte v skladu z navodili, ki so v\u0161ita na etiketi oziroma obe\u0161anki.<\/p>\n\n\n\n<p><strong>Vedno je koristno \u010de:<\/strong><\/p>\n\n\n\n<ul class=\"wp-block-list\">\n<li>Izdelke pred pranjem obrnete znotraj navzven (razen za hla\u010de izdelane iz tehni\u010dnih materialov)<\/li>\n\n\n\n<li>Izdelkov ne perete v prepolnem pranem stroju<\/li>\n\n\n\n<li>Uporabljate teko\u010di pralni pra\u0161ek (pra\u0161ek v prahu se lahko ne raztopi povsem in tako ostane na izdelku ter ga po\u0161koduje)<\/li>\n\n\n\n<li>Perete izdelke podobnih barv skupaj<\/li>\n\n\n\n<li>Izdelka na delih kjer je potiskan ne likate.<\/li>\n<\/ul>\n\n\n\n<p><strong>Simboli za vzdr\u017eevanje in nego:<\/strong><\/p>\n\n\n\n<p>Za olaj\u0161ano vzdr\u017eevanje in nego je priporo\u010dljivo poznati pomen simbolov.<\/p>\n\n\n\n<div class=\"wp-block-media-text alignwide is-stacked-on-mobile\" style=\"grid-template-columns:16% auto\"><figure class=\"wp-block-media-text__media\"><img loading=\"lazy\" decoding=\"async\" width=\"500\" height=\"500\" src=\"https:\/\/www.leny.eu\/wp-content\/uploads\/2023\/04\/machine-wash_hires.png\" alt=\"\" class=\"wp-image-1214 size-full\" srcset=\"http:\/\/leny.eu\/wp-content\/uploads\/2023\/04\/machine-wash_hires.png 500w, http:\/\/leny.eu\/wp-content\/uploads\/2023\/04\/machine-wash_hires-100x100.png 100w, http:\/\/leny.eu\/wp-content\/uploads\/2023\/04\/machine-wash_hires-300x300.png 300w, http:\/\/leny.eu\/wp-content\/uploads\/2023\/04\/machine-wash_hires-150x150.png 150w, http:\/\/leny.eu\/wp-content\/uploads\/2023\/04\/machine-wash_hires-180x180.png 180w\" sizes=\"auto, (max-width: 500px) 100vw, 500px\" \/><\/figure><div class=\"wp-block-media-text__content\">\n<p><strong>Pranje: <\/strong>posoda z vodopredstavlja navodila za pranje v pralnem stroju, \u0161tevilka pa najvi\u0161jo priporo\u010deno temperaturo. Dodane so lahko tudi \u010drtice pod posodo, ki ozna\u010dujejo agresivnost pralnega cikla, pri \u010demer ve\u010d \u010drt pomeni bla\u017eji cikel.<\/p>\n<\/div><\/div>\n\n\n\n<div class=\"wp-block-media-text alignwide is-stacked-on-mobile\" style=\"grid-template-columns:16% auto\"><figure class=\"wp-block-media-text__media\"><img loading=\"lazy\" decoding=\"async\" width=\"500\" height=\"500\" src=\"https:\/\/www.leny.eu\/wp-content\/uploads\/2023\/04\/do-not-bleach_hires.png\" alt=\"\" class=\"wp-image-1219 size-full\" srcset=\"http:\/\/leny.eu\/wp-content\/uploads\/2023\/04\/do-not-bleach_hires.png 500w, http:\/\/leny.eu\/wp-content\/uploads\/2023\/04\/do-not-bleach_hires-100x100.png 100w, http:\/\/leny.eu\/wp-content\/uploads\/2023\/04\/do-not-bleach_hires-300x300.png 300w, http:\/\/leny.eu\/wp-content\/uploads\/2023\/04\/do-not-bleach_hires-150x150.png 150w, http:\/\/leny.eu\/wp-content\/uploads\/2023\/04\/do-not-bleach_hires-180x180.png 180w\" sizes=\"auto, (max-width: 500px) 100vw, 500px\" \/><\/figure><div class=\"wp-block-media-text__content\">\n<p><strong>Beljenje: <\/strong>trikotnik predstavlja navodila za beljenje. Beljenje z vsemi sredstvi je dovoljeno le v primeru, da trikotnik nima dodanih nobenih dodatnih simbolov. V primeru, da je trikotnik pre\u010drtan, beljenje izdelka ni dovoljeno. &nbsp;<\/p>\n<\/div><\/div>\n\n\n\n<div class=\"wp-block-media-text alignwide is-stacked-on-mobile\" style=\"grid-template-columns:16% auto\"><figure class=\"wp-block-media-text__media\"><img loading=\"lazy\" decoding=\"async\" width=\"500\" height=\"500\" src=\"https:\/\/www.leny.eu\/wp-content\/uploads\/2023\/04\/tumble-dry-low-heat_hires.png\" alt=\"\" class=\"wp-image-1223 size-full\" srcset=\"http:\/\/leny.eu\/wp-content\/uploads\/2023\/04\/tumble-dry-low-heat_hires.png 500w, http:\/\/leny.eu\/wp-content\/uploads\/2023\/04\/tumble-dry-low-heat_hires-100x100.png 100w, http:\/\/leny.eu\/wp-content\/uploads\/2023\/04\/tumble-dry-low-heat_hires-300x300.png 300w, http:\/\/leny.eu\/wp-content\/uploads\/2023\/04\/tumble-dry-low-heat_hires-150x150.png 150w, http:\/\/leny.eu\/wp-content\/uploads\/2023\/04\/tumble-dry-low-heat_hires-180x180.png 180w\" sizes=\"auto, (max-width: 500px) 100vw, 500px\" \/><\/figure><div class=\"wp-block-media-text__content\">\n<p><strong><strong>Su\u0161enje v su\u0161ilnem stroju: <\/strong><\/strong>krog v kvadratu predstavlja navodila za su\u0161enje v su\u0161ilnem stroju (bobnu), \u0161tevilo pik pa najvi\u0161jo priporo\u010deno temperaturo. Ena pika pomeni do 50\u00b0C, vsaka nadaljnja pa 20 \u00b0C. V primeru, da je simbol pre\u010drtan, su\u0161enje v su\u0161ilnem stroju ni dovoljeno.<\/p>\n<\/div><\/div>\n\n\n\n<div class=\"wp-block-media-text alignwide is-stacked-on-mobile\" style=\"grid-template-columns:16% auto\"><figure class=\"wp-block-media-text__media\"><img loading=\"lazy\" decoding=\"async\" width=\"500\" height=\"500\" src=\"https:\/\/www.leny.eu\/wp-content\/uploads\/2023\/04\/iron-low-temperature_hires.png\" alt=\"\" class=\"wp-image-1227 size-full\" srcset=\"http:\/\/leny.eu\/wp-content\/uploads\/2023\/04\/iron-low-temperature_hires.png 500w, http:\/\/leny.eu\/wp-content\/uploads\/2023\/04\/iron-low-temperature_hires-100x100.png 100w, http:\/\/leny.eu\/wp-content\/uploads\/2023\/04\/iron-low-temperature_hires-300x300.png 300w, http:\/\/leny.eu\/wp-content\/uploads\/2023\/04\/iron-low-temperature_hires-150x150.png 150w, http:\/\/leny.eu\/wp-content\/uploads\/2023\/04\/iron-low-temperature_hires-180x180.png 180w\" sizes=\"auto, (max-width: 500px) 100vw, 500px\" \/><\/figure><div class=\"wp-block-media-text__content\">\n<p><strong>Likanje: <\/strong>likalnik predstavlja navodila za likanje, \u0161tevilo pik pa najvi\u0161jo priporo\u010deno temperaturo likalne plo\u0161\u010de. Ena pika pomeni do 110\u00b0C, dve piki 150\u00b0C in tri pike 200\u00b0C. &nbsp;V primeru, da je simbol pre\u010drtan, likanje ni dovoljeno.<\/p>\n<\/div><\/div>\n\n\n\n<div class=\"wp-block-media-text alignwide is-stacked-on-mobile\" style=\"grid-template-columns:16% auto\"><figure class=\"wp-block-media-text__media\"><img loading=\"lazy\" decoding=\"async\" width=\"500\" height=\"500\" src=\"https:\/\/www.leny.eu\/wp-content\/uploads\/2023\/04\/dryclean-with-any-solvent-except-trichloroethylene_hires.png\" alt=\"\" class=\"wp-image-1231 size-full\" srcset=\"http:\/\/leny.eu\/wp-content\/uploads\/2023\/04\/dryclean-with-any-solvent-except-trichloroethylene_hires.png 500w, http:\/\/leny.eu\/wp-content\/uploads\/2023\/04\/dryclean-with-any-solvent-except-trichloroethylene_hires-100x100.png 100w, http:\/\/leny.eu\/wp-content\/uploads\/2023\/04\/dryclean-with-any-solvent-except-trichloroethylene_hires-300x300.png 300w, http:\/\/leny.eu\/wp-content\/uploads\/2023\/04\/dryclean-with-any-solvent-except-trichloroethylene_hires-150x150.png 150w, http:\/\/leny.eu\/wp-content\/uploads\/2023\/04\/dryclean-with-any-solvent-except-trichloroethylene_hires-180x180.png 180w\" sizes=\"auto, (max-width: 500px) 100vw, 500px\" \/><\/figure><div class=\"wp-block-media-text__content\">\n<p><strong>Profesionalna nega: <\/strong>Krog z dodatnimi znaki predstavlja navodila za profesionalno nego (kemi\u010dno in mokro \u010di\u0161\u010denje). V \u010distilnici, bodo upo\u0161tevali navodila zapisana v krogu. V primeru, da je krog pre\u010drtan pomeni, da kemi\u010dno \u010di\u0161\u010denje ni dovoljeno.<\/p>\n<\/div><\/div>\n\n\n\n<p class=\"has-text-align-left\"><\/p>\n","protected":false},"excerpt":{"rendered":"<p>Vsi izdelki so opremljeni z navodili za vzdr\u017eevanje in nego, ki so v\u0161ita na etiketi hla\u010d na notranji strani pasu. Vsi izdelki imajo navodila prilo\u017eena tudi na obe\u0161anki. Ker so izdelki narejeni iz razli\u010dnih materialov se vzdr\u017eevanje in nega lahko razlikuje, zato vsakega vzdr\u017eujte v skladu z navodili, ki so v\u0161ita na etiketi oziroma obe\u0161anki.&hellip;<\/p>\n","protected":false},"author":4,"featured_media":0,"parent":0,"menu_order":0,"comment_status":"closed","ping_status":"closed","template":"","meta":{"footnotes":""},"class_list":["post-1181","page","type-page","status-publish","hentry"],"jetpack_sharing_enabled":true,"_links":{"self":[{"href":"http:\/\/leny.eu\/sl\/wp-json\/wp\/v2\/pages\/1181","targetHints":{"allow":["GET"]}}],"collection":[{"href":"http:\/\/leny.eu\/sl\/wp-json\/wp\/v2\/pages"}],"about":[{"href":"http:\/\/leny.eu\/sl\/wp-json\/wp\/v2\/types\/page"}],"author":[{"embeddable":true,"href":"http:\/\/leny.eu\/sl\/wp-json\/wp\/v2\/users\/4"}],"replies":[{"embeddable":true,"href":"http:\/\/leny.eu\/sl\/wp-json\/wp\/v2\/comments?post=1181"}],"version-history":[{"count":5,"href":"http:\/\/leny.eu\/sl\/wp-json\/wp\/v2\/pages\/1181\/revisions"}],"predecessor-version":[{"id":1256,"href":"http:\/\/leny.eu\/sl\/wp-json\/wp\/v2\/pages\/1181\/revisions\/1256"}],"wp:attachment":[{"href":"http:\/\/leny.eu\/sl\/wp-json\/wp\/v2\/media?parent=1181"}],"curies":[{"name":"wp","href":"https:\/\/api.w.org\/{rel}","templated":true}]}}