{"id":1205,"date":"2020-03-06T15:33:44","date_gmt":"2020-03-06T15:33:44","guid":{"rendered":"https:\/\/leny.april8.org\/?page_id=1205"},"modified":"2025-10-10T13:59:16","modified_gmt":"2025-10-10T13:59:16","slug":"kontakt","status":"publish","type":"page","link":"http:\/\/leny.eu\/sl\/kontakt\/","title":{"rendered":"Kontakt"},"content":{"rendered":"\n<p>Leny na novi lokaciji \u2013&nbsp;Zoisova ul. 1&nbsp;v Kranju.<\/p>\n\n\n\n<p>Obi\u0161\u010dite nas v na\u0161i prodajalni, kjer imamo ve\u010djo izbiro materialov in barvnih kombinacij. Parkiri\u0161\u010de je do 1,5 ure brezpla\u010dno (zapornica pri trgovini Spar) ali pa pri sodi\u0161\u010du kjer je cena parkiranja 0,8\u20ac na uro.<\/p>\n\n\n\n<p>Delavni \u010das prodajalne:<\/p>\n\n\n\n<p>Ponedeljek 9.00 in 15.00<br>Torek 9.00 in 18.00<br>Sreda 9.00 do 15.00<br>\u010cetrtek 9.00 in 18.00<br>Petek 9.00 in 13.00<br>Sobota 9.00 in 12.00<\/p>\n\n\n\n<p>\u010ce imate kakr\u0161na koli vpra\u0161anja glede na\u0161ih izdelkov, nakupa, dobave ali drugih zadev, nas lahko kontaktirate preko na\u0161ega telefona: <a href=\"tel:+38645955200\">+386 4 59 55 200<\/a> ali e-po\u0161te: <a href=\"mailto:info@leny.eu.\">info@leny.eu.<\/a> Na\u0161a ekipa bo z veseljem odgovorila na vsa va\u0161a vpra\u0161anja in vam pomagala pri morebitnih te\u017eavah, s katerimi se sre\u010dujete. <\/p>\n\n\n\n<p>Zahvaljujemo se vam za va\u0161e zaupanje v Leny in se veselimo va\u0161ega obiska.<\/p>\n\n\n\n<div class=\"wp-block-contact-form-7-contact-form-selector\">\n<div class=\"wpcf7 no-js\" id=\"wpcf7-f6321-o1\" lang=\"sl-SI\" dir=\"ltr\" data-wpcf7-id=\"6321\">\n<div class=\"screen-reader-response\"><p role=\"status\" aria-live=\"polite\" aria-atomic=\"true\"><\/p> <ul><\/ul><\/div>\n<form action=\"\/sl\/wp-json\/wp\/v2\/pages\/1205#wpcf7-f6321-o1\" method=\"post\" class=\"wpcf7-form init\" aria-label=\"Contact form\" novalidate=\"novalidate\" data-status=\"init\">\n<fieldset class=\"hidden-fields-container\"><input type=\"hidden\" name=\"_wpcf7\" value=\"6321\" \/><input type=\"hidden\" name=\"_wpcf7_version\" value=\"6.1.5\" \/><input type=\"hidden\" name=\"_wpcf7_locale\" value=\"sl_SI\" \/><input type=\"hidden\" name=\"_wpcf7_unit_tag\" value=\"wpcf7-f6321-o1\" \/><input type=\"hidden\" name=\"_wpcf7_container_post\" value=\"0\" \/><input type=\"hidden\" name=\"_wpcf7_posted_data_hash\" value=\"\" \/>\n<\/fieldset>\n<p><label> Va\u0161e ime<br \/>\n<span class=\"wpcf7-form-control-wrap\" data-name=\"your-name\"><input size=\"40\" maxlength=\"400\" class=\"wpcf7-form-control wpcf7-text wpcf7-validates-as-required\" autocomplete=\"name\" aria-required=\"true\" aria-invalid=\"false\" value=\"\" type=\"text\" name=\"your-name\" \/><\/span> <\/label>\n<\/p>\n<p><label> Va\u0161a e-po\u0161ta<br \/>\n<span class=\"wpcf7-form-control-wrap\" data-name=\"your-email\"><input size=\"40\" maxlength=\"400\" class=\"wpcf7-form-control wpcf7-email wpcf7-validates-as-required wpcf7-text wpcf7-validates-as-email\" autocomplete=\"email\" aria-required=\"true\" aria-invalid=\"false\" value=\"\" type=\"email\" name=\"your-email\" \/><\/span> <\/label>\n<\/p>\n<p><label> Zadeva<br \/>\n<span class=\"wpcf7-form-control-wrap\" data-name=\"your-subject\"><input size=\"40\" maxlength=\"400\" class=\"wpcf7-form-control wpcf7-text wpcf7-validates-as-required\" aria-required=\"true\" aria-invalid=\"false\" value=\"\" type=\"text\" name=\"your-subject\" \/><\/span> <\/label>\n<\/p>\n<p><label> Va\u0161e sporo\u010dilo (neobvezno)<br \/>\n<span class=\"wpcf7-form-control-wrap\" data-name=\"your-message\"><textarea cols=\"40\" rows=\"10\" maxlength=\"2000\" class=\"wpcf7-form-control wpcf7-textarea\" aria-invalid=\"false\" name=\"your-message\"><\/textarea><\/span> <\/label>\n<\/p>\n<p><input class=\"wpcf7-form-control wpcf7-submit has-spinner\" type=\"submit\" value=\"Po\u0161lji\" \/>\n<\/p><div class=\"wpcf7-response-output\" aria-hidden=\"true\"><\/div>\n<\/form>\n<\/div>\n<\/div>\n","protected":false},"excerpt":{"rendered":"<p>Leny na novi lokaciji \u2013&nbsp;Zoisova ul. 1&nbsp;v Kranju. Obi\u0161\u010dite nas v na\u0161i prodajalni, kjer imamo ve\u010djo izbiro materialov in barvnih kombinacij. Parkiri\u0161\u010de je do 1,5 ure brezpla\u010dno (zapornica pri trgovini Spar) ali pa pri sodi\u0161\u010du kjer je cena parkiranja 0,8\u20ac na uro. Delavni \u010das prodajalne: Ponedeljek 9.00 in 15.00Torek 9.00 in 18.00Sreda 9.00 do 15.00\u010cetrtek&hellip;<\/p>\n","protected":false},"author":4,"featured_media":0,"parent":0,"menu_order":0,"comment_status":"closed","ping_status":"closed","template":"","meta":{"footnotes":""},"class_list":["post-1205","page","type-page","status-publish","hentry"],"jetpack_sharing_enabled":true,"_links":{"self":[{"href":"http:\/\/leny.eu\/sl\/wp-json\/wp\/v2\/pages\/1205","targetHints":{"allow":["GET"]}}],"collection":[{"href":"http:\/\/leny.eu\/sl\/wp-json\/wp\/v2\/pages"}],"about":[{"href":"http:\/\/leny.eu\/sl\/wp-json\/wp\/v2\/types\/page"}],"author":[{"embeddable":true,"href":"http:\/\/leny.eu\/sl\/wp-json\/wp\/v2\/users\/4"}],"replies":[{"embeddable":true,"href":"http:\/\/leny.eu\/sl\/wp-json\/wp\/v2\/comments?post=1205"}],"version-history":[{"count":11,"href":"http:\/\/leny.eu\/sl\/wp-json\/wp\/v2\/pages\/1205\/revisions"}],"predecessor-version":[{"id":14320,"href":"http:\/\/leny.eu\/sl\/wp-json\/wp\/v2\/pages\/1205\/revisions\/14320"}],"wp:attachment":[{"href":"http:\/\/leny.eu\/sl\/wp-json\/wp\/v2\/media?parent=1205"}],"curies":[{"name":"wp","href":"https:\/\/api.w.org\/{rel}","templated":true}]}}