{"id":1236,"date":"2023-04-11T09:55:34","date_gmt":"2023-04-11T09:55:34","guid":{"rendered":"https:\/\/leny.april8.org\/?page_id=1236"},"modified":"2023-11-03T14:34:47","modified_gmt":"2023-11-03T14:34:47","slug":"hlace-po-meri","status":"publish","type":"page","link":"http:\/\/leny.eu\/sl\/hlace-po-meri\/","title":{"rendered":"Hla\u010de po meri"},"content":{"rendered":"\n<p>Od nekdaj se dr\u017eimo pravila, da hla\u010d ne moremo podalj\u0161ati, vedno pa jih lahko skraj\u0161amo. Zato izdelujemo hla\u010de, ki imajo podalj\u0161ane hla\u010dnice in jih po meri tudi skraj\u0161amo na ustrezno dol\u017eino.<\/p>\n\n\n\n<p>Pri nakupu v trgovini, lahko kraj\u0161anje uredimo ob nakupu, lahko jih prinesete kasneje ali po\u0161ljete nazaj, da jih ustrezno skraj\u0161amo. Pri nakupu preko spleta pa dol\u017eino hla\u010d vnesite v ustrezno polje in izdelek dodajte v ko\u0161arico.<\/p>\n\n\n\n<p>Kako ustrezno izmeriti dol\u017eino hla\u010d?<\/p>\n\n\n\n<figure class=\"wp-block-image size-full\"><img loading=\"lazy\" decoding=\"async\" width=\"121\" height=\"281\" src=\"https:\/\/www.leny.eu\/wp-content\/uploads\/2023\/04\/leny-krajsanje-navodila.png\" alt=\"\" class=\"wp-image-1242\"\/><\/figure>\n\n\n\n<p>Ustrezna dol\u017eina je stranska razdalja med vrhom pasu in koncem hla\u010dnice. Tako boste vedeli, da je dol\u017eina ustrezna.<\/p>\n\n\n\n<p>   <\/p>\n\n\n\n<div class=\"wp-block-columns is-layout-flex wp-container-core-columns-is-layout-9d6595d7 wp-block-columns-is-layout-flex\">\n<div class=\"wp-block-column is-layout-flow wp-block-column-is-layout-flow\" style=\"flex-basis:100%\">\n<div class=\"wp-block-jetpack-slideshow is-style-rectangular\" data-effect=\"slide\"><div class=\"wp-block-jetpack-slideshow_container swiper-container\"><ul class=\"wp-block-jetpack-slideshow_swiper-wrapper swiper-wrapper\"><li class=\"wp-block-jetpack-slideshow_slide swiper-slide\"><figure><img loading=\"lazy\" decoding=\"async\" width=\"1920\" height=\"1080\" alt=\"\" class=\"wp-block-jetpack-slideshow_image wp-image-8939\" data-id=\"8939\" src=\"https:\/\/www.leny.eu\/wp-content\/uploads\/2023\/11\/Moski-3.png\" srcset=\"http:\/\/leny.eu\/wp-content\/uploads\/2023\/11\/Moski-3.png 1920w, http:\/\/leny.eu\/wp-content\/uploads\/2023\/11\/Moski-3-740x416.png 740w, http:\/\/leny.eu\/wp-content\/uploads\/2023\/11\/Moski-3-1200x675.png 1200w, http:\/\/leny.eu\/wp-content\/uploads\/2023\/11\/Moski-3-300x169.png 300w, http:\/\/leny.eu\/wp-content\/uploads\/2023\/11\/Moski-3-1024x576.png 1024w, http:\/\/leny.eu\/wp-content\/uploads\/2023\/11\/Moski-3-768x432.png 768w, http:\/\/leny.eu\/wp-content\/uploads\/2023\/11\/Moski-3-1536x864.png 1536w, http:\/\/leny.eu\/wp-content\/uploads\/2023\/11\/Moski-3-20x10.png 20w\" sizes=\"(max-width: 1920px) 100vw, 1920px\" \/><\/figure><\/li><li class=\"wp-block-jetpack-slideshow_slide swiper-slide\"><figure><img loading=\"lazy\" decoding=\"async\" width=\"1920\" height=\"1080\" alt=\"\" class=\"wp-block-jetpack-slideshow_image wp-image-8943\" data-id=\"8943\" src=\"https:\/\/www.leny.eu\/wp-content\/uploads\/2023\/11\/Zenske-Riga-2.png\" srcset=\"http:\/\/leny.eu\/wp-content\/uploads\/2023\/11\/Zenske-Riga-2.png 1920w, http:\/\/leny.eu\/wp-content\/uploads\/2023\/11\/Zenske-Riga-2-740x416.png 740w, http:\/\/leny.eu\/wp-content\/uploads\/2023\/11\/Zenske-Riga-2-1200x675.png 1200w, http:\/\/leny.eu\/wp-content\/uploads\/2023\/11\/Zenske-Riga-2-300x169.png 300w, http:\/\/leny.eu\/wp-content\/uploads\/2023\/11\/Zenske-Riga-2-1024x576.png 1024w, http:\/\/leny.eu\/wp-content\/uploads\/2023\/11\/Zenske-Riga-2-768x432.png 768w, http:\/\/leny.eu\/wp-content\/uploads\/2023\/11\/Zenske-Riga-2-1536x864.png 1536w, http:\/\/leny.eu\/wp-content\/uploads\/2023\/11\/Zenske-Riga-2-20x10.png 20w\" sizes=\"(max-width: 1920px) 100vw, 1920px\" \/><\/figure><\/li><li class=\"wp-block-jetpack-slideshow_slide swiper-slide\"><figure><img loading=\"lazy\" decoding=\"async\" width=\"1920\" height=\"796\" alt=\"\" class=\"wp-block-jetpack-slideshow_image wp-image-8947\" data-id=\"8947\" src=\"https:\/\/www.leny.eu\/wp-content\/uploads\/2023\/11\/Zenske-Moskva-3.png\" srcset=\"http:\/\/leny.eu\/wp-content\/uploads\/2023\/11\/Zenske-Moskva-3.png 1920w, http:\/\/leny.eu\/wp-content\/uploads\/2023\/11\/Zenske-Moskva-3-740x307.png 740w, http:\/\/leny.eu\/wp-content\/uploads\/2023\/11\/Zenske-Moskva-3-1200x498.png 1200w, http:\/\/leny.eu\/wp-content\/uploads\/2023\/11\/Zenske-Moskva-3-300x124.png 300w, http:\/\/leny.eu\/wp-content\/uploads\/2023\/11\/Zenske-Moskva-3-1024x425.png 1024w, http:\/\/leny.eu\/wp-content\/uploads\/2023\/11\/Zenske-Moskva-3-768x318.png 768w, http:\/\/leny.eu\/wp-content\/uploads\/2023\/11\/Zenske-Moskva-3-1536x637.png 1536w\" sizes=\"(max-width: 1920px) 100vw, 1920px\" \/><\/figure><\/li><li class=\"wp-block-jetpack-slideshow_slide swiper-slide\"><figure><img loading=\"lazy\" decoding=\"async\" width=\"1920\" height=\"570\" alt=\"\" class=\"wp-block-jetpack-slideshow_image wp-image-8951\" data-id=\"8951\" src=\"https:\/\/www.leny.eu\/wp-content\/uploads\/2023\/11\/Zenske-Paris-1.png\" srcset=\"http:\/\/leny.eu\/wp-content\/uploads\/2023\/11\/Zenske-Paris-1.png 1920w, http:\/\/leny.eu\/wp-content\/uploads\/2023\/11\/Zenske-Paris-1-740x220.png 740w, http:\/\/leny.eu\/wp-content\/uploads\/2023\/11\/Zenske-Paris-1-1200x356.png 1200w, http:\/\/leny.eu\/wp-content\/uploads\/2023\/11\/Zenske-Paris-1-300x89.png 300w, http:\/\/leny.eu\/wp-content\/uploads\/2023\/11\/Zenske-Paris-1-1024x304.png 1024w, http:\/\/leny.eu\/wp-content\/uploads\/2023\/11\/Zenske-Paris-1-768x228.png 768w, http:\/\/leny.eu\/wp-content\/uploads\/2023\/11\/Zenske-Paris-1-1536x456.png 1536w\" sizes=\"(max-width: 1920px) 100vw, 1920px\" \/><\/figure><\/li><\/ul><a class=\"wp-block-jetpack-slideshow_button-prev swiper-button-prev swiper-button-white\" role=\"button\"><\/a><a class=\"wp-block-jetpack-slideshow_button-next swiper-button-next swiper-button-white\" role=\"button\"><\/a><a aria-label=\"Pause Slideshow\" class=\"wp-block-jetpack-slideshow_button-pause\" role=\"button\"><\/a><div class=\"wp-block-jetpack-slideshow_pagination swiper-pagination swiper-pagination-white\"><\/div><\/div><\/div>\n<\/div>\n<\/div>\n","protected":false},"excerpt":{"rendered":"<p>Od nekdaj se dr\u017eimo pravila, da hla\u010d ne moremo podalj\u0161ati, vedno pa jih lahko skraj\u0161amo. Zato izdelujemo hla\u010de, ki imajo podalj\u0161ane hla\u010dnice in jih po meri tudi skraj\u0161amo na ustrezno dol\u017eino. Pri nakupu v trgovini, lahko kraj\u0161anje uredimo ob nakupu, lahko jih prinesete kasneje ali po\u0161ljete nazaj, da jih ustrezno skraj\u0161amo. Pri nakupu preko spleta&hellip;<\/p>\n","protected":false},"author":4,"featured_media":0,"parent":0,"menu_order":0,"comment_status":"closed","ping_status":"closed","template":"","meta":{"footnotes":""},"class_list":["post-1236","page","type-page","status-publish","hentry"],"jetpack_sharing_enabled":true,"_links":{"self":[{"href":"http:\/\/leny.eu\/sl\/wp-json\/wp\/v2\/pages\/1236","targetHints":{"allow":["GET"]}}],"collection":[{"href":"http:\/\/leny.eu\/sl\/wp-json\/wp\/v2\/pages"}],"about":[{"href":"http:\/\/leny.eu\/sl\/wp-json\/wp\/v2\/types\/page"}],"author":[{"embeddable":true,"href":"http:\/\/leny.eu\/sl\/wp-json\/wp\/v2\/users\/4"}],"replies":[{"embeddable":true,"href":"http:\/\/leny.eu\/sl\/wp-json\/wp\/v2\/comments?post=1236"}],"version-history":[{"count":8,"href":"http:\/\/leny.eu\/sl\/wp-json\/wp\/v2\/pages\/1236\/revisions"}],"predecessor-version":[{"id":8955,"href":"http:\/\/leny.eu\/sl\/wp-json\/wp\/v2\/pages\/1236\/revisions\/8955"}],"wp:attachment":[{"href":"http:\/\/leny.eu\/sl\/wp-json\/wp\/v2\/media?parent=1236"}],"curies":[{"name":"wp","href":"https:\/\/api.w.org\/{rel}","templated":true}]}}