{"id":3082,"date":"2023-04-24T08:36:45","date_gmt":"2023-04-24T08:36:45","guid":{"rendered":"https:\/\/leny.april8.org\/?page_id=3082"},"modified":"2025-10-10T14:05:58","modified_gmt":"2025-10-10T14:05:58","slug":"nasa-zgodba","status":"publish","type":"page","link":"http:\/\/leny.eu\/sl\/nasa-zgodba\/","title":{"rendered":"Na\u0161a zgodba"},"content":{"rendered":"\n<p>Za\u010delo se je nekje na Gorenjskem, ko sta Mojca in Matja\u017e se\u0161ila hla\u010de za svoja otroka. In \u0161e ene. In mnoge. Pisalo se je leto 1987, ko so prve Lenyske ugledale lu\u010d sveta in postale must-have tiste dobe. V ve\u010d kot 37 letih so do\u017eivele turbulentna dru\u017ebena in gospodarska obdobja. In pre\u017eivele.<\/p>\n\n\n\n<h3 class=\"wp-block-heading\">2022.<\/h3>\n\n\n\n<p>Nova doba, enake vrednote in nov lastnik. Uro\u0161 je eden tistih, ki verjame v tradicijo, znanje in uspe\u0161ne zgodbe. Razume svet, ki se vrti v smeri trajnosti, zato o\u017eivi neuni\u010dljive hla\u010de Leny. Zanje izbira samo najbolj kakovostne materiale evropskih dobaviteljev, vse od blaga do zadrge in niti. Hla\u010de Leny so bile od nekdaj sinonim za kakovost in vsestranskost, kar potrjujejo tudi novi, sodobni modeli, ki jih lahko nosite za vse prilo\u017enosti \u2013 v pisarni ali na igri\u0161\u010du.<\/p>\n\n\n\n<p><strong>2024.<\/strong><\/p>\n\n\n\n<p>Proizvodnjo smo preselili v ve\u010dje prostore. To nam daje mo\u017enost pove\u010danja proizvodnih kapacitet. Poleg tega imamo sedaj stroje in mo\u017enost \u0161ivanja tanj\u0161ih materialov (bomba\u017e, jersey, lan&#8230;). Tako smo predstavili nekaj novih izdelkov, ki so na voljo v na\u0161i prodajalni. Prodajalno smo prav tako preselili v Kranj, na Zoisovo ul 1, kjer je ve\u010d prostora in mo\u017enosti za nadaljni razvoj.<\/p>\n\n\n\n<h3 class=\"wp-block-heading\">Hla\u010de za vse prilo\u017enosti<\/h3>\n\n\n\n<p>Tempo \u017eivljenja nam narekuje, da vsak dan opravimo ve\u010d aktivnosti in sre\u010danj, poslovnih in zasebnih. To pomeni, da nabor na\u0161ih outfitov ves \u010das variira med primernim in udobnim. Vendar, \u010de smo \u017ee mi multifunkcionalni, zakaj ne bi bila tudi na\u0161a obla\u010dila? Predstavljajte si na primer arhitekta v suknji\u010du in lenyskah na poslovnem sestanku z naro\u010dnikom. Sprejemljivo. Pa lahko ta isti arhitekt \u010dez dve uri v svojih lenyskah spleza na lestev na gradbi\u0161\u010du? Brez te\u017eav.<\/p>\n\n\n\n<h3 class=\"wp-block-heading\">Zmagovalna kombinacija vrhunskih materialov in na\u010dina izdelave<\/h3>\n\n\n\n<p>Kar nekaj \u010dasa je bila v porastu prekomerna potro\u0161nja in na\u010delo ve\u010d za manj. Ljudje so raje kupovali cenej\u0161e izdelke, saj so si tako lahko privo\u0161\u010dili ve\u010d kosov obla\u010dil. Problem je nastal, ko so se ta za\u010dela kopi\u010diti v omari, ko so se hla\u010de za\u010dele muckati po prvem pranju ali ko so se na ko\u017ei za\u010deli pojavljati izpu\u0161\u010daji, zaradi nekakovostnih materialov in uporabe kemikalij.<\/p>\n\n\n\n<h3 class=\"wp-block-heading\">Klasi\u010den kroj za ne-klasi\u010dne tipe postav<\/h3>\n\n\n\n<p>Inkluzivnost je v dana\u0161njem \u010dasu popularen koncept, pri katerem gre za podpiranje druga\u010dnih, ne glede na raso, starost ali konfekcijsko \u0161tevilko. Leny temu sledi \u017ee od nekdaj. Ne diskriminira in daje mo\u017enost vsem, da nosijo lenyske. \u017denske hla\u010de so tako na voljo vse do velikosti 62, mo\u0161ke pa do 70. Leny privr\u017eence pa navdu\u0161uje tudi dejstvo, da vam pri nakupu v fizi\u010dni trgovini hla\u010de lahko skraj\u0161amo in prilagodimo na va\u0161 tip postave. <\/p>\n\n\n\n<h3 class=\"wp-block-heading\">Zanimivosti o hla\u010dah Leny:<\/h3>\n\n\n\n<ul class=\"wp-block-list\">\n<li>Zgodba Leny se je za\u010dela z (za tiste \u010dase inovativnimi) jeans hla\u010dami z elastiko v pasu za otroke.<\/li>\n\n\n\n<li>Hla\u010de Leny so, \u0161e preden pridejo na police trgovine, oprane (jeans z okolju in ko\u017ei prijaznimi encimi), zato se ne kr\u010dijo in ne pu\u0161\u010dajo made\u017eev na ko\u017ei.<\/li>\n\n\n\n<li>Za hla\u010de uporabljamo preizku\u0161ene vrhunske materiale evropskih dobaviteljev.<\/li>\n<\/ul>\n\n\n\n<p><\/p>\n","protected":false},"excerpt":{"rendered":"<p>Za\u010delo se je nekje na Gorenjskem, ko sta Mojca in Matja\u017e se\u0161ila hla\u010de za svoja otroka. In \u0161e ene. In mnoge. Pisalo se je leto 1987, ko so prve Lenyske ugledale lu\u010d sveta in postale must-have tiste dobe. V ve\u010d kot 37 letih so do\u017eivele turbulentna dru\u017ebena in gospodarska obdobja. In pre\u017eivele. 2022. Nova doba,&hellip;<\/p>\n","protected":false},"author":4,"featured_media":0,"parent":0,"menu_order":0,"comment_status":"closed","ping_status":"closed","template":"","meta":{"footnotes":""},"class_list":["post-3082","page","type-page","status-publish","hentry"],"jetpack_sharing_enabled":true,"_links":{"self":[{"href":"http:\/\/leny.eu\/sl\/wp-json\/wp\/v2\/pages\/3082","targetHints":{"allow":["GET"]}}],"collection":[{"href":"http:\/\/leny.eu\/sl\/wp-json\/wp\/v2\/pages"}],"about":[{"href":"http:\/\/leny.eu\/sl\/wp-json\/wp\/v2\/types\/page"}],"author":[{"embeddable":true,"href":"http:\/\/leny.eu\/sl\/wp-json\/wp\/v2\/users\/4"}],"replies":[{"embeddable":true,"href":"http:\/\/leny.eu\/sl\/wp-json\/wp\/v2\/comments?post=3082"}],"version-history":[{"count":12,"href":"http:\/\/leny.eu\/sl\/wp-json\/wp\/v2\/pages\/3082\/revisions"}],"predecessor-version":[{"id":14322,"href":"http:\/\/leny.eu\/sl\/wp-json\/wp\/v2\/pages\/3082\/revisions\/14322"}],"wp:attachment":[{"href":"http:\/\/leny.eu\/sl\/wp-json\/wp\/v2\/media?parent=3082"}],"curies":[{"name":"wp","href":"https:\/\/api.w.org\/{rel}","templated":true}]}}