{"id":6297,"date":"2023-05-09T12:41:51","date_gmt":"2023-05-09T12:41:51","guid":{"rendered":"https:\/\/leny.april8.org\/?page_id=6297"},"modified":"2024-09-16T11:20:07","modified_gmt":"2024-09-16T11:20:07","slug":"100-dni-popolnega-jamstva","status":"publish","type":"page","link":"http:\/\/leny.eu\/sl\/100-dni-popolnega-jamstva\/","title":{"rendered":"100 dni popolnega jamstva"},"content":{"rendered":"\n<p>Vam je padel gumb, strgala zadrga, po\u010dil \u0161iv? Znotraj 100 dni od dneva nakupa, vse morebitne napake uredimo, zamenjamo ali&nbsp; popravimo, da vam bodo hla\u010de kot ulite. Jamstvo velja ob upo\u0161tevanju vzdr\u017eevanja, kot je na etiketi v hla\u010dah. V primeru neupo\u0161tevanja navodil vzdr\u017eevanja, jamstvo ne velja. Prav tako jamstvo ne velja, v kolikor pride do po\u0161kodbe zaradi fizi\u010dne sile, strgana zadrga, strgan material\u2026 Jamstvo velja ob pogojih navadne, redne uporabe.<\/p>\n\n\n\n<p>Kupec sam poskrbi za dostavo hla\u010d za katere uveljavlja jamstvo z razlago po\u0161kodbe oz. zakaj uveljavlja jamstvo na naslov PE: LENY, Zoisova ul. 1, 4000 Kranj, Slovenija.<\/p>\n\n\n\n<p>Ker verjamemo v kvaliteto na\u0161ih izdelkov vam ponujamo jamstvo zadovoljstva!<\/p>\n\n\n\n<p><\/p>\n","protected":false},"excerpt":{"rendered":"<p>Vam je padel gumb, strgala zadrga, po\u010dil \u0161iv? Znotraj 100 dni od dneva nakupa, vse morebitne napake uredimo, zamenjamo ali&nbsp; popravimo, da vam bodo hla\u010de kot ulite. Jamstvo velja ob upo\u0161tevanju vzdr\u017eevanja, kot je na etiketi v hla\u010dah. V primeru neupo\u0161tevanja navodil vzdr\u017eevanja, jamstvo ne velja. Prav tako jamstvo ne velja, v kolikor pride do&hellip;<\/p>\n","protected":false},"author":4,"featured_media":0,"parent":0,"menu_order":0,"comment_status":"closed","ping_status":"closed","template":"","meta":{"footnotes":""},"class_list":["post-6297","page","type-page","status-publish","hentry"],"jetpack_sharing_enabled":true,"_links":{"self":[{"href":"http:\/\/leny.eu\/sl\/wp-json\/wp\/v2\/pages\/6297","targetHints":{"allow":["GET"]}}],"collection":[{"href":"http:\/\/leny.eu\/sl\/wp-json\/wp\/v2\/pages"}],"about":[{"href":"http:\/\/leny.eu\/sl\/wp-json\/wp\/v2\/types\/page"}],"author":[{"embeddable":true,"href":"http:\/\/leny.eu\/sl\/wp-json\/wp\/v2\/users\/4"}],"replies":[{"embeddable":true,"href":"http:\/\/leny.eu\/sl\/wp-json\/wp\/v2\/comments?post=6297"}],"version-history":[{"count":2,"href":"http:\/\/leny.eu\/sl\/wp-json\/wp\/v2\/pages\/6297\/revisions"}],"predecessor-version":[{"id":9817,"href":"http:\/\/leny.eu\/sl\/wp-json\/wp\/v2\/pages\/6297\/revisions\/9817"}],"wp:attachment":[{"href":"http:\/\/leny.eu\/sl\/wp-json\/wp\/v2\/media?parent=6297"}],"curies":[{"name":"wp","href":"https:\/\/api.w.org\/{rel}","templated":true}]}}