{"id":7489,"date":"2023-09-18T09:04:09","date_gmt":"2023-09-18T09:04:09","guid":{"rendered":"https:\/\/www.leny.eu\/?page_id=7489"},"modified":"2025-10-07T08:48:06","modified_gmt":"2025-10-07T08:48:06","slug":"leny-premium","status":"publish","type":"page","link":"http:\/\/leny.eu\/sl\/leny-premium\/","title":{"rendered":"LENY PREMIUM"},"content":{"rendered":"\n<div class=\"wp-block-cover alignfull\" style=\"min-height:430px;aspect-ratio:unset;\"><img loading=\"lazy\" decoding=\"async\" width=\"2560\" height=\"1705\" class=\"wp-block-cover__image-background wp-image-8518\" alt=\"\" src=\"https:\/\/www.leny.eu\/wp-content\/uploads\/2023\/09\/AND_5748-NEF_DxO_HQ_1-1-rotated.jpg\" data-object-fit=\"cover\" srcset=\"http:\/\/leny.eu\/wp-content\/uploads\/2023\/09\/AND_5748-NEF_DxO_HQ_1-1-rotated.jpg 2560w, http:\/\/leny.eu\/wp-content\/uploads\/2023\/09\/AND_5748-NEF_DxO_HQ_1-1-rotated-740x493.jpg 740w, http:\/\/leny.eu\/wp-content\/uploads\/2023\/09\/AND_5748-NEF_DxO_HQ_1-1-rotated-1200x799.jpg 1200w, http:\/\/leny.eu\/wp-content\/uploads\/2023\/09\/AND_5748-NEF_DxO_HQ_1-1-300x200.jpg 300w, http:\/\/leny.eu\/wp-content\/uploads\/2023\/09\/AND_5748-NEF_DxO_HQ_1-1-1024x682.jpg 1024w, http:\/\/leny.eu\/wp-content\/uploads\/2023\/09\/AND_5748-NEF_DxO_HQ_1-1-768x512.jpg 768w, http:\/\/leny.eu\/wp-content\/uploads\/2023\/09\/AND_5748-NEF_DxO_HQ_1-1-1536x1023.jpg 1536w, http:\/\/leny.eu\/wp-content\/uploads\/2023\/09\/AND_5748-NEF_DxO_HQ_1-1-2048x1364.jpg 2048w, http:\/\/leny.eu\/wp-content\/uploads\/2023\/09\/AND_5748-NEF_DxO_HQ_1-1-20x12.jpg 20w\" sizes=\"auto, (max-width: 2560px) 100vw, 2560px\" \/><span aria-hidden=\"true\" class=\"wp-block-cover__background has-background-dim-40 has-background-dim\"><\/span><div class=\"wp-block-cover__inner-container is-layout-flow wp-block-cover-is-layout-flow\">\n<h2 class=\"wp-block-heading has-text-align-center has-white-color has-text-color has-large-font-size\">LENY PREMIUM<\/h2>\n\n\n\n<p class=\"has-text-align-center has-white-color has-text-color has-x-large-font-size\"><strong>Slovenska izdelava, italijanska kakovost<\/strong><\/p>\n\n\n\n<p><\/p>\n<\/div><\/div>\n\n\n\n<div class=\"wp-block-media-text alignwide has-media-on-the-right is-stacked-on-mobile\"><div class=\"wp-block-media-text__content\">\n<p class=\"has-text-color has-medium-font-size\" style=\"color:#1c3361\"><strong>Za\u010dutite razko\u0161je vrhunskega jeansa!<\/strong><\/p>\n\n\n\n<p class=\"has-text-color has-x-large-font-size\" style=\"color:#1c3361\"><strong>#1 PREMIUM JEANS<\/strong><\/p>\n\n\n\n<ul class=\"wp-block-list\">\n<li>Edinstveni material iz italijanske prestolnice mode<\/li>\n\n\n\n<li>Trpe\u017ene in udobne<\/li>\n\n\n\n<li>Klasi\u010dni kroji za vsak tip postave<\/li>\n<\/ul>\n\n\n\n<div class=\"wp-block-buttons is-layout-flex wp-block-buttons-is-layout-flex\">\n<div class=\"wp-block-button\"><a class=\"wp-block-button__link has-background wp-element-button\" href=\"https:\/\/www.leny.eu\/sl\/kategorija-izdelka\/leny-premium\/\" style=\"background-color:#1c3361\"><strong>&nbsp;OGLEJ SI MODELE<\/strong><\/a><\/div>\n<\/div>\n<\/div><figure class=\"wp-block-media-text__media\"><img loading=\"lazy\" decoding=\"async\" width=\"1024\" height=\"1024\" src=\"https:\/\/www.leny.eu\/wp-content\/uploads\/2023\/09\/AND_5747-NEF_DxO_HQ-1024x1024.jpg\" alt=\"\" class=\"wp-image-8510 size-full\" srcset=\"http:\/\/leny.eu\/wp-content\/uploads\/2023\/09\/AND_5747-NEF_DxO_HQ-1024x1024.jpg 1024w, http:\/\/leny.eu\/wp-content\/uploads\/2023\/09\/AND_5747-NEF_DxO_HQ-740x740.jpg 740w, http:\/\/leny.eu\/wp-content\/uploads\/2023\/09\/AND_5747-NEF_DxO_HQ-100x100.jpg 100w, http:\/\/leny.eu\/wp-content\/uploads\/2023\/09\/AND_5747-NEF_DxO_HQ-300x300.jpg 300w, http:\/\/leny.eu\/wp-content\/uploads\/2023\/09\/AND_5747-NEF_DxO_HQ-150x150.jpg 150w, http:\/\/leny.eu\/wp-content\/uploads\/2023\/09\/AND_5747-NEF_DxO_HQ-768x768.jpg 768w, http:\/\/leny.eu\/wp-content\/uploads\/2023\/09\/AND_5747-NEF_DxO_HQ-180x180.jpg 180w\" sizes=\"auto, (max-width: 1024px) 100vw, 1024px\" \/><\/figure><\/div>\n\n\n\n<div class=\"wp-block-media-text alignfull is-stacked-on-mobile\" style=\"grid-template-columns:48% auto\"><figure class=\"wp-block-media-text__media\"><img loading=\"lazy\" decoding=\"async\" width=\"1024\" height=\"1024\" src=\"https:\/\/www.leny.eu\/wp-content\/uploads\/2023\/09\/AND_5748-NEF_DxO_HQ-1024x1024.jpg\" alt=\"\" class=\"wp-image-8514 size-full\" srcset=\"http:\/\/leny.eu\/wp-content\/uploads\/2023\/09\/AND_5748-NEF_DxO_HQ-1024x1024.jpg 1024w, http:\/\/leny.eu\/wp-content\/uploads\/2023\/09\/AND_5748-NEF_DxO_HQ-740x740.jpg 740w, http:\/\/leny.eu\/wp-content\/uploads\/2023\/09\/AND_5748-NEF_DxO_HQ-100x100.jpg 100w, http:\/\/leny.eu\/wp-content\/uploads\/2023\/09\/AND_5748-NEF_DxO_HQ-300x300.jpg 300w, http:\/\/leny.eu\/wp-content\/uploads\/2023\/09\/AND_5748-NEF_DxO_HQ-150x150.jpg 150w, http:\/\/leny.eu\/wp-content\/uploads\/2023\/09\/AND_5748-NEF_DxO_HQ-768x768.jpg 768w, http:\/\/leny.eu\/wp-content\/uploads\/2023\/09\/AND_5748-NEF_DxO_HQ-180x180.jpg 180w\" sizes=\"auto, (max-width: 1024px) 100vw, 1024px\" \/><\/figure><div class=\"wp-block-media-text__content\">\n<p><\/p>\n\n\n\n<h2 class=\"wp-block-heading has-text-color has-large-font-size\" style=\"color:#1c3361\">Spoznajte Leny Premium<\/h2>\n\n\n\n<p>NOVO v ponudbi hla\u010d Leny so modeli, izdelani iz prvovrstnega <a href=\"https:\/\/www.candianidenim.com\/en\" data-type=\"link\" data-id=\"https:\/\/www.candianidenim.com\/en\"><strong>Candiani jeansa<\/strong><\/a>. Gre za material <strong>trajnostne italijanske proizvodnje<\/strong>, ki je \u0161e bolj udoben za no\u0161enje in \u0161e bolj trpe\u017een. V kombinaciji izbranimi ve\u010dno modernimi kroji&nbsp;Je zagotovilo, da boste svoje Lenyske z veseljem lahko nosili \u0161e dolgo. <\/p>\n\n\n\n<p><strong>Odkrijte popolno kombinacijo udobja, vzdr\u017eljivosti in sloga!<\/strong><\/p>\n\n\n\n<div class=\"wp-block-buttons is-layout-flex wp-block-buttons-is-layout-flex\">\n<div class=\"wp-block-button\"><a class=\"wp-block-button__link has-background wp-element-button\" href=\"https:\/\/www.leny.eu\/sl\/kategorija-izdelka\/leny-premium\/\" style=\"background-color:#1c3361\"><strong>&nbsp;IZBERI SVOJ MODEL<\/strong><\/a><\/div>\n<\/div>\n\n\n\n<p><\/p>\n\n\n\n<p class=\"has-text-align-center has-large-font-size\"><strong>Klasi\u010dna moda. Trajnostna proizvodnja. Trajna uporaba.<\/strong><\/p>\n<\/div><\/div>\n\n\n\n<div class=\"wp-block-media-text alignwide has-media-on-the-right is-stacked-on-mobile\"><div class=\"wp-block-media-text__content\">\n<p class=\"has-text-align-left has-text-color has-x-large-font-size\" style=\"color:#1c3361\"><strong>LENY PREMIUM X CANDIANI DENIM<\/strong><\/p>\n\n\n\n<p>Da bi dosegli <strong>nadstandardno<\/strong> kakovost hla\u010d, smo se za linijo Leny Premium zdru\u017eili z italijanskim proizvajalcem jeansa, ki slovi po dolgoletni tradiciji, <strong>trajnostnih materialih<\/strong> in <strong>inovativnih tehnologijah<\/strong>. Trajnost je njihova prioriteta v pridelavi in predelavi tkanin, zato so znani tudi kot \u00bbnajbolj zeleni proizvajalec v modrem svetu jeansa\u00ab.<\/p>\n\n\n\n<p>Candiani jeans v svojih kolekcijah uporabljajo tudi najve\u010dje svetovne blagovne znamke obla\u010dila kot so <strong>Hugo Boss, Levi&#8217;s<\/strong> in <strong>Stella McCartney<\/strong>.<\/p>\n\n\n<div class=\"wp-block-image\">\n<figure class=\"alignleft size-full is-resized\"><img loading=\"lazy\" decoding=\"async\" width=\"431\" height=\"156\" src=\"https:\/\/www.leny.eu\/wp-content\/uploads\/2023\/09\/Candiani-logo.jpg\" alt=\"\" class=\"wp-image-8546\" style=\"width:148px;height:54px\" srcset=\"http:\/\/leny.eu\/wp-content\/uploads\/2023\/09\/Candiani-logo.jpg 431w, http:\/\/leny.eu\/wp-content\/uploads\/2023\/09\/Candiani-logo-300x109.jpg 300w\" sizes=\"auto, (max-width: 431px) 100vw, 431px\" \/><\/figure>\n<\/div>\n\n\n<p><\/p>\n<\/div><figure class=\"wp-block-media-text__media\"><img loading=\"lazy\" decoding=\"async\" width=\"1024\" height=\"1024\" src=\"https:\/\/www.leny.eu\/wp-content\/uploads\/2023\/07\/Untitled-design-21-1024x1024.png\" alt=\"\" class=\"wp-image-7544 size-full\" srcset=\"http:\/\/leny.eu\/wp-content\/uploads\/2023\/07\/Untitled-design-21-1024x1024.png 1024w, http:\/\/leny.eu\/wp-content\/uploads\/2023\/07\/Untitled-design-21-300x300.png 300w, http:\/\/leny.eu\/wp-content\/uploads\/2023\/07\/Untitled-design-21-150x150.png 150w, http:\/\/leny.eu\/wp-content\/uploads\/2023\/07\/Untitled-design-21-768x768.png 768w, http:\/\/leny.eu\/wp-content\/uploads\/2023\/07\/Untitled-design-21-180x180.png 180w, http:\/\/leny.eu\/wp-content\/uploads\/2023\/07\/Untitled-design-21-740x740.png 740w, http:\/\/leny.eu\/wp-content\/uploads\/2023\/07\/Untitled-design-21-100x100.png 100w\" sizes=\"auto, (max-width: 1024px) 100vw, 1024px\" \/><\/figure><\/div>\n\n\n\n<div class=\"wp-block-media-text alignfull is-stacked-on-mobile\" style=\"grid-template-columns:48% auto\"><figure class=\"wp-block-media-text__media\"><img loading=\"lazy\" decoding=\"async\" width=\"1024\" height=\"682\" src=\"https:\/\/www.leny.eu\/wp-content\/uploads\/2023\/09\/Leny-premium-hlace-1024x682.png\" alt=\"\" class=\"wp-image-8494 size-full\" srcset=\"http:\/\/leny.eu\/wp-content\/uploads\/2023\/09\/Leny-premium-hlace-1024x682.png 1024w, http:\/\/leny.eu\/wp-content\/uploads\/2023\/09\/Leny-premium-hlace-740x493.png 740w, http:\/\/leny.eu\/wp-content\/uploads\/2023\/09\/Leny-premium-hlace-300x200.png 300w, http:\/\/leny.eu\/wp-content\/uploads\/2023\/09\/Leny-premium-hlace-768x511.png 768w, http:\/\/leny.eu\/wp-content\/uploads\/2023\/09\/Leny-premium-hlace-20x12.png 20w\" sizes=\"auto, (max-width: 1024px) 100vw, 1024px\" \/><\/figure><div class=\"wp-block-media-text__content\">\n<h2 class=\"wp-block-heading has-text-color has-large-font-size\" style=\"color:#1c3361\">V koraku s trajnostnimi trendi<\/h2>\n\n\n\n<p>Ste \u017ee sli\u0161ali za pranje skoraj brez vode in brez kemikalij? Dana\u0161nje inovacije so povezane s trajnostjo in materiali, ki so prijazni do sodobnega \u017eivljenjskega sloga. Material za hla\u010de <strong>Leny Premium<\/strong> prihaja iz najbolj trajnostne tovarne jeansa na svetu, ki pri proizvodnji uporablja inovativne tehnologije in okolju prijazne postopke.<\/p>\n\n\n\n<div class=\"wp-block-buttons is-layout-flex wp-block-buttons-is-layout-flex\">\n<div class=\"wp-block-button\"><a class=\"wp-block-button__link has-background wp-element-button\" href=\"https:\/\/www.candianidenim.com\/en\" style=\"background-color:#1c3361\"><strong>PREBERI VE\u010c<\/strong><\/a><\/div>\n<\/div>\n<\/div><\/div>\n\n\n\n<div class=\"wp-block-cover alignfull is-light\" style=\"min-height:219px;aspect-ratio:unset;\"><img decoding=\"async\" class=\"wp-block-cover__image-background wp-image-7637\" alt=\"\" src=\"https:\/\/www.leny.eu\/wp-content\/uploads\/2023\/08\/Untitled-design.png\" style=\"object-position:56% 72%\" data-object-fit=\"cover\" data-object-position=\"56% 72%\"\/><span aria-hidden=\"true\" class=\"wp-block-cover__background has-background-dim-0 has-background-dim\"><\/span><div class=\"wp-block-cover__inner-container is-layout-flow wp-block-cover-is-layout-flow\">\n<p class=\"has-text-align-left has-text-color has-large-font-size\" style=\"color:#1c3361\">Popust na prvi nakup <\/p>\n\n\n\n<p class=\"has-text-align-left has-text-color has-x-large-font-size\" style=\"color:#1c3361\"><strong>izkoristite 15 % popust!<\/strong><\/p>\n\n\n\n<div class=\"wp-block-buttons is-content-justification-left is-layout-flex wp-container-core-buttons-is-layout-fdcfc74e wp-block-buttons-is-layout-flex\">\n<div class=\"wp-block-button\"><a class=\"wp-block-button__link has-white-color has-text-color has-background has-text-align-left wp-element-button\" style=\"background-color:#1c3361\">UPORABITE KODO &#8220;PREMIUM&#8221;<\/a><\/div>\n<\/div>\n<\/div><\/div>\n\n\n\n<div style=\"height:104px\" aria-hidden=\"true\" class=\"wp-block-spacer\"><\/div>\n\n\n\n<h2 class=\"wp-block-heading has-text-align-center has-text-color has-x-large-font-size\" style=\"color:#1c3361\">Vstopite v svet premium materialov in ve\u010dne klasike!<\/h2>\n\n\n\n<div style=\"height:68px\" aria-hidden=\"true\" class=\"wp-block-spacer\"><\/div>\n\n\n\n<div class=\"wp-block-media-text alignwide has-media-on-the-right is-stacked-on-mobile\"><div class=\"wp-block-media-text__content\">\n<p class=\"has-text-color has-x-large-font-size\" style=\"color:#1c3361\"><strong>Riga Premium<\/strong><\/p>\n\n\n\n<p><strong>Najbolj udoben \u017eenski model<\/strong><\/p>\n\n\n\n<p>Sem Riga in nudim udobje kot ga \u0161e niste do\u017eiveli. Z mano je gibanje nemoteno, tudi \u010de skupaj presediva cel delavnik! Izberite me, \u010de si \u017eelite vsakodnevnega udobja, vsestranskosti in odobravajo\u010dih pogledov.<\/p>\n\n\n\n<p><strong>Postanite del uspe\u0161ne zgodbe in izberite Riga Premium!<\/strong><\/p>\n\n\n\n<p><em>NAMIG: Riga je ideala za normalne in mo\u010dnej\u0161e postave ter izrazite obline, saj ima elasti\u010den in zadaj povi\u0161an pas. Ravne hla\u010dnice omogo\u010dajo nemoteno gibanje. In sedenje! Na voljo do \u0161tevilke 56, po naro\u010dilu do 64.<\/em><\/p>\n\n\n\n<div class=\"wp-block-buttons is-layout-flex wp-block-buttons-is-layout-flex\">\n<div class=\"wp-block-button\"><a class=\"wp-block-button__link has-background wp-element-button\" href=\"https:\/\/www.leny.eu\/sl\/izdelek\/riga-premium\/\" style=\"background-color:#1c3361\"><strong>KUPI ZDAJ<\/strong><\/a><\/div>\n<\/div>\n\n\n\n<div class=\"wp-block-buttons is-layout-flex wp-block-buttons-is-layout-flex\"><\/div>\n<\/div><figure class=\"wp-block-media-text__media\"><img loading=\"lazy\" decoding=\"async\" width=\"682\" height=\"1024\" src=\"https:\/\/www.leny.eu\/wp-content\/uploads\/2023\/09\/Leny-jeans-renata-bohinc-15-682x1024.jpg\" alt=\"\" class=\"wp-image-8534 size-full\" srcset=\"http:\/\/leny.eu\/wp-content\/uploads\/2023\/09\/Leny-jeans-renata-bohinc-15-682x1024.jpg 682w, http:\/\/leny.eu\/wp-content\/uploads\/2023\/09\/Leny-jeans-renata-bohinc-15-200x300.jpg 200w\" sizes=\"auto, (max-width: 682px) 100vw, 682px\" \/><\/figure><\/div>\n\n\n\n<div class=\"wp-block-media-text alignwide is-stacked-on-mobile\"><figure class=\"wp-block-media-text__media\"><img loading=\"lazy\" decoding=\"async\" width=\"681\" height=\"1024\" src=\"https:\/\/www.leny.eu\/wp-content\/uploads\/2023\/09\/Leny-Premium-model-Jure-681x1024.jpg\" alt=\"\" class=\"wp-image-8540 size-full\" srcset=\"http:\/\/leny.eu\/wp-content\/uploads\/2023\/09\/Leny-Premium-model-Jure-681x1024.jpg 681w, http:\/\/leny.eu\/wp-content\/uploads\/2023\/09\/Leny-Premium-model-Jure-200x300.jpg 200w\" sizes=\"auto, (max-width: 681px) 100vw, 681px\" \/><\/figure><div class=\"wp-block-media-text__content\">\n<p class=\"has-text-color has-x-large-font-size\" style=\"color:#1c3361\"><strong>Jure Premium<\/strong><\/p>\n\n\n\n<p><strong>Najbolje prodajani mo\u0161ki model<\/strong><\/p>\n\n\n\n<p>Sem Jure in sem prodajni hit med hla\u010dami blagovne znamke Leny! Moj prepoznavni slog je moderna klasika. \u010ce i\u0161\u010dete ve\u010dno eleganco s sodobnim pridihom in vrhunskim jeansom, bom definitivno va\u0161a izbira.<\/p>\n\n\n\n<p><strong>Postanite del uspe\u0161ne zgodbe in izberite Jure Premium!<\/strong><\/p>\n\n\n\n<p><em>NAMIG: Jure je idealen za normalne in mo\u010dne postave, za vse, ki imajo radi ravne hla\u010dnice in vi\u0161ji pas. Ker je zadaj povi\u0161an, nudi dodatno za\u0161\u010dito. Tudi pred pogledi! Na voljo do \u0161tevilke 62, po naro\u010dilu do 72.<\/em><\/p>\n\n\n\n<div class=\"wp-block-buttons is-layout-flex wp-block-buttons-is-layout-flex\">\n<div class=\"wp-block-button\"><a class=\"wp-block-button__link has-background wp-element-button\" href=\"https:\/\/www.leny.eu\/sl\/izdelek\/jure-premium\/\" style=\"background-color:#1c3361\"><strong>KUPI ZDAJ<\/strong><\/a><\/div>\n<\/div>\n\n\n\n<div class=\"wp-block-buttons is-layout-flex wp-block-buttons-is-layout-flex\"><\/div>\n<\/div><\/div>\n\n\n\n<div style=\"height:25px\" aria-hidden=\"true\" class=\"wp-block-spacer\"><\/div>\n\n\n\n<div class=\"wp-block-columns is-layout-flex wp-container-core-columns-is-layout-9d6595d7 wp-block-columns-is-layout-flex\">\n<div class=\"wp-block-column is-layout-flow wp-block-column-is-layout-flow\"><div class=\"wp-block-image\">\n<figure class=\"aligncenter size-full is-resized\"><img loading=\"lazy\" decoding=\"async\" width=\"512\" height=\"512\" src=\"https:\/\/www.leny.eu\/wp-content\/uploads\/2023\/04\/premium-materiali-002F63.png\" alt=\"\" class=\"wp-image-1146\" style=\"width:128px;height:128px\" srcset=\"http:\/\/leny.eu\/wp-content\/uploads\/2023\/04\/premium-materiali-002F63.png 512w, http:\/\/leny.eu\/wp-content\/uploads\/2023\/04\/premium-materiali-002F63-100x100.png 100w, http:\/\/leny.eu\/wp-content\/uploads\/2023\/04\/premium-materiali-002F63-300x300.png 300w, http:\/\/leny.eu\/wp-content\/uploads\/2023\/04\/premium-materiali-002F63-150x150.png 150w, http:\/\/leny.eu\/wp-content\/uploads\/2023\/04\/premium-materiali-002F63-180x180.png 180w\" sizes=\"auto, (max-width: 512px) 100vw, 512px\" \/><\/figure>\n<\/div>\n\n\n<p class=\"has-text-align-center\"><strong>Ekolo\u0161ki bomba\u017e<\/strong><\/p>\n<\/div>\n\n\n\n<div class=\"wp-block-column is-layout-flow wp-block-column-is-layout-flow\"><div class=\"wp-block-image\">\n<figure class=\"aligncenter size-full is-resized\"><img loading=\"lazy\" decoding=\"async\" width=\"512\" height=\"512\" src=\"https:\/\/www.leny.eu\/wp-content\/uploads\/2023\/04\/100-dni-popolne-garancije-002F63.png\" alt=\"\" class=\"wp-image-1158\" style=\"width:128px;height:128px\" srcset=\"http:\/\/leny.eu\/wp-content\/uploads\/2023\/04\/100-dni-popolne-garancije-002F63.png 512w, http:\/\/leny.eu\/wp-content\/uploads\/2023\/04\/100-dni-popolne-garancije-002F63-100x100.png 100w, http:\/\/leny.eu\/wp-content\/uploads\/2023\/04\/100-dni-popolne-garancije-002F63-300x300.png 300w, http:\/\/leny.eu\/wp-content\/uploads\/2023\/04\/100-dni-popolne-garancije-002F63-150x150.png 150w, http:\/\/leny.eu\/wp-content\/uploads\/2023\/04\/100-dni-popolne-garancije-002F63-180x180.png 180w\" sizes=\"auto, (max-width: 512px) 100vw, 512px\" \/><\/figure>\n<\/div>\n\n\n<p class=\"has-text-align-center\"><strong>Premium kvaliteta<\/strong><\/p>\n<\/div>\n\n\n\n<div class=\"wp-block-column is-layout-flow wp-block-column-is-layout-flow\"><div class=\"wp-block-image\">\n<figure class=\"aligncenter size-full is-resized\"><img loading=\"lazy\" decoding=\"async\" width=\"512\" height=\"512\" src=\"https:\/\/www.leny.eu\/wp-content\/uploads\/2023\/04\/multifunkcijske-002F63.png\" alt=\"\" class=\"wp-image-1150\" style=\"width:128px;height:128px\" srcset=\"http:\/\/leny.eu\/wp-content\/uploads\/2023\/04\/multifunkcijske-002F63.png 512w, http:\/\/leny.eu\/wp-content\/uploads\/2023\/04\/multifunkcijske-002F63-100x100.png 100w, http:\/\/leny.eu\/wp-content\/uploads\/2023\/04\/multifunkcijske-002F63-300x300.png 300w, http:\/\/leny.eu\/wp-content\/uploads\/2023\/04\/multifunkcijske-002F63-150x150.png 150w, http:\/\/leny.eu\/wp-content\/uploads\/2023\/04\/multifunkcijske-002F63-180x180.png 180w\" sizes=\"auto, (max-width: 512px) 100vw, 512px\" \/><\/figure>\n<\/div>\n\n\n<p class=\"has-text-align-center\"><strong>Prodajni hit <\/strong><\/p>\n<\/div>\n\n\n\n<div class=\"wp-block-column is-layout-flow wp-block-column-is-layout-flow\"><div class=\"wp-block-image\">\n<figure class=\"aligncenter size-full is-resized\"><img loading=\"lazy\" decoding=\"async\" width=\"512\" height=\"512\" src=\"https:\/\/www.leny.eu\/wp-content\/uploads\/2023\/04\/krajsanje-hlac-002F63.png\" alt=\"\" class=\"wp-image-1154\" style=\"width:128px;height:128px\" srcset=\"http:\/\/leny.eu\/wp-content\/uploads\/2023\/04\/krajsanje-hlac-002F63.png 512w, http:\/\/leny.eu\/wp-content\/uploads\/2023\/04\/krajsanje-hlac-002F63-100x100.png 100w, http:\/\/leny.eu\/wp-content\/uploads\/2023\/04\/krajsanje-hlac-002F63-300x300.png 300w, http:\/\/leny.eu\/wp-content\/uploads\/2023\/04\/krajsanje-hlac-002F63-150x150.png 150w, http:\/\/leny.eu\/wp-content\/uploads\/2023\/04\/krajsanje-hlac-002F63-180x180.png 180w\" sizes=\"auto, (max-width: 512px) 100vw, 512px\" \/><\/figure>\n<\/div>\n\n\n<p class=\"has-text-align-center\"><strong>Mo\u017enost kraj\u0161anja hla\u010d<\/strong><\/p>\n<\/div>\n<\/div>\n","protected":false},"excerpt":{"rendered":"<p>Vstopite v svet premium materialov in ve\u010dne klasike! Ekolo\u0161ki bomba\u017e Premium kvaliteta Prodajni hit Mo\u017enost kraj\u0161anja hla\u010d<\/p>\n","protected":false},"author":4,"featured_media":0,"parent":0,"menu_order":0,"comment_status":"closed","ping_status":"closed","template":"","meta":{"footnotes":""},"class_list":["post-7489","page","type-page","status-publish","hentry"],"jetpack_sharing_enabled":true,"_links":{"self":[{"href":"http:\/\/leny.eu\/sl\/wp-json\/wp\/v2\/pages\/7489","targetHints":{"allow":["GET"]}}],"collection":[{"href":"http:\/\/leny.eu\/sl\/wp-json\/wp\/v2\/pages"}],"about":[{"href":"http:\/\/leny.eu\/sl\/wp-json\/wp\/v2\/types\/page"}],"author":[{"embeddable":true,"href":"http:\/\/leny.eu\/sl\/wp-json\/wp\/v2\/users\/4"}],"replies":[{"embeddable":true,"href":"http:\/\/leny.eu\/sl\/wp-json\/wp\/v2\/comments?post=7489"}],"version-history":[{"count":78,"href":"http:\/\/leny.eu\/sl\/wp-json\/wp\/v2\/pages\/7489\/revisions"}],"predecessor-version":[{"id":14314,"href":"http:\/\/leny.eu\/sl\/wp-json\/wp\/v2\/pages\/7489\/revisions\/14314"}],"wp:attachment":[{"href":"http:\/\/leny.eu\/sl\/wp-json\/wp\/v2\/media?parent=7489"}],"curies":[{"name":"wp","href":"https:\/\/api.w.org\/{rel}","templated":true}]}}