{"id":1071,"date":"2023-04-06T08:51:05","date_gmt":"2023-04-06T08:51:05","guid":{"rendered":"https:\/\/leny.april8.org\/?post_type=product&#038;p=1071"},"modified":"2023-06-01T08:42:00","modified_gmt":"2023-06-01T08:42:00","slug":"zenske-pohodne-hlace-brez-zadrge-lm300w","status":"publish","type":"product","link":"http:\/\/leny.eu\/sl\/izdelek\/zenske-pohodne-hlace-brez-zadrge-lm300w\/","title":{"rendered":"\u017dENSKE POHODNE HLA\u010cE BREZ ZADRGE LM300W"},"content":{"rendered":"<p><strong>Tip postave<\/strong>: vse<\/p>\n<p><strong>Lastnosti:<\/strong><\/p>\n<ul>\n<li>Bi-elasti\u010den, lahek in mehak material<\/li>\n<li>Tehni\u010den kroj s pasom srednje vi\u0161ine<\/li>\n<li>Hla\u010dnice so do kolen oprijete in pod koleni padajo\u010de<\/li>\n<\/ul>\n<p><strong>Ostale podrobnosti:<\/strong><\/p>\n<ul>\n<li>Elasti\u010den pas, brez gumba in zadrge<\/li>\n<li>Dva skrita \u017eepa z zadrgo v modnih barvah<\/li>\n<li>Odsevnik na sprednji in zadnji strani<\/li>\n<li>Ve\u010d barvnih kombinacij<\/li>\n<\/ul>\n<p><strong>Nega: <\/strong><\/p>\n<ul>\n<li>Pranje na 30 <sup>o<\/sup>C (natan\u010dna navodila za nego so na etiketi hla\u010d)<\/li>\n<li>Odsvetujemo pranje z meh\u010dalcem, ker lahko uni\u010di funkcionalne lastnosti materiala<\/li>\n<\/ul>\n<p>Vse Leny pohodne hla\u010de imajo ne zarobljene hla\u010dnice, zato izberite mo\u017enost kraj\u0161anja hla\u010d in vnesite dol\u017eino va\u0161ih hla\u010dnic. Tako vam bomo hla\u010de tudi zarobili. Za pomo\u010d si oglejte navodila kako izmeriti dol\u017eino hla\u010dnic po meri.<\/p>\n","protected":false},"excerpt":{"rendered":"<p>Hla\u010de brez zadrge, ki navdu\u0161ijo \u0161e tako zahtevne hribolazke, zdru\u017eujejo udobje pajkic in vzdr\u017eljivost pohodnih hla\u010d. Primerne so tako za intenzivne telesne aktivnosti kot sta pohodni\u0161tvo in tek kot tudi za vsakodnevno rekreacijo z la\u017ejim kolesarjenjem ali sprehodi. Zaradi odli\u010dnih lastnosti materiala jih lahko nosite v vseh letnih \u010dasih.<\/p>\n<p>Vse Leny pohodne hla\u010de imajo ne zarobljene hla\u010dnice, zato izberite mo\u017enost kraj\u0161anja hla\u010d in vnesite dol\u017eino va\u0161ih hla\u010dnic. Tako vam bomo hla\u010de tudi zarobili. Za pomo\u010d si oglejte navodila kako izmeriti dol\u017eino hla\u010dnic po meri.<\/p>\n","protected":false},"featured_media":6703,"comment_status":"open","ping_status":"closed","template":"","meta":[],"product_brand":[],"product_cat":[99],"product_tag":[],"class_list":{"0":"post-1071","1":"product","2":"type-product","3":"status-publish","4":"has-post-thumbnail","6":"product_cat-pohodne-hlace","8":"first","9":"instock","10":"shipping-taxable","11":"purchasable","12":"product-type-variable"},"jetpack_sharing_enabled":true,"_links":{"self":[{"href":"http:\/\/leny.eu\/sl\/wp-json\/wp\/v2\/product\/1071","targetHints":{"allow":["GET"]}}],"collection":[{"href":"http:\/\/leny.eu\/sl\/wp-json\/wp\/v2\/product"}],"about":[{"href":"http:\/\/leny.eu\/sl\/wp-json\/wp\/v2\/types\/product"}],"replies":[{"embeddable":true,"href":"http:\/\/leny.eu\/sl\/wp-json\/wp\/v2\/comments?post=1071"}],"wp:featuredmedia":[{"embeddable":true,"href":"http:\/\/leny.eu\/sl\/wp-json\/wp\/v2\/media\/6703"}],"wp:attachment":[{"href":"http:\/\/leny.eu\/sl\/wp-json\/wp\/v2\/media?parent=1071"}],"wp:term":[{"taxonomy":"product_brand","embeddable":true,"href":"http:\/\/leny.eu\/sl\/wp-json\/wp\/v2\/product_brand?post=1071"},{"taxonomy":"product_cat","embeddable":true,"href":"http:\/\/leny.eu\/sl\/wp-json\/wp\/v2\/product_cat?post=1071"},{"taxonomy":"product_tag","embeddable":true,"href":"http:\/\/leny.eu\/sl\/wp-json\/wp\/v2\/product_tag?post=1071"}],"curies":[{"name":"wp","href":"https:\/\/api.w.org\/{rel}","templated":true}]}}