{"id":1075,"date":"2023-04-06T08:56:22","date_gmt":"2023-04-06T08:56:22","guid":{"rendered":"https:\/\/leny.april8.org\/?post_type=product&#038;p=1075"},"modified":"2025-02-07T07:16:05","modified_gmt":"2025-02-07T07:16:05","slug":"mfp-riga","status":"publish","type":"product","link":"http:\/\/leny.eu\/sl\/izdelek\/mfp-riga\/","title":{"rendered":"MFP RIGA"},"content":{"rendered":"<p><strong>Tip postave:<\/strong> vse, tudi mo\u010dnej\u0161e<\/p>\n<p><strong>Lastnosti: <\/strong><\/p>\n<ul>\n<li>Bi-elasti\u010den, lahek in mehak material<\/li>\n<li>Raztegljiv vi\u0161ji pas<\/li>\n<li>Ravne<\/li>\n<li>Elastika v pasu<\/li>\n<li>4 \u017eepi<\/li>\n<li>Aluminijaste zakovice<\/li>\n<\/ul>\n<p><strong>Material &amp; Nega:<\/strong><\/p>\n<ul>\n<li>90% PA, 10% Lycra\u00ae &#8211; vrhunski material, proizveden v EU<\/li>\n<li>Pranje na 30 <sup>o<\/sup>C (natan\u010dna navodila za nego so na etiketi hla\u010d)<\/li>\n<li>Odsvetujemo pranje z meh\u010dalcem, ker lahko uni\u010di funkcionalne lastnosti materiala<\/li>\n<\/ul>\n<p>&nbsp;<\/p>\n<p><strong>Dimenzije:\u00a0<\/strong><\/p>\n<p>Standardne dimenzije Leny hla\u010d si lahko ogledate v tabeli. Za nakup idealnega para hla\u010d priporo\u010damo, da izmerite dimenzije va\u0161ih najljub\u0161ih hla\u010d in v tabeli poi\u0161\u010dete svoje mere. Tako boste zagotovo kupili popolne lenyske zase!<\/p>\n<blockquote class=\"wp-embedded-content\" data-secret=\"fXgMQxhImx\"><p><a href=\"https:\/\/www.leny.eu\/sl\/hlace-po-meri\/\">Hla\u010de po meri<\/a><\/p><\/blockquote>\n<p><iframe loading=\"lazy\" class=\"wp-embedded-content\" sandbox=\"allow-scripts\" security=\"restricted\" style=\"position: absolute; visibility: hidden;\" title=\"&#8220;Hla\u010de po meri&#8221; &#8212; Leny\" src=\"https:\/\/www.leny.eu\/sl\/hlace-po-meri\/embed\/#?secret=2npX1O7ksf#?secret=fXgMQxhImx\" data-secret=\"fXgMQxhImx\" width=\"600\" height=\"338\" frameborder=\"0\" marginwidth=\"0\" marginheight=\"0\" scrolling=\"no\"><\/iframe><\/p>\n","protected":false},"excerpt":{"rendered":"<div class=\"woocommerce-product-details__short-description\">\n<p><strong>Multifunkcijske hla\u010de<\/strong> ponujajo popolno kombinacijo udobja, stila in funkcionalnosti. Klasi\u010den kroj (vse prednosti modela <strong>Riga<\/strong>), izdelan iz vrhunskega certificiranega materiala, ki se uporablja tudi za pohodne hla\u010de, zagotavlja vsestranskost in vzdr\u017eljivost. Material je elasti\u010den v vse smeri, se ne me\u010dka in je opremljen s posebno za\u0161\u010dito za vodoodbojnost. Dvoplastna tkanina omogo\u010da optimalno zra\u010denje ter udobje skozi ves dan.<\/p>\n<p>Te hla\u010de so idealne za razli\u010dne prilo\u017enosti, od dela v pisarni in na terenu, do posebnih dogodkov in spro\u0161\u010denih sprehodov. So odli\u010dna izbira za izlete in potovanja, kjer potrebujete udobje in prakti\u010dnost brez kompromisov.<\/p>\n<p>Vse Leny multifunkcijske hla\u010de imajo ne zarobljene hla\u010dnice, zato izberite mo\u017enost kraj\u0161anja hla\u010d in vnesite dol\u017eino va\u0161ih hla\u010dnic. Tako vam bomo hla\u010de tudi zarobili in bodo dolge to\u010dno toliko, kot vam najbolj ustreza. Za pomo\u010d si oglejte navodila kako izmeriti dol\u017eino hla\u010dnic po meri.<\/p>\n<\/div>\n<p>&nbsp;<\/p>\n","protected":false},"featured_media":8110,"comment_status":"open","ping_status":"closed","template":"","meta":[],"product_brand":[],"product_cat":[98],"product_tag":[],"class_list":{"0":"post-1075","1":"product","2":"type-product","3":"status-publish","4":"has-post-thumbnail","6":"product_cat-multifunkcijske-hlace","8":"first","9":"instock","10":"shipping-taxable","11":"purchasable","12":"product-type-variable","13":"has-default-attributes"},"jetpack_sharing_enabled":true,"_links":{"self":[{"href":"http:\/\/leny.eu\/sl\/wp-json\/wp\/v2\/product\/1075","targetHints":{"allow":["GET"]}}],"collection":[{"href":"http:\/\/leny.eu\/sl\/wp-json\/wp\/v2\/product"}],"about":[{"href":"http:\/\/leny.eu\/sl\/wp-json\/wp\/v2\/types\/product"}],"replies":[{"embeddable":true,"href":"http:\/\/leny.eu\/sl\/wp-json\/wp\/v2\/comments?post=1075"}],"wp:featuredmedia":[{"embeddable":true,"href":"http:\/\/leny.eu\/sl\/wp-json\/wp\/v2\/media\/8110"}],"wp:attachment":[{"href":"http:\/\/leny.eu\/sl\/wp-json\/wp\/v2\/media?parent=1075"}],"wp:term":[{"taxonomy":"product_brand","embeddable":true,"href":"http:\/\/leny.eu\/sl\/wp-json\/wp\/v2\/product_brand?post=1075"},{"taxonomy":"product_cat","embeddable":true,"href":"http:\/\/leny.eu\/sl\/wp-json\/wp\/v2\/product_cat?post=1075"},{"taxonomy":"product_tag","embeddable":true,"href":"http:\/\/leny.eu\/sl\/wp-json\/wp\/v2\/product_tag?post=1075"}],"curies":[{"name":"wp","href":"https:\/\/api.w.org\/{rel}","templated":true}]}}