{"id":14835,"date":"2025-12-31T08:18:32","date_gmt":"2025-12-31T08:18:32","guid":{"rendered":"https:\/\/www.leny.eu\/?post_type=product&#038;p=14835"},"modified":"2026-01-05T15:47:51","modified_gmt":"2026-01-05T15:47:51","slug":"jure-zamet","status":"publish","type":"product","link":"http:\/\/leny.eu\/sl\/izdelek\/jure-zamet\/","title":{"rendered":"JURE \u017dAMET"},"content":{"rendered":"<p><strong>Tip postave:<\/strong> vse<\/p>\n<p><strong>Lastnosti:<\/strong><\/p>\n<ul>\n<li>Tanek rebrast \u017eamet<\/li>\n<li>Klasi\u010dni kroj s povi\u0161anim pasom<\/li>\n<li>Ravne hla\u010dnice<\/li>\n<\/ul>\n<p><strong>Ostale podrobnosti:<\/strong><\/p>\n<ul>\n<li>5 \u017eepov<\/li>\n<li>Oja\u010dane klju\u010dne to\u010dke<\/li>\n<li>YKK zadrga<\/li>\n<\/ul>\n<p><strong>Material &amp; nega:<\/strong><\/p>\n<ul>\n<li>Sestava: 98% bomba\u017e in 2% elastan Vrhunski \u017eamet<\/li>\n<li>Pranje na 30 oC, obrnite narobe (navodila za nego so v\u0161ita na etiketi hla\u010d)<\/li>\n<li>Likanje, hla\u010de obrnite med likanjem, ne likati po sprednji povr\u0161ini<\/li>\n<li>dejanska barva izdelka se lahko minimalno razlikuje od slike izdelka<\/li>\n<\/ul>\n<p>&nbsp;<\/p>\n<p><strong>Dimenzije:\u00a0<\/strong><\/p>\n<p>Standardne dimenzije Leny hla\u010d si lahko ogledate v tabeli. Za nakup idealnega para hla\u010d priporo\u010damo, da izmerite dimenzije va\u0161ih najljub\u0161ih hla\u010d in v tabeli poi\u0161\u010dete svoje mere. Tako boste zagotovo kupili popolne lenyske zase!<\/p>\n","protected":false},"excerpt":{"rendered":"<p data-start=\"157\" data-end=\"250\"><strong data-start=\"157\" data-end=\"250\">Odkrijte najbolj prodajani mo\u0161ki model hla\u010d Jure \u2013 zdaj tudi v elegantni \u017eametni izvedbi.<\/strong><\/p>\n<p data-start=\"252\" data-end=\"384\">\u010ce prisegate na brez\u010dasno klasiko, a \u017eelite nekaj ve\u010d topline, mehkobe in prefinjenega videza, so \u017eametne hla\u010de Jure odli\u010dna izbira.<\/p>\n<p data-start=\"386\" data-end=\"671\">Narejene so iz vrhunskega bomba\u017ea z dodatkom elastana, kar zagotavlja izjemno udobje, pro\u017enost in prijeten ob\u010dutek pri no\u0161enju. \u017dametni material je mehak, topel in naraven \u2013 pozimi prijetno greje, v prehodnih in toplej\u0161ih dneh pa omogo\u010da dihanje ko\u017ee, zato se v njem ne boste potili.<\/p>\n<p data-start=\"673\" data-end=\"905\">Zasnovane so z mislijo na va\u0161e udobje: visok in zadaj povi\u0161an pas poskrbi, da hla\u010de ostanejo na mestu tudi pri gibanju ali pripogibanju. Ravne hla\u010dnice omogo\u010dajo udobno hojo, vo\u017enjo ter no\u0161enje tako pri delu na terenu kot v pisarni.<\/p>\n<p data-start=\"907\" data-end=\"1141\">Ozek, fin \u017eamet daje hla\u010dam zelo lep in eleganten videz, ki brez te\u017eav zdru\u017euje klasi\u010den slog s sodobno noto. Preplet elegance, topline in trpe\u017enosti je idealen za mo\u0161ke, ki cenijo kakovost, udobje in urejen videz v vseh letnih \u010dasih.<\/p>\n<p data-start=\"1143\" data-end=\"1236\">V prodajalni je na voljo ve\u010dja izbira materialov in barv, kot je predstavljena na tej strani.<\/p>\n","protected":false},"featured_media":15547,"comment_status":"open","ping_status":"closed","template":"","meta":[],"product_brand":[],"product_cat":[96],"product_tag":[],"class_list":{"0":"post-14835","1":"product","2":"type-product","3":"status-publish","4":"has-post-thumbnail","6":"product_cat-moski-modeli","8":"first","9":"instock","10":"featured","11":"taxable","12":"shipping-taxable","13":"purchasable","14":"product-type-variable"},"jetpack_sharing_enabled":true,"_links":{"self":[{"href":"http:\/\/leny.eu\/sl\/wp-json\/wp\/v2\/product\/14835","targetHints":{"allow":["GET"]}}],"collection":[{"href":"http:\/\/leny.eu\/sl\/wp-json\/wp\/v2\/product"}],"about":[{"href":"http:\/\/leny.eu\/sl\/wp-json\/wp\/v2\/types\/product"}],"replies":[{"embeddable":true,"href":"http:\/\/leny.eu\/sl\/wp-json\/wp\/v2\/comments?post=14835"}],"wp:featuredmedia":[{"embeddable":true,"href":"http:\/\/leny.eu\/sl\/wp-json\/wp\/v2\/media\/15547"}],"wp:attachment":[{"href":"http:\/\/leny.eu\/sl\/wp-json\/wp\/v2\/media?parent=14835"}],"wp:term":[{"taxonomy":"product_brand","embeddable":true,"href":"http:\/\/leny.eu\/sl\/wp-json\/wp\/v2\/product_brand?post=14835"},{"taxonomy":"product_cat","embeddable":true,"href":"http:\/\/leny.eu\/sl\/wp-json\/wp\/v2\/product_cat?post=14835"},{"taxonomy":"product_tag","embeddable":true,"href":"http:\/\/leny.eu\/sl\/wp-json\/wp\/v2\/product_tag?post=14835"}],"curies":[{"name":"wp","href":"https:\/\/api.w.org\/{rel}","templated":true}]}}