{"id":5253,"date":"2023-04-26T13:48:58","date_gmt":"2023-04-26T13:48:58","guid":{"rendered":"https:\/\/leny.april8.org\/?post_type=product&#038;p=5253"},"modified":"2025-01-07T07:21:31","modified_gmt":"2025-01-07T07:21:31","slug":"krilo","status":"publish","type":"product","link":"http:\/\/leny.eu\/sl\/izdelek\/krilo\/","title":{"rendered":"KRILO"},"content":{"rendered":"<p><strong>Tip postave:<\/strong> vse<\/p>\n<p><strong>Lastnosti: <\/strong><\/p>\n<ul>\n<li>Mehak stretch jeans<\/li>\n<li>Od velikosti 38 do 46, po \u017eelji tudi skraj\u0161amo<\/li>\n<li>Po naro\u010dilu naredimo lahko manj\u0161o ali ve\u010djo velikost<\/li>\n<li>Izredno udoben model<\/li>\n<\/ul>\n<p><strong>Ostale podrobnosti:<\/strong><\/p>\n<ul>\n<li>Dva \u017eepa spredaj,\u00a0 dva \u017eepa zadaj<\/li>\n<li>YKK<\/li>\n<li>Z razporkom zadaj<\/li>\n<\/ul>\n<p><strong>Material &amp; nega:<\/strong><\/p>\n<ul>\n<li>\u00a0Sestava: 82% bomba\u017e in 18% Poliester 2 % Spandex &#8211; elastan (sestava tkanine lahko variira, to\u010dno sestavo najdete na v\u0161itku hla\u010d)<br \/>\nPranje na 30 oC (navodila za nego so v\u0161ita na etiketi hla\u010d)<\/li>\n<\/ul>\n<p>&nbsp;<\/p>\n","protected":false},"excerpt":{"rendered":"<p>Sem posebnica med Leny izdelki. Izredno udobna, do kolen &#8211; po \u017eelji lahko dol\u017eino prilagodimo.<\/p>\n<p>Spredaj in zadaj \u017eepi, zadaj razporek, gumb zadrga. Izredno mehak in elasti\u010den tanj\u0161i jeans.<\/p>\n","protected":false},"featured_media":9553,"comment_status":"open","ping_status":"closed","template":"","meta":[],"product_brand":[],"product_cat":[97],"product_tag":[],"class_list":{"0":"post-5253","1":"product","2":"type-product","3":"status-publish","4":"has-post-thumbnail","6":"product_cat-zenski-modeli","8":"first","9":"instock","10":"taxable","11":"shipping-taxable","12":"purchasable","13":"product-type-variable"},"jetpack_sharing_enabled":true,"_links":{"self":[{"href":"http:\/\/leny.eu\/sl\/wp-json\/wp\/v2\/product\/5253","targetHints":{"allow":["GET"]}}],"collection":[{"href":"http:\/\/leny.eu\/sl\/wp-json\/wp\/v2\/product"}],"about":[{"href":"http:\/\/leny.eu\/sl\/wp-json\/wp\/v2\/types\/product"}],"replies":[{"embeddable":true,"href":"http:\/\/leny.eu\/sl\/wp-json\/wp\/v2\/comments?post=5253"}],"wp:featuredmedia":[{"embeddable":true,"href":"http:\/\/leny.eu\/sl\/wp-json\/wp\/v2\/media\/9553"}],"wp:attachment":[{"href":"http:\/\/leny.eu\/sl\/wp-json\/wp\/v2\/media?parent=5253"}],"wp:term":[{"taxonomy":"product_brand","embeddable":true,"href":"http:\/\/leny.eu\/sl\/wp-json\/wp\/v2\/product_brand?post=5253"},{"taxonomy":"product_cat","embeddable":true,"href":"http:\/\/leny.eu\/sl\/wp-json\/wp\/v2\/product_cat?post=5253"},{"taxonomy":"product_tag","embeddable":true,"href":"http:\/\/leny.eu\/sl\/wp-json\/wp\/v2\/product_tag?post=5253"}],"curies":[{"name":"wp","href":"https:\/\/api.w.org\/{rel}","templated":true}]}}