{"id":6004,"date":"2023-05-04T09:25:40","date_gmt":"2023-05-04T09:25:40","guid":{"rendered":"https:\/\/leny.april8.org\/?post_type=product&#038;p=6004"},"modified":"2025-10-18T05:28:03","modified_gmt":"2025-10-18T05:28:03","slug":"moske-pohodne-hlace-lm200m","status":"publish","type":"product","link":"http:\/\/leny.eu\/sl\/izdelek\/moske-pohodne-hlace-lm200m\/","title":{"rendered":"MO\u0160KE POHODNE HLA\u010cE LM200M"},"content":{"rendered":"<p><strong>Tip postave<\/strong>: vse<\/p>\n<p><strong>Lastnosti:<\/strong><\/p>\n<ul>\n<li>Bi-elasti\u010den, lahek in mehak material<\/li>\n<li>Vodoodbojen material, ki se ne me\u010dka<\/li>\n<li>Tehni\u010den kroj s pasom srednje vi\u0161ine<\/li>\n<li>Ravne, padajo\u010de hla\u010dnice<\/li>\n<\/ul>\n<p><strong>Ostale podrobnosti:<\/strong><\/p>\n<ul>\n<li>Mo\u010dna zadrga in gumb<\/li>\n<li>Po\u0161evna prednja \u017eepa z zadrgo<\/li>\n<li>Zadnji \u017eep z zadrgo<\/li>\n<li>Elasti\u010den dodatek v pasu<\/li>\n<li>\u0160iroke pasne zanke (<em>\u0161linge<\/em>)<\/li>\n<\/ul>\n<p><strong>Nega: <\/strong><\/p>\n<ul>\n<li>Pranje na 30 <sup>o<\/sup>C (natan\u010dna navodila za nego so na etiketi hla\u010d)<\/li>\n<li>Odsvetujemo pranje z meh\u010dalcem, ker lahko uni\u010di funkcionalne lastnosti materiala<\/li>\n<\/ul>\n","protected":false},"excerpt":{"rendered":"<h4 data-start=\"169\" data-end=\"227\">Leny LM200M \u2013 udobne in elegantne mo\u0161ke pohodne hla\u010de<\/h4>\n<p data-start=\"229\" data-end=\"513\"><strong data-start=\"229\" data-end=\"244\">Leny LM200M<\/strong> predstavljajo popolno ravnovesje med udobjem, funkcionalnostjo in klasi\u010dnim slogom. Te <strong data-start=\"332\" data-end=\"355\">mo\u0161ke pohodne hla\u010de<\/strong> so izdelane iz <strong data-start=\"371\" data-end=\"424\">vrhunskega bi-elasti\u010dnega in vodoodbojnega materiala<\/strong>, ki zagotavlja svobodo gibanja, zra\u010dnost in urejen videz tudi pri dolgotrajni uporabi.<\/p>\n<h4 data-start=\"515\" data-end=\"540\">Klju\u010dne zna\u010dilnosti<\/h4>\n<p data-start=\"542\" data-end=\"722\"><strong data-start=\"542\" data-end=\"575\">Elasti\u010den in trpe\u017een material<\/strong><br data-start=\"575\" data-end=\"578\" \/>Izdelane so iz kakovostne raztegljive tkanine, ki se prilagodi telesu in omogo\u010da lahkotno gibanje tako na pohodni\u0161kih poteh kot na sprehodih in potovanjih.<\/p>\n<p data-start=\"724\" data-end=\"876\"><strong data-start=\"724\" data-end=\"763\">Vodoodbojna in nezme\u010dkljiva tkanina<\/strong><br data-start=\"763\" data-end=\"766\" \/>Posebna obdelava odbija vodo in prepre\u010duje me\u010dkanje, zato hla\u010de ohranjajo \u010dist, urejen videz v vseh pogojih.<\/p>\n<p data-start=\"878\" data-end=\"1025\"><strong data-start=\"878\" data-end=\"897\">\u017depi z zadrgami<\/strong><br data-start=\"897\" data-end=\"900\" \/>Ve\u010d prakti\u010dnih \u017eepov z zadrgami omogo\u010da varno shranjevanje telefona, klju\u010dev in drugih osebnih predmetov tudi med gibanjem.<\/p>\n<p data-start=\"1027\" data-end=\"1195\"><strong data-start=\"1027\" data-end=\"1062\">Ravne hla\u010dnice in klasi\u010den kroj<\/strong><br data-start=\"1062\" data-end=\"1065\" \/>Zasnova z nekoliko \u0161ir\u0161imi hla\u010dnicami nudi izjemno udobje in brez\u010dasen videz, primeren tako za vsakodnevno rabo kot pohodni\u0161tvo. Za tiste, ki ne marajo oprijetih pohodnih hla\u010d.<\/p>\n<p data-start=\"1197\" data-end=\"1367\"><strong data-start=\"1197\" data-end=\"1229\">Prilagoditev dol\u017eine po meri<\/strong><br data-start=\"1229\" data-end=\"1232\" \/>Vse <strong data-start=\"1236\" data-end=\"1258\">Leny pohodne hla\u010de<\/strong> so nezarobljene \u2013 dol\u017eino vam natan\u010dno prilagodimo glede na va\u0161o postavo, za popolno prileganje in udobje.<\/p>\n<p>Primerne za <strong data-start=\"1386\" data-end=\"1439\">pohode, potovanja in tudi zahtevnej\u0161e gorske poti<\/strong>, kjer \u0161tejeta udobje in zanesljivost.<\/p>\n<p><br data-start=\"1477\" data-end=\"1480\" \/><strong data-start=\"1480\" data-end=\"1545\">Leny LM200M \u2013 <\/strong>ko klasi\u010den videz sre\u010da sodobno funkcionalnost.<\/p>\n","protected":false},"featured_media":13756,"comment_status":"open","ping_status":"closed","template":"","meta":[],"product_brand":[],"product_cat":[99],"product_tag":[],"class_list":{"0":"post-6004","1":"product","2":"type-product","3":"status-publish","4":"has-post-thumbnail","6":"product_cat-pohodne-hlace","8":"first","9":"instock","10":"shipping-taxable","11":"purchasable","12":"product-type-variable","13":"has-default-attributes"},"jetpack_sharing_enabled":true,"_links":{"self":[{"href":"http:\/\/leny.eu\/sl\/wp-json\/wp\/v2\/product\/6004","targetHints":{"allow":["GET"]}}],"collection":[{"href":"http:\/\/leny.eu\/sl\/wp-json\/wp\/v2\/product"}],"about":[{"href":"http:\/\/leny.eu\/sl\/wp-json\/wp\/v2\/types\/product"}],"replies":[{"embeddable":true,"href":"http:\/\/leny.eu\/sl\/wp-json\/wp\/v2\/comments?post=6004"}],"wp:featuredmedia":[{"embeddable":true,"href":"http:\/\/leny.eu\/sl\/wp-json\/wp\/v2\/media\/13756"}],"wp:attachment":[{"href":"http:\/\/leny.eu\/sl\/wp-json\/wp\/v2\/media?parent=6004"}],"wp:term":[{"taxonomy":"product_brand","embeddable":true,"href":"http:\/\/leny.eu\/sl\/wp-json\/wp\/v2\/product_brand?post=6004"},{"taxonomy":"product_cat","embeddable":true,"href":"http:\/\/leny.eu\/sl\/wp-json\/wp\/v2\/product_cat?post=6004"},{"taxonomy":"product_tag","embeddable":true,"href":"http:\/\/leny.eu\/sl\/wp-json\/wp\/v2\/product_tag?post=6004"}],"curies":[{"name":"wp","href":"https:\/\/api.w.org\/{rel}","templated":true}]}}