{"id":8574,"date":"2023-09-22T18:35:48","date_gmt":"2023-09-22T18:35:48","guid":{"rendered":"https:\/\/www.leny.eu\/?post_type=product&#038;p=8574"},"modified":"2024-09-04T07:08:34","modified_gmt":"2024-09-04T07:08:34","slug":"riga-premium","status":"publish","type":"product","link":"http:\/\/leny.eu\/sl\/izdelek\/riga-premium\/","title":{"rendered":"Riga Premium"},"content":{"rendered":"<p><strong>Tip postave:<\/strong>\u00a0vse, tudi mo\u010dnej\u0161e<\/p>\n<p><strong>Lastnosti:<\/strong><\/p>\n<ul>\n<li>Candiani denim, material izjemne kakovosti z malo elastana<\/li>\n<li>Raztegljiv vi\u0161ji pas<\/li>\n<li>Ravne<\/li>\n<li>Elastika v pasu<\/li>\n<li>4 \u017eepi<\/li>\n<li>Aluminijaste zakovice<\/li>\n<li>YKK zadrga<\/li>\n<\/ul>\n<p><strong>Material &amp; nega:<\/strong><\/p>\n<ul>\n<li>Sestava: bomba\u017e 98 % in elastan 2 % (Candiani denim &#8211; EU poreklo)<\/li>\n<li>Pranje na 30\u00a0<sup>o<\/sup>C (navodila za nego so v\u0161ita na etiketi hla\u010d)<\/li>\n<\/ul>\n<p>&nbsp;<\/p>\n<p><strong>Dimenzije:\u00a0<\/strong><\/p>\n<p>Standardne dimenzije Leny hla\u010d si lahko ogledate v tabeli. Za nakup idealnega para hla\u010d priporo\u010damo, da izmerite dimenzije va\u0161ih najljub\u0161ih hla\u010d in v tabeli poi\u0161\u010dete svoje mere. Tako boste zagotovo kupili popolne lenyske zase!<\/p>\n<p><a href=\"http:\/\/leny.eu\/sl\/hlace-po-meri\/\">https:\/\/www.leny.eu\/sl\/hlace-po-meri\/<\/a><\/p>\n","protected":false},"excerpt":{"rendered":"<p><strong>Model Riga Premium<\/strong> je izjemno udoben in vsestranski kos obla\u010dila sedaj iz visokokakovostnega Candiani denima. Z visokim pasom in v\u0161ito elastiko v pasu zagotavlja popolno prileganje in udobje skozi ves dan. Pas je zasnovan tako, da omogo\u010da no\u0161enje dodatnega pasu po va\u0161i izbiri. Ravne hla\u010dnice dodajo pridih elegance, kar naredi te hla\u010de idealne za razli\u010dne prilo\u017enosti \u2013 od slu\u017ebe, spro\u0161\u010denih sprehodov do dru\u017eenja s prijateljicami.<\/p>\n<p>Ta model je zelo priljubljen in nepogre\u0161ljiv v vsaki garderobi.<\/p>\n<p>&nbsp;<\/p>\n<p>KODA: PREMIUM &#8211; Akcijska cena 90,85\u20ac (z DDV)<\/p>\n","protected":false},"featured_media":8534,"comment_status":"open","ping_status":"closed","template":"","meta":[],"product_brand":[],"product_cat":[325],"product_tag":[],"class_list":{"0":"post-8574","1":"product","2":"type-product","3":"status-publish","4":"has-post-thumbnail","6":"product_cat-leny-premium","8":"first","9":"instock","10":"taxable","11":"shipping-taxable","12":"purchasable","13":"product-type-variable"},"jetpack_sharing_enabled":true,"_links":{"self":[{"href":"http:\/\/leny.eu\/sl\/wp-json\/wp\/v2\/product\/8574","targetHints":{"allow":["GET"]}}],"collection":[{"href":"http:\/\/leny.eu\/sl\/wp-json\/wp\/v2\/product"}],"about":[{"href":"http:\/\/leny.eu\/sl\/wp-json\/wp\/v2\/types\/product"}],"replies":[{"embeddable":true,"href":"http:\/\/leny.eu\/sl\/wp-json\/wp\/v2\/comments?post=8574"}],"wp:featuredmedia":[{"embeddable":true,"href":"http:\/\/leny.eu\/sl\/wp-json\/wp\/v2\/media\/8534"}],"wp:attachment":[{"href":"http:\/\/leny.eu\/sl\/wp-json\/wp\/v2\/media?parent=8574"}],"wp:term":[{"taxonomy":"product_brand","embeddable":true,"href":"http:\/\/leny.eu\/sl\/wp-json\/wp\/v2\/product_brand?post=8574"},{"taxonomy":"product_cat","embeddable":true,"href":"http:\/\/leny.eu\/sl\/wp-json\/wp\/v2\/product_cat?post=8574"},{"taxonomy":"product_tag","embeddable":true,"href":"http:\/\/leny.eu\/sl\/wp-json\/wp\/v2\/product_tag?post=8574"}],"curies":[{"name":"wp","href":"https:\/\/api.w.org\/{rel}","templated":true}]}}