{"id":8591,"date":"2023-09-22T18:52:05","date_gmt":"2023-09-22T18:52:05","guid":{"rendered":"https:\/\/www.leny.eu\/?post_type=product&#038;p=8591"},"modified":"2026-02-17T07:17:29","modified_gmt":"2026-02-17T07:17:29","slug":"jure-premium","status":"publish","type":"product","link":"http:\/\/leny.eu\/sl\/izdelek\/jure-premium\/","title":{"rendered":"Jure Premium"},"content":{"rendered":"<p><strong>Tip postave:<\/strong>\u00a0vse<\/p>\n<p><strong>Lastnosti:<\/strong><\/p>\n<ul>\n<li>Vrhunski italianski denim Candiani, rahlo elasti\u010den za najve\u010dje udobje<\/li>\n<li>Klasi\u010dni kroj s povi\u0161anim pasom zagotavlja, da hla\u010de ostanejo na svojem mestu tudi ob gibanju<\/li>\n<li>Ravne hla\u010dnice, ki so \u0161ir\u0161e v stegnih<\/li>\n<\/ul>\n<p><strong>Ostale podrobnosti:<\/strong><\/p>\n<ul>\n<li>5 \u017eepov<\/li>\n<li>Zakovice aluminij<\/li>\n<li>YKK<\/li>\n<\/ul>\n<p><strong>Material &amp; nega:<\/strong><\/p>\n<ul>\n<li>Sestava: 98 % bomba\u017e in 2 % elastan, Candiani denim &#8211; izdelan v EU<\/li>\n<li>Pranje na 30 oC (navodila za nego so v\u0161ita na etiketi hla\u010d)<\/li>\n<li>dejanska barva izdelka se lahko minimalno razlikuje od slike izdelka<\/li>\n<\/ul>\n<p><strong>Dimenzije:\u00a0<\/strong><\/p>\n<p>Standardne dimenzije Leny hla\u010d si lahko ogledate v tabeli. Za nakup idealnega para hla\u010d priporo\u010damo, da izmerite dimenzije va\u0161ih najljub\u0161ih hla\u010d in v tabeli poi\u0161\u010dete svoje mere. Tako boste zagotovo kupili popolne lenyske zase!<\/p>\n<p>&nbsp;<\/p>\n<blockquote class=\"wp-embedded-content\" data-secret=\"VFnVqb2yE0\"><p><a href=\"https:\/\/www.leny.eu\/sl\/hlace-po-meri\/\">Hla\u010de po meri<\/a><\/p><\/blockquote>\n<p><iframe loading=\"lazy\" class=\"wp-embedded-content\" sandbox=\"allow-scripts\" security=\"restricted\" style=\"position: absolute; visibility: hidden;\" title=\"&#8220;Hla\u010de po meri&#8221; &#8212; Leny\" src=\"https:\/\/www.leny.eu\/sl\/hlace-po-meri\/embed\/#?secret=6T2GFPcslt#?secret=VFnVqb2yE0\" data-secret=\"VFnVqb2yE0\" width=\"600\" height=\"338\" frameborder=\"0\" marginwidth=\"0\" marginheight=\"0\" scrolling=\"no\"><\/iframe><\/p>\n","protected":false},"excerpt":{"rendered":"<p>Model Jure, najbolje prodajani model hla\u010d Leny, zdaj na voljo tudi v premium jeansu. \u010ce prisegate na ve\u010dno klasiko v sodobni preobleki, so prava izbira za vas. Vi\u0161ji pas, ki je zadaj povi\u0161an zagotavlja, da hla\u010de ostanejo na mestu, tudi ko se pripognete. Skrivnost uspeha se skriva v dovr\u0161enih detajlih in vrhunskem materialu, ki vam nudi udobje in eleganco skozi ves dan.<\/p>\n<p>Izberite Jure premium in izkusite preplet tradicije in sodobnosti v enem kosu obla\u010dila.<\/p>\n<p>&nbsp;<\/p>\n<p>KODA: PREMIUM &#8211; Akcijska cena 90,85\u20ac (z DDV)<\/p>\n","protected":false},"featured_media":8592,"comment_status":"open","ping_status":"closed","template":"","meta":[],"product_brand":[],"product_cat":[325],"product_tag":[],"class_list":{"0":"post-8591","1":"product","2":"type-product","3":"status-publish","4":"has-post-thumbnail","6":"product_cat-leny-premium","8":"first","9":"instock","10":"taxable","11":"shipping-taxable","12":"purchasable","13":"product-type-variable"},"jetpack_sharing_enabled":true,"_links":{"self":[{"href":"http:\/\/leny.eu\/sl\/wp-json\/wp\/v2\/product\/8591","targetHints":{"allow":["GET"]}}],"collection":[{"href":"http:\/\/leny.eu\/sl\/wp-json\/wp\/v2\/product"}],"about":[{"href":"http:\/\/leny.eu\/sl\/wp-json\/wp\/v2\/types\/product"}],"replies":[{"embeddable":true,"href":"http:\/\/leny.eu\/sl\/wp-json\/wp\/v2\/comments?post=8591"}],"wp:featuredmedia":[{"embeddable":true,"href":"http:\/\/leny.eu\/sl\/wp-json\/wp\/v2\/media\/8592"}],"wp:attachment":[{"href":"http:\/\/leny.eu\/sl\/wp-json\/wp\/v2\/media?parent=8591"}],"wp:term":[{"taxonomy":"product_brand","embeddable":true,"href":"http:\/\/leny.eu\/sl\/wp-json\/wp\/v2\/product_brand?post=8591"},{"taxonomy":"product_cat","embeddable":true,"href":"http:\/\/leny.eu\/sl\/wp-json\/wp\/v2\/product_cat?post=8591"},{"taxonomy":"product_tag","embeddable":true,"href":"http:\/\/leny.eu\/sl\/wp-json\/wp\/v2\/product_tag?post=8591"}],"curies":[{"name":"wp","href":"https:\/\/api.w.org\/{rel}","templated":true}]}}