{"id":9107,"date":"2023-11-09T17:59:48","date_gmt":"2023-11-09T17:59:48","guid":{"rendered":"https:\/\/www.leny.eu\/?post_type=product&#038;p=9107"},"modified":"2024-09-02T06:01:17","modified_gmt":"2024-09-02T06:01:17","slug":"jure-premium-100-bombaz","status":"publish","type":"product","link":"http:\/\/leny.eu\/sl\/izdelek\/jure-premium-100-bombaz\/","title":{"rendered":"Jure Premium 100% bomba\u017e"},"content":{"rendered":"<p><strong>Tip postave:<\/strong>\u00a0vse<\/p>\n<p><strong>Lastnosti:<\/strong><\/p>\n<ul>\n<li>Vrhunski italianski denim Candiani, 100% bomba\u017e<\/li>\n<li>Klasi\u010dni kroj s povi\u0161anim pasom zagotavlja, da hla\u010de ostanejo na svojem mestu tudi ob gibanju<\/li>\n<li>Ravne hla\u010dnice, ki so \u0161ir\u0161e v stegnih<\/li>\n<\/ul>\n<p><strong>Ostale podrobnosti:<\/strong><\/p>\n<ul>\n<li>5 \u017eepov<\/li>\n<li>Zakovice aluminij<\/li>\n<li>YKK<\/li>\n<\/ul>\n<p><strong>Material &amp; nega:<\/strong><\/p>\n<ul>\n<li>Sestava: 100% bomba\u017e, Candiani denim \u2013 izdelan v EU<\/li>\n<li>Pranje na 30 oC (navodila za nego so v\u0161ita na etiketi hla\u010d)<\/li>\n<li>dejanska barva izdelka se lahko minimalno razlikuje od slike izdelka<\/li>\n<\/ul>\n<p><strong>Dimenzije:\u00a0<\/strong><\/p>\n<p>Standardne dimenzije Leny hla\u010d si lahko ogledate v tabeli. Za nakup idealnega para hla\u010d priporo\u010damo, da izmerite dimenzije va\u0161ih najljub\u0161ih hla\u010d in v tabeli poi\u0161\u010dete svoje mere. Tako boste zagotovo kupili popolne lenyske zase!<\/p>\n<p>&nbsp;<\/p>\n<blockquote class=\"wp-embedded-content\" data-secret=\"zIiRgWxnA2\"><p><a href=\"https:\/\/www.leny.eu\/sl\/hlace-po-meri\/\">Hla\u010de po meri<\/a><\/p><\/blockquote>\n<p><iframe loading=\"lazy\" class=\"wp-embedded-content\" sandbox=\"allow-scripts\" security=\"restricted\" style=\"position: absolute; visibility: hidden;\" title=\"&#8220;Hla\u010de po meri&#8221; &#8212; Leny\" src=\"https:\/\/www.leny.eu\/sl\/hlace-po-meri\/embed\/#?secret=UeqWZ3npuP#?secret=zIiRgWxnA2\" data-secret=\"zIiRgWxnA2\" width=\"600\" height=\"338\" frameborder=\"0\" marginwidth=\"0\" marginheight=\"0\" scrolling=\"no\"><\/iframe><\/p>\n<p>&nbsp;<\/p>\n","protected":false},"excerpt":{"rendered":"<p>Odkrijte najbolj prodajani model hla\u010d Jure, v vrhunskem premium jeansu iz 100% bomba\u017ea \u2013 popolnoma brez elastana. \u010ce prisegate na brez\u010dasno klasiko, vendar \u017eelite nekaj sodobnega, so te hla\u010de prava izbira za vas.<\/p>\n<p>Zasnovane so z mislijo na va\u0161o udobje: srednje visok in zadaj povi\u0161an pas zagotavlja, da hla\u010de ostanejo na mestu, tudi ko se pripognete. Preplet elegance in trpe\u017enosti, ki ga ponuja ta brezkompromisni material, je popoln za tiste, ki cenijo kakovost in stil. Vsak detajl je skrbno premi\u0161ljen, da se boste v teh hla\u010dah po\u010dutili samozavestno in modno.<\/p>\n<p>&nbsp;<\/p>\n<p>&nbsp;<\/p>\n","protected":false},"featured_media":9124,"comment_status":"open","ping_status":"closed","template":"","meta":[],"product_brand":[],"product_cat":[325],"product_tag":[],"class_list":{"0":"post-9107","1":"product","2":"type-product","3":"status-publish","4":"has-post-thumbnail","6":"product_cat-leny-premium","8":"first","9":"instock","10":"taxable","11":"shipping-taxable","12":"purchasable","13":"product-type-variable"},"jetpack_sharing_enabled":true,"_links":{"self":[{"href":"http:\/\/leny.eu\/sl\/wp-json\/wp\/v2\/product\/9107","targetHints":{"allow":["GET"]}}],"collection":[{"href":"http:\/\/leny.eu\/sl\/wp-json\/wp\/v2\/product"}],"about":[{"href":"http:\/\/leny.eu\/sl\/wp-json\/wp\/v2\/types\/product"}],"replies":[{"embeddable":true,"href":"http:\/\/leny.eu\/sl\/wp-json\/wp\/v2\/comments?post=9107"}],"wp:featuredmedia":[{"embeddable":true,"href":"http:\/\/leny.eu\/sl\/wp-json\/wp\/v2\/media\/9124"}],"wp:attachment":[{"href":"http:\/\/leny.eu\/sl\/wp-json\/wp\/v2\/media?parent=9107"}],"wp:term":[{"taxonomy":"product_brand","embeddable":true,"href":"http:\/\/leny.eu\/sl\/wp-json\/wp\/v2\/product_brand?post=9107"},{"taxonomy":"product_cat","embeddable":true,"href":"http:\/\/leny.eu\/sl\/wp-json\/wp\/v2\/product_cat?post=9107"},{"taxonomy":"product_tag","embeddable":true,"href":"http:\/\/leny.eu\/sl\/wp-json\/wp\/v2\/product_tag?post=9107"}],"curies":[{"name":"wp","href":"https:\/\/api.w.org\/{rel}","templated":true}]}}