{"id":920,"date":"2023-03-23T12:12:59","date_gmt":"2023-03-23T12:12:59","guid":{"rendered":"https:\/\/leny.april8.org\/?post_type=product&#038;p=920"},"modified":"2026-01-08T13:56:04","modified_gmt":"2026-01-08T13:56:04","slug":"frenk","status":"publish","type":"product","link":"http:\/\/leny.eu\/sl\/izdelek\/frenk\/","title":{"rendered":"FRENK"},"content":{"rendered":"<p><strong>Tip postave:<\/strong> vse, tiste, ki imate radi \u0161ir\u0161e in udobne hla\u010de<\/p>\n<p><strong>Lastnosti: <\/strong><\/p>\n<ul>\n<li>Mehak stretch material<\/li>\n<li>Vi\u0161ji raztegljiv pas z v\u0161ito elastiko in pasovnicami za pas<\/li>\n<li>Ravne hla\u010dnice,<\/li>\n<li>6 \u017eepov (sprednja po\u0161evna, 2 stranska, 2 zadnja)<\/li>\n<li>YKK zadrga in gumb.<\/li>\n<\/ul>\n<p><strong>Material &amp; nega: <\/strong><\/p>\n<ul>\n<li>\u00a0Sestava: 98 % bomba\u017e in 2 % elastan, (material in barva se lahko razlikuje glede na serijo izdelave)<\/li>\n<li>Pranje na 30 <sup>o<\/sup>C (navodila za nego so v\u0161ita na etiketi hla\u010d)<\/li>\n<\/ul>\n<p>&nbsp;<\/p>\n<p><strong>Dimenzije:\u00a0<\/strong><\/p>\n<p>Standardne dimenzije Leny hla\u010d si lahko ogledate v tabeli. Za nakup idealnega para hla\u010d priporo\u010damo, da izmerite dimenzije va\u0161ih najljub\u0161ih hla\u010d in v tabeli poi\u0161\u010dete svoje mere. Tako boste zagotovo kupili popolne lenyske zase!<\/p>\n<blockquote class=\"wp-embedded-content\" data-secret=\"wav2NLFnTG\"><p><a href=\"https:\/\/www.leny.eu\/sl\/hlace-po-meri\/\">Hla\u010de po meri<\/a><\/p><\/blockquote>\n<p><iframe loading=\"lazy\" class=\"wp-embedded-content\" sandbox=\"allow-scripts\" security=\"restricted\" style=\"position: absolute; visibility: hidden;\" title=\"&#8220;Hla\u010de po meri&#8221; &#8212; Leny\" src=\"https:\/\/www.leny.eu\/sl\/hlace-po-meri\/embed\/#?secret=GNQzm2UIHw#?secret=wav2NLFnTG\" data-secret=\"wav2NLFnTG\" width=\"600\" height=\"338\" frameborder=\"0\" marginwidth=\"0\" marginheight=\"0\" scrolling=\"no\"><\/iframe><\/p>\n","protected":false},"excerpt":{"rendered":"<p><strong>Model Frenk<\/strong>, \u0161ir\u0161i Cargo model, je sinonim za prakti\u010dnost in udobje. Opremljen z dodatnimi \u017eepi na hla\u010dnicah, kjer se vedno najde prostor za vse, kar potrebujete \u2013 od ban\u010dne kartice in telefona do izvija\u010da in malice.<\/p>\n<p>S \u0161ir\u0161imi hla\u010dnicami, elastiko v pasu in vi\u0161jim pasom zagotavlja udobno prileganje in fleksibilnost. Idealen je za uporabo doma, na potovanjih ali pri slu\u017ebenih nalogah.<\/p>\n<p>V prodajalni je na voljo ve\u010dja izbira materalov in barv, kot je predstavljena na tej strani.<\/p>\n","protected":false},"featured_media":14603,"comment_status":"open","ping_status":"closed","template":"","meta":[],"product_brand":[],"product_cat":[96],"product_tag":[],"class_list":{"0":"post-920","1":"product","2":"type-product","3":"status-publish","4":"has-post-thumbnail","6":"product_cat-moski-modeli","8":"first","9":"instock","10":"shipping-taxable","11":"purchasable","12":"product-type-variable","13":"has-default-attributes"},"jetpack_sharing_enabled":true,"_links":{"self":[{"href":"http:\/\/leny.eu\/sl\/wp-json\/wp\/v2\/product\/920","targetHints":{"allow":["GET"]}}],"collection":[{"href":"http:\/\/leny.eu\/sl\/wp-json\/wp\/v2\/product"}],"about":[{"href":"http:\/\/leny.eu\/sl\/wp-json\/wp\/v2\/types\/product"}],"replies":[{"embeddable":true,"href":"http:\/\/leny.eu\/sl\/wp-json\/wp\/v2\/comments?post=920"}],"wp:featuredmedia":[{"embeddable":true,"href":"http:\/\/leny.eu\/sl\/wp-json\/wp\/v2\/media\/14603"}],"wp:attachment":[{"href":"http:\/\/leny.eu\/sl\/wp-json\/wp\/v2\/media?parent=920"}],"wp:term":[{"taxonomy":"product_brand","embeddable":true,"href":"http:\/\/leny.eu\/sl\/wp-json\/wp\/v2\/product_brand?post=920"},{"taxonomy":"product_cat","embeddable":true,"href":"http:\/\/leny.eu\/sl\/wp-json\/wp\/v2\/product_cat?post=920"},{"taxonomy":"product_tag","embeddable":true,"href":"http:\/\/leny.eu\/sl\/wp-json\/wp\/v2\/product_tag?post=920"}],"curies":[{"name":"wp","href":"https:\/\/api.w.org\/{rel}","templated":true}]}}