{"id":923,"date":"2023-03-23T12:24:38","date_gmt":"2023-03-23T12:24:38","guid":{"rendered":"https:\/\/leny.april8.org\/?post_type=product&#038;p=923"},"modified":"2025-01-07T07:21:35","modified_gmt":"2025-01-07T07:21:35","slug":"moskva","status":"publish","type":"product","link":"http:\/\/leny.eu\/sl\/izdelek\/moskva\/","title":{"rendered":"MOSKVA"},"content":{"rendered":"<p><strong>Tip postave<\/strong>: vse, tiste s dalj\u0161imi nogami<\/p>\n<p><strong>Lastnosti:<\/strong><\/p>\n<ul>\n<li>Mehak stretch jeans, na voljo v ve\u010d odtenkih<\/li>\n<li>Srednje visok pas<\/li>\n<li>Zo\u017eene hla\u010dnice<\/li>\n<li>5 \u017eepov<\/li>\n<li>Aluminijaste zakovice<\/li>\n<li>YKK zadrga<\/li>\n<\/ul>\n<p><strong>Material &amp; nega:<\/strong><\/p>\n<ul>\n<li>Sestava: bomba\u017e 98 % in elastan 2 % (sestava tkanine lahko variira, to\u010dno sestavo najdete na v\u0161itku hla\u010d)<\/li>\n<li>Pranje na 30 <sup>o<\/sup>C (navodila za nego so v\u0161ita na etiketi hla\u010d)<\/li>\n<\/ul>\n<p>&nbsp;<\/p>\n<p><strong>Dimenzije:\u00a0<\/strong><\/p>\n<p>Standardne dimenzije Leny hla\u010d si lahko ogledate v tabeli. Za nakup idealnega para hla\u010d priporo\u010damo, da izmerite dimenzije va\u0161ih najljub\u0161ih hla\u010d in v tabeli poi\u0161\u010dete svoje mere. Tako boste zagotovo kupili popolne lenyske zase!<\/p>\n<blockquote class=\"wp-embedded-content\" data-secret=\"4x3K4qjcRf\"><p><a href=\"https:\/\/www.leny.eu\/sl\/hlace-po-meri\/\">Hla\u010de po meri<\/a><\/p><\/blockquote>\n<p><iframe loading=\"lazy\" class=\"wp-embedded-content\" sandbox=\"allow-scripts\" security=\"restricted\" style=\"position: absolute; visibility: hidden;\" title=\"&#8220;Hla\u010de po meri&#8221; &#8212; Leny\" src=\"https:\/\/www.leny.eu\/sl\/hlace-po-meri\/embed\/#?secret=EIRi8zSFKV#?secret=4x3K4qjcRf\" data-secret=\"4x3K4qjcRf\" width=\"600\" height=\"338\" frameborder=\"0\" marginwidth=\"0\" marginheight=\"0\" scrolling=\"no\"><\/iframe><\/p>\n","protected":false},"excerpt":{"rendered":"<p><strong>Model Moskva<\/strong> predstavlja sodobno interpretacijo klasi\u010dnega stila. Idealen je za vse, ki cenite brez\u010dasno eleganco, hkrati pa \u017eelite ostati v koraku z najnovej\u0161imi trendi. Srednje visok pas, ki se zadaj rahlo povi\u0161a, zagotavlja udobje in varnost pri vsakem gibu.<\/p>\n<p>Zo\u017eane hla\u010dnice se odli\u010dno prilegajo, poudarjajo silhueto in laskajo tudi vitkim nogam.<\/p>\n<p>Izberite <strong>Model Moskva<\/strong> za popoln preplet klasike in moderne elegance.<\/p>\n<p>V prodajalni je na voljo ve\u010dja izbira materalov in barv, kot je predstavljena na tej strani.<\/p>\n","protected":false},"featured_media":8120,"comment_status":"open","ping_status":"closed","template":"","meta":[],"product_brand":[],"product_cat":[97],"product_tag":[],"class_list":{"0":"post-923","1":"product","2":"type-product","3":"status-publish","4":"has-post-thumbnail","6":"product_cat-zenski-modeli","8":"first","9":"instock","10":"shipping-taxable","11":"purchasable","12":"product-type-variable","13":"has-default-attributes"},"jetpack_sharing_enabled":true,"_links":{"self":[{"href":"http:\/\/leny.eu\/sl\/wp-json\/wp\/v2\/product\/923","targetHints":{"allow":["GET"]}}],"collection":[{"href":"http:\/\/leny.eu\/sl\/wp-json\/wp\/v2\/product"}],"about":[{"href":"http:\/\/leny.eu\/sl\/wp-json\/wp\/v2\/types\/product"}],"replies":[{"embeddable":true,"href":"http:\/\/leny.eu\/sl\/wp-json\/wp\/v2\/comments?post=923"}],"wp:featuredmedia":[{"embeddable":true,"href":"http:\/\/leny.eu\/sl\/wp-json\/wp\/v2\/media\/8120"}],"wp:attachment":[{"href":"http:\/\/leny.eu\/sl\/wp-json\/wp\/v2\/media?parent=923"}],"wp:term":[{"taxonomy":"product_brand","embeddable":true,"href":"http:\/\/leny.eu\/sl\/wp-json\/wp\/v2\/product_brand?post=923"},{"taxonomy":"product_cat","embeddable":true,"href":"http:\/\/leny.eu\/sl\/wp-json\/wp\/v2\/product_cat?post=923"},{"taxonomy":"product_tag","embeddable":true,"href":"http:\/\/leny.eu\/sl\/wp-json\/wp\/v2\/product_tag?post=923"}],"curies":[{"name":"wp","href":"https:\/\/api.w.org\/{rel}","templated":true}]}}